{"id":42748,"date":"2023-03-09T18:19:19","date_gmt":"2023-03-09T11:19:19","guid":{"rendered":"https:\/\/mouldking.store\/shop\/panlosbrick-890005-rilakkuma-polar-bear-fanfen-with-148-pieces\/"},"modified":"2023-03-09T18:19:19","modified_gmt":"2023-03-09T11:19:19","slug":"panlosbrick-890005-rilakkuma-polar-bear-fanfen-with-148-pieces","status":"publish","type":"product","link":"https:\/\/mouldking.store\/hu\/shop\/panlosbrick-890005-rilakkuma-polar-bear-fanfen-with-148-pieces\/","title":{"rendered":"PANLOSBRICK 890005 Rilakkuma: Jegesmedve-Fanfen 148 darabbal"},"content":{"rendered":"<div>\u2705 Inbrixx 890005 Rilakkuma: Jegesmedve-Fanfen<br \/>&nbsp;<br \/>\u2705Rilakkuma: A Polar Bear-Fenfen az \u00e9p\u00edt\u0151kocka k\u00e9szletek t\u00e9masorozat\u00e1hoz tartozik, \u00e9s a teljes k\u00e9szlet 148 \u00e9p\u00edt\u0151elem r\u00e9szecsk\u00e9t tartalmaz. Els\u0151 megjelen\u00e9s 2023.<br \/>&nbsp;<br \/>\ud83d\udeab FONTOS!&nbsp;<br \/>&nbsp;<br \/>Term\u00e9k neve: Rilakkuma: Jegesmedve-Fanfen<br \/>&nbsp;<br \/>Kateg\u00f3ria: Alkot\u00f3&nbsp;<br \/>&nbsp;<br \/>A k\u00e9szlet tartalma: Inbrixx 890005<br \/>&nbsp;<br \/>148 db J\u00f3 min\u0151s\u00e9g\u0171 t\u00e9gla&nbsp;<br \/>&nbsp;<br \/>M\u00e9rete: 6,7 \u00d7 5,9 \u00d7 9,6 cm&nbsp;<br \/>&nbsp;<br \/>K\u00e9zi utas\u00edt\u00e1sok&nbsp;<br \/>&nbsp;<br \/>\ud83d\udcccA f\u0151szerepl\u0151 term\u00e9szete&nbsp;<br \/>&nbsp;<br \/>Bemutatjuk b\u00fcszke kollekci\u00f3nkat, a \u201eRilakkuma: Polar Bear-Fanfen\u201d n\u00e9vre keresztelt kollekci\u00f3nkat, amit \u00e9rdemes kihagyni.&nbsp;<br \/>&nbsp;<br \/>Rilakkuma egy n\u00e9pszer\u0171 karakter Jap\u00e1nban, a San-X alkotta meg 2003-ban. Rilakkuma egy aranyos, b\u00faj\u00f3s mack\u00f3, aki szeret laz\u00edtani \u00e9s laz\u00edtani. Gyakran \u00e1br\u00e1zolj\u00e1k \u00e1csorogva, kedvenc \u00e9teleit \u00e9lvezve, vagy bar\u00e1taival, Korilakkum\u00e1val (egy kisebb, feh\u00e9r maci) \u00e9s Kiiroitorival (s\u00e1rga mad\u00e1r, aki h\u00e1zvezet\u0151n\u0151k\u00e9nt dolgozik) t\u00f6lti az id\u0151t.<\/div>","protected":false},"excerpt":{"rendered":"<p>M\u00e1rka: PANLOSBRICK<br \/>\nNem: Uniszex<br \/>\nKoroszt\u00e1ly: &gt; 6 \u00e9v<br \/>\nModellsz\u00e1m: 890005<br \/>\nBesorol\u00e1s: \u00d6sszeszerel\u00e9s<br \/>\nM\u0171anyag blokk forma: \u00f6nz\u00e1r\u00f3 t\u00e9gla<br \/>\nAnyaga: M\u0171anyag<br \/>\nM\u0171anyag t\u00edpus: ABS<br \/>\nT\u00e9gla blokkok: 148+<br \/>\nEl\u0151v\u00e9tel<\/p>","protected":false},"featured_media":42747,"comment_status":"open","ping_status":"closed","template":"","meta":{"_acf_changed":false},"product_cat":[1365,371],"product_tag":[11072,8452,11504],"class_list":["product","first","instock","shipping-taxable","purchasable","product-type-simple"],"acf":[],"_links":{"self":[{"href":"https:\/\/mouldking.store\/hu\/wp-json\/wp\/v2\/product\/42748","targetHints":{"allow":["GET"]}}],"collection":[{"href":"https:\/\/mouldking.store\/hu\/wp-json\/wp\/v2\/product"}],"about":[{"href":"https:\/\/mouldking.store\/hu\/wp-json\/wp\/v2\/types\/product"}],"replies":[{"embeddable":true,"href":"https:\/\/mouldking.store\/hu\/wp-json\/wp\/v2\/comments?post=42748"}],"wp:featuredmedia":[{"embeddable":true,"href":"https:\/\/mouldking.store\/hu\/wp-json\/wp\/v2\/media\/42747"}],"wp:attachment":[{"href":"https:\/\/mouldking.store\/hu\/wp-json\/wp\/v2\/media?parent=42748"}],"wp:term":[{"taxonomy":"product_cat","embeddable":true,"href":"https:\/\/mouldking.store\/hu\/wp-json\/wp\/v2\/product_cat?post=42748"},{"taxonomy":"product_tag","embeddable":true,"href":"https:\/\/mouldking.store\/hu\/wp-json\/wp\/v2\/product_tag?post=42748"}],"curies":[{"name":"wp","href":"https:\/\/api.w.org\/{rel}","templated":true}]}}