{"id":42750,"date":"2023-03-09T18:24:49","date_gmt":"2023-03-09T11:24:49","guid":{"rendered":"https:\/\/mouldking.store\/shop\/panlosbrick-890004-rilakkuma-rilakkuma-yellow-with-174-pieces\/"},"modified":"2023-03-09T18:24:49","modified_gmt":"2023-03-09T11:24:49","slug":"panlosbrick-890004-rilakkuma-rilakkuma-yellow-with-174-pieces","status":"publish","type":"product","link":"https:\/\/mouldking.store\/hu\/shop\/panlosbrick-890004-rilakkuma-rilakkuma-yellow-with-174-pieces\/","title":{"rendered":"PANLOSBRICK 890004 Rilakkuma: Rilakkuma-s\u00e1rga 174 darabbal"},"content":{"rendered":"<div>\u2705 Inbrixx 890004 Rilakkuma: Rilakkuma-Yellow<br \/>&nbsp;<br \/>\u2705Rilakkuma is a popular character in Japan created by San-X in 2003. Rilakkuma is a cute, cuddly teddy bear who loves to relax and take it easy. He is often depicted lounging around, enjoying his favorite foods, or spending time with his friends Korilakkuma (a smaller, white teddy bear) and Kiiroitori (a yellow bird who works as a housekeeper).<br \/>&nbsp;<br \/>\ud83d\udeab FONTOS!&nbsp;<br \/>&nbsp;<br \/>Product Name: Rilakkuma: Rilakkuma-Yellow<br \/>&nbsp;<br \/>Kateg\u00f3ria: Alkot\u00f3&nbsp;<br \/>&nbsp;<br \/>This Kit Contains: Inbrixx 890004<br \/>&nbsp;<br \/>174 pcs Good Quality Bricks&nbsp;<br \/>&nbsp;<br \/>Size: 6.7 \u00d7 6.2 \u00d7 9.6 cm<br \/>&nbsp;<br \/>K\u00e9zi utas\u00edt\u00e1sok&nbsp;<br \/>&nbsp;<br \/>\ud83d\udcccA f\u0151szerepl\u0151 term\u00e9szete&nbsp;<br \/>&nbsp;<br \/>Introducing our proud collection named \u201cRilakkuma: Rilakkuma-Yellow\u201d you should not miss.&nbsp;<br \/>&nbsp;<br \/>Kiiroitori is often seen wearing a cute yellow apron and is known for his hardworking and responsible nature. However, Rilakkuma himself is typically depicted in a light brown color, with a white belly, black eyes, and a red button on his chest.<\/div>","protected":false},"excerpt":{"rendered":"<p>M\u00e1rka: PANLOSBRICK<br \/>\nNem: Uniszex<br \/>\nKoroszt\u00e1ly: &gt; 6 \u00e9v<br \/>\nModel Number: 890004<br \/>\nBesorol\u00e1s: \u00d6sszeszerel\u00e9s<br \/>\nM\u0171anyag blokk forma: \u00f6nz\u00e1r\u00f3 t\u00e9gla<br \/>\nAnyaga: M\u0171anyag<br \/>\nM\u0171anyag t\u00edpus: ABS<br \/>\nBricks Blocks: 174 +<br \/>\nEl\u0151v\u00e9tel<\/p>","protected":false},"featured_media":42749,"comment_status":"open","ping_status":"closed","template":"","meta":{"_acf_changed":false},"product_cat":[1365,371],"product_tag":[11085,11072,8452,11505],"class_list":["product","first","instock","shipping-taxable","purchasable","product-type-simple"],"acf":[],"_links":{"self":[{"href":"https:\/\/mouldking.store\/hu\/wp-json\/wp\/v2\/product\/42750","targetHints":{"allow":["GET"]}}],"collection":[{"href":"https:\/\/mouldking.store\/hu\/wp-json\/wp\/v2\/product"}],"about":[{"href":"https:\/\/mouldking.store\/hu\/wp-json\/wp\/v2\/types\/product"}],"replies":[{"embeddable":true,"href":"https:\/\/mouldking.store\/hu\/wp-json\/wp\/v2\/comments?post=42750"}],"wp:featuredmedia":[{"embeddable":true,"href":"https:\/\/mouldking.store\/hu\/wp-json\/wp\/v2\/media\/42749"}],"wp:attachment":[{"href":"https:\/\/mouldking.store\/hu\/wp-json\/wp\/v2\/media?parent=42750"}],"wp:term":[{"taxonomy":"product_cat","embeddable":true,"href":"https:\/\/mouldking.store\/hu\/wp-json\/wp\/v2\/product_cat?post=42750"},{"taxonomy":"product_tag","embeddable":true,"href":"https:\/\/mouldking.store\/hu\/wp-json\/wp\/v2\/product_tag?post=42750"}],"curies":[{"name":"wp","href":"https:\/\/api.w.org\/{rel}","templated":true}]}}