{"id":42752,"date":"2023-03-09T18:31:16","date_gmt":"2023-03-09T11:31:16","guid":{"rendered":"https:\/\/mouldking.store\/shop\/panlosbrick-890003-rilakkuma-little-yellow-chicken-green-green-with-148-pieces\/"},"modified":"2023-03-09T18:31:16","modified_gmt":"2023-03-09T11:31:16","slug":"panlosbrick-890003-rilakkuma-little-yellow-chicken-green-green-with-148-pieces","status":"publish","type":"product","link":"https:\/\/mouldking.store\/hu\/shop\/panlosbrick-890003-rilakkuma-little-yellow-chicken-green-green-with-148-pieces\/","title":{"rendered":"PANLOSBRICK 890003 Rilakkuma: Kis s\u00e1rga csirke-z\u00f6ld z\u00f6ld 148 darabbal"},"content":{"rendered":"<div>\u2705Inbrixx 890003 Rilakkuma: Little Yellow Chicken-Green Green<br \/>&nbsp;<br \/>\u2705Rilakkuma is a character created by San-X in 2003, and he is a cute and cuddly teddy bear who loves to relax and take it easy. However, in addition to Rilakkuma, the San-X franchise also includes other characters, such as Kiiroitori, a yellow bird who works as a housekeeper, and Korilakkuma, a smaller, white teddy bear who is Rilakkuma&#8217;s friend.<br \/>&nbsp;<br \/>\ud83d\udeab FONTOS!&nbsp;<br \/>&nbsp;<br \/>Product Name: Rilakkuma: Little Yellow Chicken-Green Green<br \/>&nbsp;<br \/>Kateg\u00f3ria: Alkot\u00f3&nbsp;<br \/>&nbsp;<br \/>This Kit Contains: Inbrixx 890003<br \/>&nbsp;<br \/>148&nbsp; pcs Good Quality Bricks&nbsp;<br \/>&nbsp;<br \/>Size: 6.6 \u00d7 6.1 \u00d7 7.7 cm<br \/>&nbsp;<br \/>K\u00e9zi utas\u00edt\u00e1sok&nbsp;<br \/>&nbsp;<br \/>\ud83d\udcccA f\u0151szerepl\u0151 term\u00e9szete&nbsp;<br \/>&nbsp;<br \/>Introducing our proud collection named \u201cRilakkuma: Little Yellow Chicken-Green Green\u201d you should not miss.&nbsp;<br \/>&nbsp;<br \/>Kiiroitori is often depicted as a small, cute yellow bird. Kiiroitori is known for his hardworking and responsible nature and is often seen wearing a cute yellow apron. He is a popular character in the San-X franchise and has appeared in various merchandise, including plush toys, stationery, and other items.<\/div>","protected":false},"excerpt":{"rendered":"<p>M\u00e1rka: PANLOSBRICK<br \/>\nNem: Uniszex<br \/>\nKoroszt\u00e1ly: &gt; 6 \u00e9v<br \/>\nModel Number: 890003<br \/>\nBesorol\u00e1s: \u00d6sszeszerel\u00e9s<br \/>\nM\u0171anyag blokk forma: \u00f6nz\u00e1r\u00f3 t\u00e9gla<br \/>\nAnyaga: M\u0171anyag<br \/>\nM\u0171anyag t\u00edpus: ABS<br \/>\nT\u00e9gla blokkok: 148+<br \/>\nEl\u0151v\u00e9tel<\/p>","protected":false},"featured_media":42751,"comment_status":"open","ping_status":"closed","template":"","meta":{"_acf_changed":false},"product_cat":[1365,371],"product_tag":[11503,11072,8452,11505],"class_list":["product","first","instock","shipping-taxable","purchasable","product-type-simple"],"acf":[],"_links":{"self":[{"href":"https:\/\/mouldking.store\/hu\/wp-json\/wp\/v2\/product\/42752","targetHints":{"allow":["GET"]}}],"collection":[{"href":"https:\/\/mouldking.store\/hu\/wp-json\/wp\/v2\/product"}],"about":[{"href":"https:\/\/mouldking.store\/hu\/wp-json\/wp\/v2\/types\/product"}],"replies":[{"embeddable":true,"href":"https:\/\/mouldking.store\/hu\/wp-json\/wp\/v2\/comments?post=42752"}],"wp:featuredmedia":[{"embeddable":true,"href":"https:\/\/mouldking.store\/hu\/wp-json\/wp\/v2\/media\/42751"}],"wp:attachment":[{"href":"https:\/\/mouldking.store\/hu\/wp-json\/wp\/v2\/media?parent=42752"}],"wp:term":[{"taxonomy":"product_cat","embeddable":true,"href":"https:\/\/mouldking.store\/hu\/wp-json\/wp\/v2\/product_cat?post=42752"},{"taxonomy":"product_tag","embeddable":true,"href":"https:\/\/mouldking.store\/hu\/wp-json\/wp\/v2\/product_tag?post=42752"}],"curies":[{"name":"wp","href":"https:\/\/api.w.org\/{rel}","templated":true}]}}