{"id":42758,"date":"2023-03-09T18:45:28","date_gmt":"2023-03-09T11:45:28","guid":{"rendered":"https:\/\/mouldking.store\/shop\/zhegao-qj5183-kawasaki-motorcycle-with-888-pieces\/"},"modified":"2023-03-09T18:45:28","modified_gmt":"2023-03-09T11:45:28","slug":"zhegao-qj5183-kawasaki-motorcycle-with-888-pieces","status":"publish","type":"product","link":"https:\/\/mouldking.store\/hu\/shop\/zhegao-qj5183-kawasaki-motorcycle-with-888-pieces\/","title":{"rendered":"ZHEGAO QJ5183 Kawasaki motorker\u00e9kp\u00e1r 888 darabbal"},"content":{"rendered":"<div>\u2705 ZHEGAO QJ5183 Kawasaki motorker\u00e9kp\u00e1r<br \/>&nbsp;<br \/>\u2705A Kawasaki egy j\u00f3l ismert jap\u00e1n motorker\u00e9kp\u00e1r-gy\u00e1rt\u00f3, amely motorker\u00e9kp\u00e1r-modellek sz\u00e9les v\u00e1laszt\u00e9k\u00e1t gy\u00e1rtja. Az 1896-ban alap\u00edtott Kawasaki az 1960-as \u00e9vek \u00f3ta gy\u00e1rt motorker\u00e9kp\u00e1rokat, \u00e9s er\u0151s motorjair\u00f3l, innovat\u00edv technol\u00f3gi\u00e1j\u00e1r\u00f3l \u00e9s st\u00edlusos kialak\u00edt\u00e1s\u00e1r\u00f3l ismert.<br \/>&nbsp;<br \/>\ud83d\udeab FONTOS!&nbsp;<br \/>&nbsp;<br \/>Term\u00e9k neve: Kawasaki motorker\u00e9kp\u00e1r<br \/>&nbsp;<br \/>Kateg\u00f3ria: M\u0171szaki&nbsp;<br \/>&nbsp;<br \/>A k\u00e9szlet tartalma: ZHEGAO QJ5183&nbsp;<br \/>&nbsp;<br \/>888 db J\u00f3 min\u0151s\u00e9g\u0171 t\u00e9gla&nbsp;<br \/>&nbsp;<br \/>M\u00e9rete: 34,64 \u00d7 19,76 cm<br \/>&nbsp;<br \/>K\u00e9zi utas\u00edt\u00e1sok&nbsp;<br \/>&nbsp;<br \/>\ud83d\udcccA f\u0151szerepl\u0151 term\u00e9szete&nbsp;<br \/>&nbsp;<br \/>Bemutatjuk a \u201eKawasaki Motorcycle\u201d n\u00e9vre keresztelt b\u00fcszke kollekci\u00f3nkat, amelyet nem szabad kihagyni.&nbsp;<br \/>&nbsp;<br \/>A Kawasaki motorker\u00e9kp\u00e1r-k\u00edn\u00e1lat\u00e1ban sportker\u00e9kp\u00e1rok, t\u00faramotorok, cruiserek \u00e9s terepmotorok szerepelnek. N\u00e9pszer\u0171 modelljeik k\u00f6z\u00e9 tartozik a Kawasaki Ninja, amely egy nagy teljes\u00edtm\u00e9ny\u0171 sportker\u00e9kp\u00e1r-sorozat, a Kawasaki Vulcan, amely egy cirk\u00e1l\u00f3 motorker\u00e9kp\u00e1r, \u00e9s a Kawasaki KX, amely egy terepmotorker\u00e9kp\u00e1rok sorozata.<\/div>","protected":false},"excerpt":{"rendered":"<p>M\u00e1rka: ZHEGAO<br \/>\nNem: Uniszex<br \/>\nKoroszt\u00e1ly: &gt; 6 \u00e9v<br \/>\nModellsz\u00e1m: QJ5183<br \/>\nBesorol\u00e1s: \u00d6sszeszerel\u00e9s<br \/>\nM\u0171anyag blokk forma: \u00f6nz\u00e1r\u00f3 t\u00e9gla<br \/>\nAnyaga: M\u0171anyag<br \/>\nM\u0171anyag t\u00edpus: ABS<br \/>\nT\u00e9gla T\u00e9gla: 888+<br \/>\nEl\u0151v\u00e9tel<\/p>","protected":false},"featured_media":42756,"comment_status":"open","ping_status":"closed","template":"","meta":{"_acf_changed":false},"product_cat":[1357,364],"product_tag":[7857,2449,389,11080],"class_list":["product","first","instock","shipping-taxable","purchasable","product-type-simple"],"acf":[],"_links":{"self":[{"href":"https:\/\/mouldking.store\/hu\/wp-json\/wp\/v2\/product\/42758","targetHints":{"allow":["GET"]}}],"collection":[{"href":"https:\/\/mouldking.store\/hu\/wp-json\/wp\/v2\/product"}],"about":[{"href":"https:\/\/mouldking.store\/hu\/wp-json\/wp\/v2\/types\/product"}],"replies":[{"embeddable":true,"href":"https:\/\/mouldking.store\/hu\/wp-json\/wp\/v2\/comments?post=42758"}],"wp:featuredmedia":[{"embeddable":true,"href":"https:\/\/mouldking.store\/hu\/wp-json\/wp\/v2\/media\/42756"}],"wp:attachment":[{"href":"https:\/\/mouldking.store\/hu\/wp-json\/wp\/v2\/media?parent=42758"}],"wp:term":[{"taxonomy":"product_cat","embeddable":true,"href":"https:\/\/mouldking.store\/hu\/wp-json\/wp\/v2\/product_cat?post=42758"},{"taxonomy":"product_tag","embeddable":true,"href":"https:\/\/mouldking.store\/hu\/wp-json\/wp\/v2\/product_tag?post=42758"}],"curies":[{"name":"wp","href":"https:\/\/api.w.org\/{rel}","templated":true}]}}