{"id":42780,"date":"2023-03-10T15:44:54","date_gmt":"2023-03-10T08:44:54","guid":{"rendered":"https:\/\/mouldking.store\/shop\/moc-factory-89447-isd-ii-commandobridge-with-6532-pieces\/"},"modified":"2025-12-16T22:25:11","modified_gmt":"2025-12-16T15:25:11","slug":"moc-factory-89447-isd-ii-commandobridge-with-6532-pieces","status":"publish","type":"product","link":"https:\/\/mouldking.store\/hu\/shop\/moc-factory-89447-isd-ii-commandobridge-with-6532-pieces\/","title":{"rendered":"MOC Factory 89447 ISD II Commandobridge 6532 darabbal"},"content":{"rendered":"<div>\u2705 MOC-89447 ISD II Commandobridge<\/p>\n<p>\u2705Az ISD II Command Bridge egy kital\u00e1lt hely a Star Wars univerzumban, k\u00fcl\u00f6n\u00f6sen a birodalmi oszt\u00e1ly\u00fa csillagrombol\u00f3 m\u00e1sodik v\u00e1ltozat\u00e1ban, amely a Galaktikus Birodalom \u00e1ltal haszn\u00e1lt nagym\u00e9ret\u0171 haj\u00f3.<\/p>\n<p>\ud83d\udeab FONTOS!<\/p>\n<p>Term\u00e9kn\u00e9v: ISD II Commandobridge<\/p>\n<p>Kateg\u00f3ria: Star Wars<\/p>\n<p>A k\u00e9szlet tartalma: MOC-89447<\/p>\n<p>6532 db J\u00f3 min\u0151s\u00e9g\u0171 t\u00e9gla<\/p>\n<p>PDF \u00datmutat\u00f3<\/p>\n<p>\ud83d\udcccA f\u0151szerepl\u0151 term\u00e9szete<\/p>\n<p>Bemutatjuk b\u00fcszke \u201eISD II Commandobridge\u201d nev\u0171 kollekci\u00f3nkat, amelyet nem szabad kihagyni.<\/p>\n<p>Az ISD II Command Bridge a birodalmi oszt\u00e1ly\u00fa csillagrombol\u00f3 f\u0151 ir\u00e1ny\u00edt\u00f3k\u00f6zpontja, \u00e9s itt a haj\u00f3 kapit\u00e1nya \u00e9s vezet\u0151 tisztjei koordin\u00e1lj\u00e1k \u00e9s ir\u00e1ny\u00edtj\u00e1k a haj\u00f3 m\u0171veleteit. A h\u00edd a csillagrombol\u00f3 haj\u00f3test\u00e9nek tetej\u00e9n tal\u00e1lhat\u00f3, \u00edgy remek kil\u00e1t\u00e1s ny\u00edlik a k\u00f6rnyez\u0151 t\u00e9rre. A Star Wars filmekben \u00e9s a kib\u0151v\u00edtett univerzumban az ISD II Command Bridge egy nagy, t\u00e1gas helyis\u00e9gk\u00e9nt van \u00e1br\u00e1zolva, ahol sz\u00e1mos \u00e1llom\u00e1s tal\u00e1lhat\u00f3 a haj\u00f3 k\u00fcl\u00f6nf\u00e9le funkci\u00f3ira, bele\u00e9rtve a navig\u00e1ci\u00f3t, a kommunik\u00e1ci\u00f3t \u00e9s a fegyverek ir\u00e1ny\u00edt\u00e1s\u00e1t. A kapit\u00e1nyi sz\u00e9k a h\u00edd k\u00f6zep\u00e9n tal\u00e1lhat\u00f3, k\u00f6r\u00fcl\u00f6tte m\u00e1s tisztek is t\u00e1maszkodnak \u00e9s visszajelz\u00e9st adnak.<\/p><\/div>","protected":false},"excerpt":{"rendered":"<p>M\u00e1rka: MOC Factory<br \/>\nNem: Uniszex<br \/>\nKoroszt\u00e1ly: &gt; 12 \u00e9ves<br \/>\nModellsz\u00e1m: 89447<br \/>\nBesorol\u00e1s: \u00d6sszeszerel\u00e9s<br \/>\nM\u0171anyag blokk forma: \u00f6nz\u00e1r\u00f3 t\u00e9gla<br \/>\nAnyaga: M\u0171anyag<br \/>\nM\u0171anyag t\u00edpus: ABS<br \/>\nT\u00e9gla T\u00e9gla: 6532 +<br \/>\nRendel\u00e9si id\u0151: 4-8 h\u00e9t<\/p>","protected":false},"featured_media":42779,"comment_status":"open","ping_status":"closed","template":"","meta":{"_acf_changed":false},"product_cat":[1350,372,581,6016,415,1408],"product_tag":[10639,374,434,2276,436],"class_list":["product","first","instock","shipping-taxable","purchasable","product-type-simple"],"acf":[],"_links":{"self":[{"href":"https:\/\/mouldking.store\/hu\/wp-json\/wp\/v2\/product\/42780","targetHints":{"allow":["GET"]}}],"collection":[{"href":"https:\/\/mouldking.store\/hu\/wp-json\/wp\/v2\/product"}],"about":[{"href":"https:\/\/mouldking.store\/hu\/wp-json\/wp\/v2\/types\/product"}],"replies":[{"embeddable":true,"href":"https:\/\/mouldking.store\/hu\/wp-json\/wp\/v2\/comments?post=42780"}],"wp:featuredmedia":[{"embeddable":true,"href":"https:\/\/mouldking.store\/hu\/wp-json\/wp\/v2\/media\/42779"}],"wp:attachment":[{"href":"https:\/\/mouldking.store\/hu\/wp-json\/wp\/v2\/media?parent=42780"}],"wp:term":[{"taxonomy":"product_cat","embeddable":true,"href":"https:\/\/mouldking.store\/hu\/wp-json\/wp\/v2\/product_cat?post=42780"},{"taxonomy":"product_tag","embeddable":true,"href":"https:\/\/mouldking.store\/hu\/wp-json\/wp\/v2\/product_tag?post=42780"}],"curies":[{"name":"wp","href":"https:\/\/api.w.org\/{rel}","templated":true}]}}