{"id":42782,"date":"2023-03-10T15:53:59","date_gmt":"2023-03-10T08:53:59","guid":{"rendered":"https:\/\/mouldking.store\/shop\/moc-factory-30989-the-watcher-in-the-water-with-2608-pieces\/"},"modified":"2025-12-16T22:25:11","modified_gmt":"2025-12-16T15:25:11","slug":"moc-factory-30989-the-watcher-in-the-water-with-2608-pieces","status":"publish","type":"product","link":"https:\/\/mouldking.store\/hu\/shop\/moc-factory-30989-the-watcher-in-the-water-with-2608-pieces\/","title":{"rendered":"MOC Factory 30989 The Watcher in the Water 2608 darabbal"},"content":{"rendered":"<div>\u2705 MOC-30989 The Watcher in the Water<\/p>\n<p>\u2705The Watcher in the Water is a fictional creature from J.R.R. Tolkien&#8217;s Middle-earth legendarium. It is a massive octopus-like creature that guarded the entrance to the Mines of Moria, a vast underground complex in the Misty Mountains.<\/p>\n<p>\ud83d\udeab FONTOS!<\/p>\n<p>Product Name: The Watcher in the Water<\/p>\n<p>Kateg\u00f3ria: Film<\/p>\n<p>This Kit Contains: MOC-30989<\/p>\n<p>2608&nbsp; pcs Good Quality Bricks<\/p>\n<p>Size: width 53,5 cm length 41,2 cm height 20 cm<\/p>\n<p>Weight: 2,3 kg<\/p>\n<p>PDF \u00datmutat\u00f3<\/p>\n<p>\ud83d\udcccA f\u0151szerepl\u0151 term\u00e9szete<\/p>\n<p>Introducing our proud collection named \u201cThe Watcher in the Water\u201d you should not miss.<\/p>\n<p>In &#8220;The Fellowship of the Ring,&#8221; the first book in Tolkien&#8217;s &#8220;The Lord of the Rings&#8221; trilogy, the Watcher in the Water is encountered by the Fellowship as they attempt to enter Moria. The creature is described as having many long, sinuous tentacles that reach out from the dark pool in which it dwells, and a huge, lidless eye that glares at its prey.&nbsp;<\/p><\/div>","protected":false},"excerpt":{"rendered":"<p>M\u00e1rka: MOC Factory<br \/>\nNem: Uniszex<br \/>\nKoroszt\u00e1ly: &gt; 12 \u00e9ves<br \/>\nModel Number: 30989<br \/>\nBesorol\u00e1s: \u00d6sszeszerel\u00e9s<br \/>\nM\u0171anyag blokk forma: \u00f6nz\u00e1r\u00f3 t\u00e9gla<br \/>\nAnyaga: M\u0171anyag<br \/>\nM\u0171anyag t\u00edpus: ABS<br \/>\nBricks Blocks: 2608 +<br \/>\nRendel\u00e9si id\u0151: 4-8 h\u00e9t<\/p>","protected":false},"featured_media":42781,"comment_status":"open","ping_status":"closed","template":"","meta":{"_acf_changed":false},"product_cat":[1365,581,1408],"product_tag":[8452,434,6169,8982],"class_list":["product","first","instock","shipping-taxable","purchasable","product-type-simple"],"acf":[],"_links":{"self":[{"href":"https:\/\/mouldking.store\/hu\/wp-json\/wp\/v2\/product\/42782","targetHints":{"allow":["GET"]}}],"collection":[{"href":"https:\/\/mouldking.store\/hu\/wp-json\/wp\/v2\/product"}],"about":[{"href":"https:\/\/mouldking.store\/hu\/wp-json\/wp\/v2\/types\/product"}],"replies":[{"embeddable":true,"href":"https:\/\/mouldking.store\/hu\/wp-json\/wp\/v2\/comments?post=42782"}],"wp:featuredmedia":[{"embeddable":true,"href":"https:\/\/mouldking.store\/hu\/wp-json\/wp\/v2\/media\/42781"}],"wp:attachment":[{"href":"https:\/\/mouldking.store\/hu\/wp-json\/wp\/v2\/media?parent=42782"}],"wp:term":[{"taxonomy":"product_cat","embeddable":true,"href":"https:\/\/mouldking.store\/hu\/wp-json\/wp\/v2\/product_cat?post=42782"},{"taxonomy":"product_tag","embeddable":true,"href":"https:\/\/mouldking.store\/hu\/wp-json\/wp\/v2\/product_tag?post=42782"}],"curies":[{"name":"wp","href":"https:\/\/api.w.org\/{rel}","templated":true}]}}