{"id":42784,"date":"2023-03-10T16:03:30","date_gmt":"2023-03-10T09:03:30","guid":{"rendered":"https:\/\/mouldking.store\/shop\/moc-factory-51087-the-batcave-with-5018-pieces\/"},"modified":"2025-12-16T22:25:11","modified_gmt":"2025-12-16T15:25:11","slug":"moc-factory-51087-the-batcave-with-5018-pieces","status":"publish","type":"product","link":"https:\/\/mouldking.store\/hu\/shop\/moc-factory-51087-the-batcave-with-5018-pieces\/","title":{"rendered":"MOC Factory 51087 A denev\u00e9rbarlang 5018 darabbal"},"content":{"rendered":"<div>\u2705 MOC-51087 A denev\u00e9rbarlang<\/p>\n<p>\u2705A Denev\u00e9rbarlang egy kital\u00e1lt helysz\u00edn a Batman k\u00e9preg\u00e9nyekben, filmekben \u00e9s t\u00e9v\u00e9sorozatokban. Ez egy rejtett f\u00f6ldalatti b\u00e1zis a Wayne Manor alatt, a gazdag \u00fczletember, Bruce Wayne otthona alatt, aki titokban az \u00e9ber Batmank\u00e9nt m\u0171k\u00f6dik.<\/p>\n<p>\ud83d\udeab FONTOS!<\/p>\n<p>Term\u00e9k neve: The Batcave<\/p>\n<p>Kateg\u00f3ria: Film<\/p>\n<p>A k\u00e9szlet tartalma: MOC-51087&nbsp;<\/p>\n<p>5018 db J\u00f3 min\u0151s\u00e9g\u0171 t\u00e9gla<\/p>\n<p>M\u00e9ret: 150 cm hossz\u00fa, 45 cm sz\u00e9les \u00e9s 32 cm magas&nbsp;<\/p>\n<p>PDF \u00datmutat\u00f3<\/p>\n<p>\ud83d\udcccA f\u0151szerepl\u0151 term\u00e9szete<\/p>\n<p>Bemutatjuk a \u201eThe Denev\u00e9rbarlang\u201d nev\u0171 b\u00fcszke kollekci\u00f3nkat, amit nem \u00e9rdemes kihagyni.<\/p>\n<p>A Denev\u00e9rbarlang Batman f\u0151hadisz\u00e1ll\u00e1sak\u00e9nt szolg\u00e1l, \u00e9s a b\u0171n\u00fcld\u00f6z\u00e9si tev\u00e9kenys\u00e9geinek hadm\u0171veleti b\u00e1zisak\u00e9nt szolg\u00e1l. A legmodernebb technol\u00f3gi\u00e1val van felszerelve, bele\u00e9rtve a cs\u00facstechnol\u00f3gi\u00e1s sz\u00e1m\u00edt\u00f3g\u00e9pes rendszert, a kommunik\u00e1ci\u00f3s eszk\u00f6z\u00f6ket \u00e9s a fejlett laborat\u00f3riumi berendez\u00e9seket. A barlangban sz\u00e1mos speci\u00e1lis felszerel\u00e9s \u00e9s j\u00e1rm\u0171 is tal\u00e1lhat\u00f3, mint p\u00e9ld\u00e1ul a Batmobile \u00e9s a Batplane.<\/p><\/div>","protected":false},"excerpt":{"rendered":"<p>M\u00e1rka: MOC Factory<br \/>\nNem: Uniszex<br \/>\nKoroszt\u00e1ly: &gt; 12 \u00e9ves<br \/>\nModellsz\u00e1m: 51087<br \/>\nBesorol\u00e1s: \u00d6sszeszerel\u00e9s<br \/>\nM\u0171anyag blokk forma: \u00f6nz\u00e1r\u00f3 t\u00e9gla<br \/>\nAnyaga: M\u0171anyag<br \/>\nM\u0171anyag t\u00edpus: ABS<br \/>\nT\u00e9gla T\u00e9gla: 5018 +<br \/>\nRendel\u00e9si id\u0151: 4-8 h\u00e9t<\/p>","protected":false},"featured_media":42783,"comment_status":"open","ping_status":"closed","template":"","meta":{"_acf_changed":false},"product_cat":[1365,1395,390,581,1408],"product_tag":[11329,11397,727,11398,8452,434],"class_list":["product","first","instock","shipping-taxable","purchasable","product-type-simple"],"acf":[],"_links":{"self":[{"href":"https:\/\/mouldking.store\/hu\/wp-json\/wp\/v2\/product\/42784","targetHints":{"allow":["GET"]}}],"collection":[{"href":"https:\/\/mouldking.store\/hu\/wp-json\/wp\/v2\/product"}],"about":[{"href":"https:\/\/mouldking.store\/hu\/wp-json\/wp\/v2\/types\/product"}],"replies":[{"embeddable":true,"href":"https:\/\/mouldking.store\/hu\/wp-json\/wp\/v2\/comments?post=42784"}],"wp:featuredmedia":[{"embeddable":true,"href":"https:\/\/mouldking.store\/hu\/wp-json\/wp\/v2\/media\/42783"}],"wp:attachment":[{"href":"https:\/\/mouldking.store\/hu\/wp-json\/wp\/v2\/media?parent=42784"}],"wp:term":[{"taxonomy":"product_cat","embeddable":true,"href":"https:\/\/mouldking.store\/hu\/wp-json\/wp\/v2\/product_cat?post=42784"},{"taxonomy":"product_tag","embeddable":true,"href":"https:\/\/mouldking.store\/hu\/wp-json\/wp\/v2\/product_tag?post=42784"}],"curies":[{"name":"wp","href":"https:\/\/api.w.org\/{rel}","templated":true}]}}