{"id":42788,"date":"2023-03-10T16:22:27","date_gmt":"2023-03-10T09:22:27","guid":{"rendered":"https:\/\/mouldking.store\/shop\/moc-factory-89446-movie-space-travel-scenes-diorama-kit-with-3764-pieces\/"},"modified":"2025-12-16T22:25:10","modified_gmt":"2025-12-16T15:25:10","slug":"moc-factory-89446-movie-space-travel-scenes-diorama-kit-with-3764-pieces","status":"publish","type":"product","link":"https:\/\/mouldking.store\/hu\/shop\/moc-factory-89446-movie-space-travel-scenes-diorama-kit-with-3764-pieces\/","title":{"rendered":"MOC Factory 89446 Movie Space Travel Scenes Diorama Kit 3764 darabbal"},"content":{"rendered":"<div>\u2705 MOC-89446 Movie Space Travel Scenes Diorama Kit<\/p>\n<p>\u2705Az UCS k\u00e9szletek a Brick pr\u00e9mium k\u00e9szletei k\u00f6z\u00e9 tartoznak, amelyeket halad\u00f3 \u00e9p\u00edt\u0151knek \u00e9s gy\u0171jt\u0151knek terveztek, \u00e9s gyakran tartalmaznak nagym\u00e9ret\u0171, nagy r\u00e9szletess\u00e9g\u0171 \u00e9s \u00f6sszetetts\u00e9g\u0171 modelleket. Egyes UCS-k\u00e9szletek, mint p\u00e9ld\u00e1ul az UCS Millennium Falcon vagy az UCS Star Destroyer, felhaszn\u00e1lhat\u00f3k egy \u0171rcsata vagy a Star Wars-univerzum jelenet\u00e9nek dior\u00e1m\u00e1j\u00e1nak l\u00e9trehoz\u00e1s\u00e1ra.<\/p>\n<p>\ud83d\udeab FONTOS!<\/p>\n<p>Term\u00e9k neve: Film \u0170rutaz\u00e1si jelenetek Dior\u00e1ma k\u00e9szlet<\/p>\n<p>Kateg\u00f3ria: Star Wars<\/p>\n<p>A k\u00e9szlet tartalma: MOC-89446<\/p>\n<p>3764 db J\u00f3 min\u0151s\u00e9g\u0171 t\u00e9gla<\/p>\n<p>PDF \u00datmutat\u00f3<\/p>\n<p>\ud83d\udcccA f\u0151szerepl\u0151 term\u00e9szete<\/p>\n<p>Bemutatjuk a \u201eMovie Space Travel Scenes Diorama Kit\u201d nev\u0171 b\u00fcszke kollekci\u00f3nkat, amelyet nem szabad kihagyni.<\/p>\n<p>Az UCS Diorama Kit egy t\u00e9glak\u00e9szlet, amelyet r\u00e9szletes \u00e9s leny\u0171g\u00f6z\u0151 dior\u00e1ma l\u00e9trehoz\u00e1s\u00e1ra terveztek megjelen\u00edt\u00e9si c\u00e9lokra, gyakran a pontoss\u00e1gra \u00e9s a r\u00e9szletekre val\u00f3 odafigyel\u00e9sre \u00f6sszpontos\u00edtva.<\/p><\/div>","protected":false},"excerpt":{"rendered":"<p>M\u00e1rka: MOC Factory<br \/>\nNem: Uniszex<br \/>\nKoroszt\u00e1ly: &gt; 12 \u00e9ves<br \/>\nModellsz\u00e1m: 89446<br \/>\nBesorol\u00e1s: \u00d6sszeszerel\u00e9s<br \/>\nM\u0171anyag blokk forma: \u00f6nz\u00e1r\u00f3 t\u00e9gla<br \/>\nAnyaga: M\u0171anyag<br \/>\nM\u0171anyag t\u00edpus: ABS<br \/>\nT\u00e9gla T\u00e9gla: 3764 +<br \/>\nRendel\u00e9si id\u0151: 4-8 h\u00e9t<\/p>","protected":false},"featured_media":42787,"comment_status":"open","ping_status":"closed","template":"","meta":{"_acf_changed":false},"product_cat":[1357,581,6016,415,364,1408],"product_tag":[8784,11507,434,2276,436,389],"class_list":["product","first","instock","shipping-taxable","purchasable","product-type-simple"],"acf":[],"_links":{"self":[{"href":"https:\/\/mouldking.store\/hu\/wp-json\/wp\/v2\/product\/42788","targetHints":{"allow":["GET"]}}],"collection":[{"href":"https:\/\/mouldking.store\/hu\/wp-json\/wp\/v2\/product"}],"about":[{"href":"https:\/\/mouldking.store\/hu\/wp-json\/wp\/v2\/types\/product"}],"replies":[{"embeddable":true,"href":"https:\/\/mouldking.store\/hu\/wp-json\/wp\/v2\/comments?post=42788"}],"wp:featuredmedia":[{"embeddable":true,"href":"https:\/\/mouldking.store\/hu\/wp-json\/wp\/v2\/media\/42787"}],"wp:attachment":[{"href":"https:\/\/mouldking.store\/hu\/wp-json\/wp\/v2\/media?parent=42788"}],"wp:term":[{"taxonomy":"product_cat","embeddable":true,"href":"https:\/\/mouldking.store\/hu\/wp-json\/wp\/v2\/product_cat?post=42788"},{"taxonomy":"product_tag","embeddable":true,"href":"https:\/\/mouldking.store\/hu\/wp-json\/wp\/v2\/product_tag?post=42788"}],"curies":[{"name":"wp","href":"https:\/\/api.w.org\/{rel}","templated":true}]}}