{"id":42791,"date":"2023-03-10T16:32:12","date_gmt":"2023-03-10T09:32:12","guid":{"rendered":"https:\/\/mouldking.store\/shop\/moc-factory-133505-ucs-middle-earth-map-with-9129-pieces\/"},"modified":"2025-12-16T22:25:10","modified_gmt":"2025-12-16T15:25:10","slug":"moc-factory-133505-ucs-middle-earth-map-with-9129-pieces","status":"publish","type":"product","link":"https:\/\/mouldking.store\/hu\/shop\/moc-factory-133505-ucs-middle-earth-map-with-9129-pieces\/","title":{"rendered":"MOC Factory 133505 UCS K\u00f6z\u00e9pf\u00f6ldi t\u00e9rk\u00e9p 9129 darabbal"},"content":{"rendered":"<div>\u2705 MOC-133505 UCS Middle Earth Map<\/p>\n<p>\u2705The UCS Middle Earth Map is a large and highly detailed replica of the map of Middle-earth, which is featured in the opening pages of &#8220;The Lord of the Rings.&#8221; The map is made up of multiple sections that can be arranged and mounted on a wall for display.<\/p>\n<p>\ud83d\udeab FONTOS!<\/p>\n<p>Product Name: UCS Middle Earth Map<\/p>\n<p>Kateg\u00f3ria: Film<\/p>\n<p>This Kit Contains: MOC-133505<\/p>\n<p>9129&nbsp; pcs Good Quality Bricks<\/p>\n<p>Size: width 81,6 cm length 124,8 cm height 13,3&nbsp; cm<\/p>\n<p>Weight: 7,6 kg<\/p>\n<p>PDF \u00datmutat\u00f3<\/p>\n<p>\ud83d\udcccA f\u0151szerepl\u0151 term\u00e9szete<\/p>\n<p>Introducing our proud collection named \u201cUCS Middle Earth Map\u201d you should not miss.<\/p>\n<p>The set includes a variety of features and details that are faithful to the original map, such as the Mountains of Mist, the Misty Mountains, the Shire, the Lonely Mountain, and the Dark Tower of Mordor. It also comes with a buildable stand that includes a compass and a mini-version of the One Ring. The UCS Middle Earth Map is designed for experienced brick builders and collectors who appreciate high-quality and intricate designs. It is a popular choice among fans of &#8220;The Lord of the Rings&#8221; and brick collectors alike. It offers a unique way to celebrate the rich history and mythology of Middle-earth in a tangible and immersive way.<\/p><\/div>","protected":false},"excerpt":{"rendered":"<p>M\u00e1rka: MOC Factory<br \/>\nNem: Uniszex<br \/>\nKoroszt\u00e1ly: &gt; 12 \u00e9ves<br \/>\nModel Number: 133505<br \/>\nBesorol\u00e1s: \u00d6sszeszerel\u00e9s<br \/>\nM\u0171anyag blokk forma: \u00f6nz\u00e1r\u00f3 t\u00e9gla<br \/>\nAnyaga: M\u0171anyag<br \/>\nM\u0171anyag t\u00edpus: ABS<br \/>\nBricks Blocks: 9129 +<br \/>\nRendel\u00e9si id\u0151: 4-8 h\u00e9t<\/p>","protected":false},"featured_media":42789,"comment_status":"open","ping_status":"closed","template":"","meta":{"_acf_changed":false},"product_cat":[1365,581,1408],"product_tag":[8452,4290,11509,11508,434,6169,4093],"class_list":["product","first","instock","shipping-taxable","purchasable","product-type-simple"],"acf":[],"_links":{"self":[{"href":"https:\/\/mouldking.store\/hu\/wp-json\/wp\/v2\/product\/42791","targetHints":{"allow":["GET"]}}],"collection":[{"href":"https:\/\/mouldking.store\/hu\/wp-json\/wp\/v2\/product"}],"about":[{"href":"https:\/\/mouldking.store\/hu\/wp-json\/wp\/v2\/types\/product"}],"replies":[{"embeddable":true,"href":"https:\/\/mouldking.store\/hu\/wp-json\/wp\/v2\/comments?post=42791"}],"wp:featuredmedia":[{"embeddable":true,"href":"https:\/\/mouldking.store\/hu\/wp-json\/wp\/v2\/media\/42789"}],"wp:attachment":[{"href":"https:\/\/mouldking.store\/hu\/wp-json\/wp\/v2\/media?parent=42791"}],"wp:term":[{"taxonomy":"product_cat","embeddable":true,"href":"https:\/\/mouldking.store\/hu\/wp-json\/wp\/v2\/product_cat?post=42791"},{"taxonomy":"product_tag","embeddable":true,"href":"https:\/\/mouldking.store\/hu\/wp-json\/wp\/v2\/product_tag?post=42791"}],"curies":[{"name":"wp","href":"https:\/\/api.w.org\/{rel}","templated":true}]}}