{"id":42814,"date":"2023-03-13T12:22:45","date_gmt":"2023-03-13T05:22:45","guid":{"rendered":"https:\/\/mouldking.store\/shop\/dk-7023-aquarium-ocean-jellyfish-ecological-tank-with-725-pieces\/"},"modified":"2023-03-13T12:22:45","modified_gmt":"2023-03-13T05:22:45","slug":"dk-7023-aquarium-ocean-jellyfish-ecological-tank-with-725-pieces","status":"publish","type":"product","link":"https:\/\/mouldking.store\/hu\/shop\/dk-7023-aquarium-ocean-jellyfish-ecological-tank-with-725-pieces\/","title":{"rendered":"DK 7023 Akv\u00e1rium: \u00d6kol\u00f3giai \u00f3ce\u00e1n med\u00faza tart\u00e1ly 725 darabbal"},"content":{"rendered":"<div>\u2705 DK 7023 Aquarium: Ocean Jellyfish Ecological Tank<br \/>&nbsp;<br \/>\u2705An Aquarium: Ocean Jellyfish Ecological Tank is a type of aquarium that is specifically designed to house jellyfish. Unlike traditional aquariums, these tanks are usually cylindrical or spherical in shape and have no corners or edges to prevent the jellyfish from getting stuck or injured.<br \/>&nbsp;<br \/>\ud83d\udeab FONTOS!&nbsp;<br \/>&nbsp;<br \/>Product Name: Aquarium: Ocean Jellyfish Ecological Tank<br \/>&nbsp;<br \/>Kateg\u00f3ria: Alkot\u00f3&nbsp;<br \/>&nbsp;<br \/>This Kit Contains: DK 7023<br \/>&nbsp;<br \/>725 pcs Good Quality Bricks&nbsp;<br \/>&nbsp;<br \/>M\u00e9rete: 23,6 \u00d7 14,8 cm&nbsp;<br \/>&nbsp;<br \/>K\u00e9zi utas\u00edt\u00e1sok&nbsp;<br \/>&nbsp;<br \/>\ud83d\udcccA f\u0151szerepl\u0151 term\u00e9szete&nbsp;<br \/>&nbsp;<br \/>Introducing our proud collection named \u201cAquarium: Ocean Jellyfish Ecological Tank\u201d you should not miss.&nbsp;<br \/>&nbsp;<br \/>In terms of ecology, these tanks are often designed to be self-sustaining ecosystems, with natural bacteria and other organisms breaking down waste and maintaining a healthy balance of nutrients and oxygen levels. This helps to create a healthy and stable environment for the jellyfish to thrive in.<\/div>","protected":false},"excerpt":{"rendered":"<p>M\u00e1rka: DK<br \/>\nNem: Uniszex<br \/>\nKoroszt\u00e1ly: 8 \u00e9v felett<br \/>\nModel Number: 7023<br \/>\nBesorol\u00e1s: \u00d6sszeszerel\u00e9s<br \/>\nM\u0171anyag blokk forma: \u00f6nz\u00e1r\u00f3 t\u00e9gla<br \/>\nAnyaga: M\u0171anyag<br \/>\nM\u0171anyag t\u00edpus: ABS<br \/>\nBricks Blocks: 725 +<br \/>\nEredeti doboza nincs<\/p>","protected":false},"featured_media":42810,"comment_status":"open","ping_status":"closed","template":"","meta":{"_acf_changed":false},"product_cat":[1365,371],"product_tag":[11513,3043,11512,11072,8452,7907,11511,6469,485],"class_list":["product","first","instock","shipping-taxable","purchasable","product-type-simple"],"acf":[],"_links":{"self":[{"href":"https:\/\/mouldking.store\/hu\/wp-json\/wp\/v2\/product\/42814","targetHints":{"allow":["GET"]}}],"collection":[{"href":"https:\/\/mouldking.store\/hu\/wp-json\/wp\/v2\/product"}],"about":[{"href":"https:\/\/mouldking.store\/hu\/wp-json\/wp\/v2\/types\/product"}],"replies":[{"embeddable":true,"href":"https:\/\/mouldking.store\/hu\/wp-json\/wp\/v2\/comments?post=42814"}],"wp:featuredmedia":[{"embeddable":true,"href":"https:\/\/mouldking.store\/hu\/wp-json\/wp\/v2\/media\/42810"}],"wp:attachment":[{"href":"https:\/\/mouldking.store\/hu\/wp-json\/wp\/v2\/media?parent=42814"}],"wp:term":[{"taxonomy":"product_cat","embeddable":true,"href":"https:\/\/mouldking.store\/hu\/wp-json\/wp\/v2\/product_cat?post=42814"},{"taxonomy":"product_tag","embeddable":true,"href":"https:\/\/mouldking.store\/hu\/wp-json\/wp\/v2\/product_tag?post=42814"}],"curies":[{"name":"wp","href":"https:\/\/api.w.org\/{rel}","templated":true}]}}