{"id":42819,"date":"2023-03-13T12:27:58","date_gmt":"2023-03-13T05:27:58","guid":{"rendered":"https:\/\/mouldking.store\/shop\/dk-7024-aquarium-sea-turtle-ecological-tank-with-753-pieces\/"},"modified":"2023-03-13T12:27:58","modified_gmt":"2023-03-13T05:27:58","slug":"dk-7024-aquarium-sea-turtle-ecological-tank-with-753-pieces","status":"publish","type":"product","link":"https:\/\/mouldking.store\/hu\/shop\/dk-7024-aquarium-sea-turtle-ecological-tank-with-753-pieces\/","title":{"rendered":"DK 7024 Akv\u00e1rium: Tengeri tekn\u0151s\u00f6k \u00f6kol\u00f3giai tart\u00e1lya 753 darabbal"},"content":{"rendered":"<div>\u2705 DK 7024 Akv\u00e1rium: Tengeri tekn\u0151s\u00f6k \u00f6kol\u00f3giai tart\u00e1lya<br \/>&nbsp;<br \/>\u2705Aquarium: A Sea Turtle Ecological Tank egy olyan akv\u00e1riumt\u00edpus, amelyet kifejezetten tengeri tekn\u0151s\u00f6k elhelyez\u00e9s\u00e9re \u00e9s bemutat\u00e1s\u00e1ra terveztek. Ezek a tart\u00e1lyok \u00e1ltal\u00e1ban sokkal nagyobbak, mint a hagyom\u00e1nyos akv\u00e1riumok, \u00e9s ink\u00e1bb nyilv\u00e1nos akv\u00e1riumokban vagy \u00e1llatkertekben tal\u00e1lhat\u00f3k, nem pedig mag\u00e1nh\u00e1zakban.<br \/>&nbsp;<br \/>\ud83d\udeab FONTOS!&nbsp;<br \/>&nbsp;<br \/>Term\u00e9k neve: Akv\u00e1rium: Tengeri tekn\u0151s\u00f6k \u00f6kol\u00f3giai tart\u00e1lya<br \/>&nbsp;<br \/>Kateg\u00f3ria: Alkot\u00f3&nbsp;<br \/>&nbsp;<br \/>A k\u00e9szlet tartalma: DK 7024<br \/>&nbsp;<br \/>753 db J\u00f3 min\u0151s\u00e9g\u0171 t\u00e9gla&nbsp;<br \/>&nbsp;<br \/>M\u00e9rete: 23,6 \u00d7 14,8 cm&nbsp;<br \/>&nbsp;<br \/>K\u00e9zi utas\u00edt\u00e1sok&nbsp;<br \/>&nbsp;<br \/>\ud83d\udcccA f\u0151szerepl\u0151 term\u00e9szete&nbsp;<br \/>&nbsp;<br \/>Bemutatjuk az \u201eAquarium: Sea Turtle Ecological Tank\u201d nev\u0171 b\u00fcszke kollekci\u00f3nkat, amelyet nem szabad kihagyni.&nbsp;<br \/>&nbsp;<br \/>A tengeri tekn\u0151s\u00f6k \u00f6kol\u00f3giai tart\u00e1lyait \u00fagy tervezt\u00e9k, hogy term\u00e9szetes k\u00f6rnyezetet biztos\u00edtsanak a tengeri tekn\u0151s\u00f6k sz\u00e1m\u00e1ra, \u00e9s elegend\u0151 helyet biztos\u00edtsanak sz\u00e1mukra az \u00fasz\u00e1shoz \u00e9s a felfedez\u00e9shez. Ezek a tart\u00e1lyok \u00e1ltal\u00e1ban s\u00f3s v\u00edzzel vannak felt\u00f6ltve, \u00e9s speci\u00e1lis sz\u0171r\u0151rendszerekkel vannak felszerelve, hogy fenntarts\u00e1k a v\u00edzmin\u0151s\u00e9get, \u00e9s szimul\u00e1lj\u00e1k a tengeri tekn\u0151s\u00f6k \u00e1ltal ig\u00e9nyelt term\u00e9szetes \u00f3ce\u00e1ni k\u00f6rnyezetet.<\/div>","protected":false},"excerpt":{"rendered":"<p>M\u00e1rka: DK<br \/>\nNem: Uniszex<br \/>\nKoroszt\u00e1ly: 8 \u00e9v felett<br \/>\nModellsz\u00e1m: 7024<br \/>\nBesorol\u00e1s: \u00d6sszeszerel\u00e9s<br \/>\nM\u0171anyag blokk forma: \u00f6nz\u00e1r\u00f3 t\u00e9gla<br \/>\nAnyaga: M\u0171anyag<br \/>\nM\u0171anyag t\u00edpus: ABS<br \/>\nT\u00e9gla blokkok: 753 +<br \/>\nEredeti doboza nincs<\/p>","protected":false},"featured_media":42815,"comment_status":"open","ping_status":"closed","template":"","meta":{"_acf_changed":false},"product_cat":[1365,371],"product_tag":[11513,3043,11072,8452,7907,11514,485],"class_list":["product","first","instock","shipping-taxable","purchasable","product-type-simple"],"acf":[],"_links":{"self":[{"href":"https:\/\/mouldking.store\/hu\/wp-json\/wp\/v2\/product\/42819","targetHints":{"allow":["GET"]}}],"collection":[{"href":"https:\/\/mouldking.store\/hu\/wp-json\/wp\/v2\/product"}],"about":[{"href":"https:\/\/mouldking.store\/hu\/wp-json\/wp\/v2\/types\/product"}],"replies":[{"embeddable":true,"href":"https:\/\/mouldking.store\/hu\/wp-json\/wp\/v2\/comments?post=42819"}],"wp:featuredmedia":[{"embeddable":true,"href":"https:\/\/mouldking.store\/hu\/wp-json\/wp\/v2\/media\/42815"}],"wp:attachment":[{"href":"https:\/\/mouldking.store\/hu\/wp-json\/wp\/v2\/media?parent=42819"}],"wp:term":[{"taxonomy":"product_cat","embeddable":true,"href":"https:\/\/mouldking.store\/hu\/wp-json\/wp\/v2\/product_cat?post=42819"},{"taxonomy":"product_tag","embeddable":true,"href":"https:\/\/mouldking.store\/hu\/wp-json\/wp\/v2\/product_tag?post=42819"}],"curies":[{"name":"wp","href":"https:\/\/api.w.org\/{rel}","templated":true}]}}