{"id":42832,"date":"2023-03-15T09:40:37","date_gmt":"2023-03-15T02:40:37","guid":{"rendered":"https:\/\/mouldking.store\/shop\/custom-kk6892-bugatti-chiron-sports-car-with-3619-pieces\/"},"modified":"2023-03-15T09:40:37","modified_gmt":"2023-03-15T02:40:37","slug":"custom-kk6892-bugatti-chiron-sports-car-with-3619-pieces","status":"publish","type":"product","link":"https:\/\/mouldking.store\/hu\/shop\/custom-kk6892-bugatti-chiron-sports-car-with-3619-pieces\/","title":{"rendered":"Egyedi KK6892 Bugatti Chiron sportaut\u00f3 3619 darabbal"},"content":{"rendered":"<div>\u2705 Egyedi KK6892 Bugatti Chiron sportaut\u00f3<br \/>&nbsp;<br \/>\u2705A Bugatti Chiron egy hiperaut\u00f3, amelyet a Bugatti Automobiles SAS, egy francia nagy teljes\u00edtm\u00e9ny\u0171 luxusaut\u00f3-gy\u00e1rt\u00f3 tervezett \u00e9s gy\u00e1rtott. A Chiront el\u0151sz\u00f6r 2016-ban mutatt\u00e1k be a Bugatti Veyron ut\u00f3djak\u00e9nt. A Chiront \u00fagy tervezt\u00e9k, hogy a vil\u00e1g leggyorsabb \u00e9s leger\u0151sebb sz\u00e9riaaut\u00f3ja legyen, \u00e9s n\u00e9gy turb\u00f3felt\u00f6lt\u00e9s\u0171, 8,0 literes W16-os motorral rendelkezik, amely 1479 l\u00f3er\u0151t \u00e9s 1180 lb-ft nyomat\u00e9kot ad le.<br \/>&nbsp;<br \/>\ud83d\udeab FONTOS!&nbsp;<br \/>&nbsp;<br \/>Term\u00e9k neve: Bugatti Chiron sportaut\u00f3<br \/>&nbsp;<br \/>Kateg\u00f3ria: M\u0171szaki<br \/>&nbsp;<br \/>A k\u00e9szlet tartalma: Egyedi KK6892<br \/>&nbsp;<br \/>3619 db J\u00f3 min\u0151s\u00e9g\u0171 t\u00e9gla&nbsp;<\/p>\n<p>M\u00e9rete: 57 x 37,7 x 14,8 cm<\/p>\n<p>S\u00faly 6 kg<br \/>&nbsp;<br \/>K\u00e9zi utas\u00edt\u00e1sok&nbsp;<br \/>&nbsp;<br \/>\ud83d\udcccA f\u0151szerepl\u0151 term\u00e9szete&nbsp;<br \/>&nbsp;<br \/>Bemutatjuk a \u201eBugatti Chiron Sports Car\u201d nev\u0171 b\u00fcszke kollekci\u00f3nkat, amelyet nem szabad kihagyni.&nbsp;<br \/>&nbsp;<br \/>2018-ban a Bugatti bemutatta a Chiron Sportot, amely a Chiron p\u00e1ly\u00e1ra f\u00f3kusz\u00e1lt v\u00e1ltozata. A Chiron Sport sz\u00e1mos fejleszt\u00e9st tartalmaz a standard Chironhoz k\u00e9pest, bele\u00e9rtve a 18 kg-os (40 font) s\u00falycs\u00f6kkent\u00e9st, a szil\u00e1rdabb felf\u00fcggeszt\u00e9si be\u00e1ll\u00edt\u00e1sokat \u00e9s a fel\u00fclvizsg\u00e1lt h\u00e1ts\u00f3 differenci\u00e1lm\u0171vet. A Chiron Sport egy \u00faj kipufog\u00f3rendszerrel is rendelkezik, amely k\u00f6nnyebb \u00e9s kisebb ellennyom\u00e1s\u00fa, mint a standard Chiron, ami jobb teljes\u00edtm\u00e9nyt tesz lehet\u0151v\u00e9.<\/div>","protected":false},"excerpt":{"rendered":"<p>M\u00e1rka: Custom<br \/>\nNem: Uniszex<br \/>\nKorhat\u00e1r: &gt; 16 \u00e9v<br \/>\nModellsz\u00e1m: KK6892<br \/>\nBesorol\u00e1s: \u00d6sszeszerel\u00e9s<br \/>\nM\u0171anyag blokk forma: \u00f6nz\u00e1r\u00f3 t\u00e9gla<br \/>\nAnyaga: M\u0171anyag<br \/>\nM\u0171anyag t\u00edpus: ABS<br \/>\nT\u00e9gla T\u00e9gla: 3619 +<br \/>\nEredeti doboza nincs<\/p>","protected":false},"featured_media":42828,"comment_status":"open","ping_status":"closed","template":"","meta":{"_acf_changed":false},"product_cat":[1360,1357,364],"product_tag":[1730,457,9214,11150,11515,389,11080],"class_list":["product","first","instock","shipping-taxable","purchasable","product-type-simple"],"acf":[],"_links":{"self":[{"href":"https:\/\/mouldking.store\/hu\/wp-json\/wp\/v2\/product\/42832","targetHints":{"allow":["GET"]}}],"collection":[{"href":"https:\/\/mouldking.store\/hu\/wp-json\/wp\/v2\/product"}],"about":[{"href":"https:\/\/mouldking.store\/hu\/wp-json\/wp\/v2\/types\/product"}],"replies":[{"embeddable":true,"href":"https:\/\/mouldking.store\/hu\/wp-json\/wp\/v2\/comments?post=42832"}],"wp:featuredmedia":[{"embeddable":true,"href":"https:\/\/mouldking.store\/hu\/wp-json\/wp\/v2\/media\/42828"}],"wp:attachment":[{"href":"https:\/\/mouldking.store\/hu\/wp-json\/wp\/v2\/media?parent=42832"}],"wp:term":[{"taxonomy":"product_cat","embeddable":true,"href":"https:\/\/mouldking.store\/hu\/wp-json\/wp\/v2\/product_cat?post=42832"},{"taxonomy":"product_tag","embeddable":true,"href":"https:\/\/mouldking.store\/hu\/wp-json\/wp\/v2\/product_tag?post=42832"}],"curies":[{"name":"wp","href":"https:\/\/api.w.org\/{rel}","templated":true}]}}