{"id":42852,"date":"2023-03-15T10:14:47","date_gmt":"2023-03-15T03:14:47","guid":{"rendered":"https:\/\/mouldking.store\/shop\/mould-king-21066-laat-1-gunboat-with-8039-pieces\/"},"modified":"2023-03-15T10:14:47","modified_gmt":"2023-03-15T03:14:47","slug":"mould-king-21066-laat-1-gunboat-with-8039-pieces","status":"publish","type":"product","link":"https:\/\/mouldking.store\/hu\/shop\/mould-king-21066-laat-1-gunboat-with-8039-pieces\/","title":{"rendered":"MOLD KING 21066 LAAT-1 GunBoat 8039 darabbal"},"content":{"rendered":"<div>\u2705Mould King 21066 LAAT-1 GunBoat<br \/>&nbsp;<br \/>\u2705The LAAT-1 Gunship (Low Altitude Assault Transport\/infantry Gunship) is a fictional vehicle from the Star Wars franchise. It is a military gunboat used by the Galactic Republic during the Clone Wars.<br \/>&nbsp;<br \/>\ud83d\udeab FONTOS!&nbsp;<br \/>&nbsp;<br \/>Product Name: LAAT-1 GunBoat<br \/>&nbsp;<br \/>Kateg\u00f3ria: Star Wars<br \/>&nbsp;<br \/>This Kit Contains: Mould King 21066<br \/>&nbsp;<br \/>8039 pcs Good Quality Bricks&nbsp;<br \/>&nbsp;<br \/>Size: 84.3 \u00d7 38.6 \u00d7 93.3 cm<br \/>&nbsp;<br \/>K\u00e9zi utas\u00edt\u00e1sok&nbsp;<br \/>&nbsp;<br \/>\ud83d\udcccA f\u0151szerepl\u0151 term\u00e9szete&nbsp;<br \/>&nbsp;<br \/>Introducing our proud collection named \u201cLAAT-1 GunBoat\u201d you should not miss.&nbsp;<br \/>&nbsp;<br \/>The LAAT-1 is a heavily armed and armored gunship that can transport troops and equipment into battle. It is capable of vertical takeoff and landing and can hover in place for extended periods of time. It is armed with a variety of weapons, including laser cannons, missile launchers, and a chin-mounted turret. In the Star Wars films and other media, the LAAT-1 Gunship is used by the Republic to transport clone troopers and Jedi Knights into battle. It is featured prominently in the Battle of Geonosis in Star Wars Episode II: Attack of the Clones, and is also seen in other battles throughout the Clone Wars.<\/div>","protected":false},"excerpt":{"rendered":"<p>M\u00e1rka: MOLD KING<br \/>\nNem: Uniszex<br \/>\nKorhat\u00e1r: 14 \u00e9v felett<br \/>\nModel Number: 21066<br \/>\nBesorol\u00e1s: \u00d6sszeszerel\u00e9s<br \/>\nM\u0171anyag blokk forma: \u00f6nz\u00e1r\u00f3 t\u00e9gla<br \/>\nAnyaga: M\u0171anyag<br \/>\nM\u0171anyag t\u00edpus: ABS<br \/>\nBricks Blocks: 8039 +<br \/>\nEredeti doboza nincs<\/p>","protected":false},"featured_media":42851,"comment_status":"open","ping_status":"closed","template":"","meta":{"_acf_changed":false},"product_cat":[1350,1357,372,581,6016,415,364,1408],"product_tag":[11520,11519,374,434,3443,2276,436,389],"class_list":["product","first","instock","shipping-taxable","purchasable","product-type-simple"],"acf":[],"_links":{"self":[{"href":"https:\/\/mouldking.store\/hu\/wp-json\/wp\/v2\/product\/42852","targetHints":{"allow":["GET"]}}],"collection":[{"href":"https:\/\/mouldking.store\/hu\/wp-json\/wp\/v2\/product"}],"about":[{"href":"https:\/\/mouldking.store\/hu\/wp-json\/wp\/v2\/types\/product"}],"replies":[{"embeddable":true,"href":"https:\/\/mouldking.store\/hu\/wp-json\/wp\/v2\/comments?post=42852"}],"wp:featuredmedia":[{"embeddable":true,"href":"https:\/\/mouldking.store\/hu\/wp-json\/wp\/v2\/media\/42851"}],"wp:attachment":[{"href":"https:\/\/mouldking.store\/hu\/wp-json\/wp\/v2\/media?parent=42852"}],"wp:term":[{"taxonomy":"product_cat","embeddable":true,"href":"https:\/\/mouldking.store\/hu\/wp-json\/wp\/v2\/product_cat?post=42852"},{"taxonomy":"product_tag","embeddable":true,"href":"https:\/\/mouldking.store\/hu\/wp-json\/wp\/v2\/product_tag?post=42852"}],"curies":[{"name":"wp","href":"https:\/\/api.w.org\/{rel}","templated":true}]}}