{"id":42859,"date":"2023-03-15T10:25:23","date_gmt":"2023-03-15T03:25:23","guid":{"rendered":"https:\/\/mouldking.store\/shop\/mould-king-12023-world-railway-obb-1189-08-electric-locomotive-with-919-pieces\/"},"modified":"2023-03-15T10:25:23","modified_gmt":"2023-03-15T03:25:23","slug":"mould-king-12023-world-railway-obb-1189-08-electric-locomotive-with-919-pieces","status":"publish","type":"product","link":"https:\/\/mouldking.store\/hu\/shop\/mould-king-12023-world-railway-obb-1189-08-electric-locomotive-with-919-pieces\/","title":{"rendered":"MOLD KING 12023 World Railway: OBB 1189.08 elektromos mozdony 919 darabbal"},"content":{"rendered":"<div>\u2705 Mould King 12023 World Railway: OBB 1189.08 Electric Locomotive<br \/>&nbsp;<br \/>\u2705The \u00d6BB 1189.08 is an electric locomotive used by the Austrian Federal Railways (\u00d6BB) for freight and passenger transport. It was built by the German company Siemens and introduced in 2005 as part of the Eurosprinter family of locomotives.<br \/>&nbsp;<br \/>\ud83d\udeab FONTOS!&nbsp;<br \/>&nbsp;<br \/>Product Name: World Railway: OBB 1189.08 Electric Locomotive<br \/>&nbsp;<br \/>Kateg\u00f3ria: M\u0171szaki<br \/>&nbsp;<br \/>This Kit Contains: Mould King 12023<br \/>&nbsp;<br \/>919 db J\u00f3 min\u0151s\u00e9g\u0171 t\u00e9gla&nbsp;<br \/>&nbsp;<br \/>M\u00e9rete: 48 \u00d7 5,9 \u00d7 13,9 cm<br \/>&nbsp;<br \/>K\u00e9zi utas\u00edt\u00e1sok&nbsp;<br \/>&nbsp;<br \/>\ud83d\udcccA f\u0151szerepl\u0151 term\u00e9szete&nbsp;<br \/>&nbsp;<br \/>Introducing our proud collection named \u201cWorld Railway: OBB 1189.08 Electric Locomotive\u201d you should not miss.&nbsp;<br \/>&nbsp;<br \/>The \u00d6BB 1189.08 is a four-axle locomotive with a maximum power output of 6400 kW, and a top speed of 200 km\/h (124 mph). It is equipped with regenerative braking technology, which allows it to recover and store energy during braking to improve efficiency and reduce wear on the brakes. The locomotive is designed to operate on both AC and DC power, and can be used on a variety of railway lines throughout Europe. It is equipped with advanced safety systems, including automatic train protection and a driver advisory system, to ensure safe and efficient operation.<\/div>","protected":false},"excerpt":{"rendered":"<p>M\u00e1rka: MOLD KING<br \/>\nNem: Uniszex<br \/>\nKoroszt\u00e1ly: 8 \u00e9v felett<br \/>\nModel Number: 12023<br \/>\nBesorol\u00e1s: \u00d6sszeszerel\u00e9s<br \/>\nM\u0171anyag blokk forma: \u00f6nz\u00e1r\u00f3 t\u00e9gla<br \/>\nAnyaga: M\u0171anyag<br \/>\nM\u0171anyag t\u00edpus: ABS<br \/>\nT\u00e9gla T\u00e9gla: 919 +<br \/>\nEredeti doboza nincs<\/p>","protected":false},"featured_media":42853,"comment_status":"open","ping_status":"closed","template":"","meta":{"_acf_changed":false},"product_cat":[1357,364],"product_tag":[9981,2635,11521,11250,389,11080,300],"class_list":["product","first","instock","shipping-taxable","purchasable","product-type-simple"],"acf":[],"_links":{"self":[{"href":"https:\/\/mouldking.store\/hu\/wp-json\/wp\/v2\/product\/42859","targetHints":{"allow":["GET"]}}],"collection":[{"href":"https:\/\/mouldking.store\/hu\/wp-json\/wp\/v2\/product"}],"about":[{"href":"https:\/\/mouldking.store\/hu\/wp-json\/wp\/v2\/types\/product"}],"replies":[{"embeddable":true,"href":"https:\/\/mouldking.store\/hu\/wp-json\/wp\/v2\/comments?post=42859"}],"wp:featuredmedia":[{"embeddable":true,"href":"https:\/\/mouldking.store\/hu\/wp-json\/wp\/v2\/media\/42853"}],"wp:attachment":[{"href":"https:\/\/mouldking.store\/hu\/wp-json\/wp\/v2\/media?parent=42859"}],"wp:term":[{"taxonomy":"product_cat","embeddable":true,"href":"https:\/\/mouldking.store\/hu\/wp-json\/wp\/v2\/product_cat?post=42859"},{"taxonomy":"product_tag","embeddable":true,"href":"https:\/\/mouldking.store\/hu\/wp-json\/wp\/v2\/product_tag?post=42859"}],"curies":[{"name":"wp","href":"https:\/\/api.w.org\/{rel}","templated":true}]}}