{"id":42866,"date":"2023-03-15T10:30:55","date_gmt":"2023-03-15T03:30:55","guid":{"rendered":"https:\/\/mouldking.store\/shop\/mould-king-12021-world-railway-crh380a-high-speed-train-with-1211-pieces\/"},"modified":"2023-03-15T10:30:55","modified_gmt":"2023-03-15T03:30:55","slug":"mould-king-12021-world-railway-crh380a-high-speed-train-with-1211-pieces","status":"publish","type":"product","link":"https:\/\/mouldking.store\/hu\/shop\/mould-king-12021-world-railway-crh380a-high-speed-train-with-1211-pieces\/","title":{"rendered":"MOLD KING 12021 World Railway CRH380A nagysebess\u00e9g\u0171 vonat 1211 darabbal"},"content":{"rendered":"<div>\u2705 Mold King 12021 World Railway CRH380A nagysebess\u00e9g\u0171 vonat<br \/>&nbsp;<br \/>\u2705A CRH380A egy K\u00edn\u00e1ban k\u00f6zleked\u0151 nagysebess\u00e9g\u0171 vonat. A China Railway High-speed (CRH) vonatcsal\u00e1d r\u00e9sze, amely egy sor nagysebess\u00e9g\u0171 \u00e9s goly\u00f3svonat-modellb\u0151l \u00e1ll, amelyeket szem\u00e9lysz\u00e1ll\u00edt\u00e1sra haszn\u00e1lnak K\u00edn\u00e1ban.<br \/>&nbsp;<br \/>\ud83d\udeab FONTOS!&nbsp;<br \/>&nbsp;<br \/>Term\u00e9k neve: World Railway CRH380A nagysebess\u00e9g\u0171 vonat<br \/>&nbsp;<br \/>Kateg\u00f3ria: M\u0171szaki<br \/>&nbsp;<br \/>A k\u00e9szlet tartalma: Mold King 12021&nbsp;<br \/>&nbsp;<br \/>1211 db J\u00f3 min\u0151s\u00e9g\u0171 t\u00e9gla&nbsp;<br \/>&nbsp;<br \/>M\u00e9rete: 56,2 \u00d7 13,7 \u00d7 6,1 cm<br \/>&nbsp;<br \/>K\u00e9zi utas\u00edt\u00e1sok&nbsp;<br \/>&nbsp;<br \/>\ud83d\udcccA f\u0151szerepl\u0151 term\u00e9szete&nbsp;<br \/>&nbsp;<br \/>Bemutatjuk a \u201eWorld Railway CRH380A High-speed Train\u201d nev\u0171 b\u00fcszke kollekci\u00f3nkat, amelyet nem szabad kihagyni.&nbsp;<br \/>&nbsp;<br \/>A CRH380A-t a k\u00ednai CSR Qingdao Sifang Locomotive &amp; Rolling Stock Co. Ltd. tervezte \u00e9s \u00e9p\u00edtette, \u00e9s el\u0151sz\u00f6r 2010-ben mutatt\u00e1k be. V\u00e9gsebess\u00e9ge 380 km\/h (236 mph), \u00e9s jelenleg a leggyorsabb vonat. K\u00edn\u00e1ban. A vonatot elektromos vontat\u00e1s hajtja, maxim\u00e1lis teljes\u00edtm\u00e9nye 22 800 kW. Az utasok k\u00e9nyelm\u00e9re \u00e9s biztons\u00e1g\u00e1ra egyar\u00e1nt tervezt\u00e9k, olyan funkci\u00f3kkal, mint a l\u00e9grug\u00f3z\u00e1s, a zajcs\u00f6kkent\u0151 technol\u00f3gia \u00e9s a fejlett biztons\u00e1gi rendszerek.<\/div>","protected":false},"excerpt":{"rendered":"<p>M\u00e1rka: MOLD KING<br \/>\nNem: Uniszex<br \/>\nKoroszt\u00e1ly: 8 \u00e9v felett<br \/>\nModellsz\u00e1m: 12021<br \/>\nBesorol\u00e1s: \u00d6sszeszerel\u00e9s<br \/>\nM\u0171anyag blokk forma: \u00f6nz\u00e1r\u00f3 t\u00e9gla<br \/>\nAnyaga: M\u0171anyag<br \/>\nM\u0171anyag t\u00edpus: ABS<br \/>\nT\u00e9gla blokkok: 1211 +<br \/>\nEredeti doboza nincs<\/p>","protected":false},"featured_media":42860,"comment_status":"open","ping_status":"closed","template":"","meta":{"_acf_changed":false},"product_cat":[1357,364],"product_tag":[11522,9303,11250,389,11080,300],"class_list":["product","first","instock","shipping-taxable","purchasable","product-type-simple"],"acf":[],"_links":{"self":[{"href":"https:\/\/mouldking.store\/hu\/wp-json\/wp\/v2\/product\/42866","targetHints":{"allow":["GET"]}}],"collection":[{"href":"https:\/\/mouldking.store\/hu\/wp-json\/wp\/v2\/product"}],"about":[{"href":"https:\/\/mouldking.store\/hu\/wp-json\/wp\/v2\/types\/product"}],"replies":[{"embeddable":true,"href":"https:\/\/mouldking.store\/hu\/wp-json\/wp\/v2\/comments?post=42866"}],"wp:featuredmedia":[{"embeddable":true,"href":"https:\/\/mouldking.store\/hu\/wp-json\/wp\/v2\/media\/42860"}],"wp:attachment":[{"href":"https:\/\/mouldking.store\/hu\/wp-json\/wp\/v2\/media?parent=42866"}],"wp:term":[{"taxonomy":"product_cat","embeddable":true,"href":"https:\/\/mouldking.store\/hu\/wp-json\/wp\/v2\/product_cat?post=42866"},{"taxonomy":"product_tag","embeddable":true,"href":"https:\/\/mouldking.store\/hu\/wp-json\/wp\/v2\/product_tag?post=42866"}],"curies":[{"name":"wp","href":"https:\/\/api.w.org\/{rel}","templated":true}]}}