{"id":42880,"date":"2023-03-15T11:20:43","date_gmt":"2023-03-15T04:20:43","guid":{"rendered":"https:\/\/mouldking.store\/shop\/moc-factory-49271-lumber-car-carriage-with-1287-pieces\/"},"modified":"2025-12-16T22:25:10","modified_gmt":"2025-12-16T15:25:10","slug":"moc-factory-49271-lumber-car-carriage-with-1287-pieces","status":"publish","type":"product","link":"https:\/\/mouldking.store\/hu\/shop\/moc-factory-49271-lumber-car-carriage-with-1287-pieces\/","title":{"rendered":"MOC gy\u00e1ri 49271 f\u0171r\u00e9sz\u00e1ru aut\u00f3 kocsi 1287 darabbal"},"content":{"rendered":"<div>\u2705 MOC-49271 f\u0171r\u00e9sz\u00e1ru aut\u00f3sz\u00e1ll\u00edt\u00f3<\/p>\n<p>\u2705A f\u0171r\u00e9sz\u00e1ru kocsi, m\u00e1s n\u00e9ven s\u00edkkocsi, egyfajta vas\u00fati teherkocsi, amelyet f\u0171r\u00e9sz\u00e1ru \u00e9s m\u00e1s nagy, neh\u00e9z t\u00e1rgyak sz\u00e1ll\u00edt\u00e1s\u00e1ra haszn\u00e1lnak. Nyitott, lapos fed\u00e9lzetre tervezt\u00e9k, amely lehet\u0151v\u00e9 teszi a rakom\u00e1ny k\u00f6nny\u0171 be- \u00e9s kirakod\u00e1s\u00e1t, \u00e9s gyakran haszn\u00e1lj\u00e1k olyan \u00e1ruk sz\u00e1ll\u00edt\u00e1s\u00e1ra, amelyek nem f\u00e9rnek el szabv\u00e1nyos z\u00e1rt dobozos kocsikban.<\/p>\n<p>\ud83d\udeab FONTOS!<\/p>\n<p>Term\u00e9k neve: F\u0171r\u00e9sz\u00e1ru aut\u00f3sz\u00e1ll\u00edt\u00f3<\/p>\n<p>Kateg\u00f3ria: M\u0171szaki<\/p>\n<p>A k\u00e9szlet tartalma: MOC-49271&nbsp;<\/p>\n<p>1287 db J\u00f3 min\u0151s\u00e9g\u0171 t\u00e9gla<\/p>\n<p>S\u00faly: 1000g<\/p>\n<p>PDF \u00datmutat\u00f3<\/p>\n<p>\ud83d\udcccA f\u0151szerepl\u0151 term\u00e9szete<\/p>\n<p>Bemutatjuk b\u00fcszke kollekci\u00f3nkat, a \u201eLumber Carriage\u201d nevet, amit nem szabad kihagyni.<\/p>\n<p>A f\u0171r\u00e9sz\u00e1ru kocsik \u00e1ltal\u00e1ban kar\u00f3zsebekkel \u00e9s r\u00f6gz\u00edt\u00e9si pontokkal rendelkeznek a fed\u00e9lzet oldalain, hogy r\u00f6gz\u00edts\u00e9k a rakom\u00e1nyt a sz\u00e1ll\u00edt\u00e1s sor\u00e1n. Egyes f\u0171r\u00e9sz\u00e1ru kocsik elt\u00e1vol\u00edthat\u00f3 oldalakkal is felszerelhet\u0151k, lehet\u0151v\u00e9 t\u00e9ve m\u00e1s t\u00edpus\u00fa \u00e1ruk sz\u00e1ll\u00edt\u00e1s\u00e1t, ha nem sz\u00e1ll\u00edtanak f\u0171r\u00e9sz\u00e1rut. A f\u0171r\u00e9sz\u00e1ru kocsik a sz\u00e1ll\u00edtott rakom\u00e1ny ig\u00e9nyeit\u0151l f\u00fcgg\u0151en k\u00fcl\u00f6nb\u00f6z\u0151 m\u00e9ret\u0171ek \u00e9s s\u00faly\u00faak. \u00c1ltal\u00e1ban az erd\u00e9szeti term\u00e9kiparban haszn\u00e1lj\u00e1k r\u00f6nk\u00f6k, f\u0171r\u00e9sz\u00e1ru \u00e9s egy\u00e9b faterm\u00e9kek sz\u00e1ll\u00edt\u00e1s\u00e1ra, valamint m\u00e1s ipar\u00e1gakban neh\u00e9zg\u00e9pek, nagy cs\u00f6vek \u00e9s egy\u00e9b t\u00falm\u00e9retezett t\u00e1rgyak sz\u00e1ll\u00edt\u00e1s\u00e1ra.<\/p><\/div>","protected":false},"excerpt":{"rendered":"<p>M\u00e1rka: MOC Factory<br \/>\nNem: Uniszex<br \/>\nKoroszt\u00e1ly: &gt; 12 \u00e9ves<br \/>\nModellsz\u00e1m: 49271<br \/>\nBesorol\u00e1s: \u00d6sszeszerel\u00e9s<br \/>\nM\u0171anyag blokk forma: \u00f6nz\u00e1r\u00f3 t\u00e9gla<br \/>\nAnyaga: M\u0171anyag<br \/>\nM\u0171anyag t\u00edpus: ABS<br \/>\nT\u00e9gla T\u00e9gla: 1287 +<br \/>\nRendel\u00e9si id\u0151: 4-8 h\u00e9t<\/p>","protected":false},"featured_media":42874,"comment_status":"open","ping_status":"closed","template":"","meta":{"_acf_changed":false},"product_cat":[1360,1357,364],"product_tag":[457,991,11525,389,11080],"class_list":["product","first","instock","shipping-taxable","purchasable","product-type-simple"],"acf":[],"_links":{"self":[{"href":"https:\/\/mouldking.store\/hu\/wp-json\/wp\/v2\/product\/42880","targetHints":{"allow":["GET"]}}],"collection":[{"href":"https:\/\/mouldking.store\/hu\/wp-json\/wp\/v2\/product"}],"about":[{"href":"https:\/\/mouldking.store\/hu\/wp-json\/wp\/v2\/types\/product"}],"replies":[{"embeddable":true,"href":"https:\/\/mouldking.store\/hu\/wp-json\/wp\/v2\/comments?post=42880"}],"wp:featuredmedia":[{"embeddable":true,"href":"https:\/\/mouldking.store\/hu\/wp-json\/wp\/v2\/media\/42874"}],"wp:attachment":[{"href":"https:\/\/mouldking.store\/hu\/wp-json\/wp\/v2\/media?parent=42880"}],"wp:term":[{"taxonomy":"product_cat","embeddable":true,"href":"https:\/\/mouldking.store\/hu\/wp-json\/wp\/v2\/product_cat?post=42880"},{"taxonomy":"product_tag","embeddable":true,"href":"https:\/\/mouldking.store\/hu\/wp-json\/wp\/v2\/product_tag?post=42880"}],"curies":[{"name":"wp","href":"https:\/\/api.w.org\/{rel}","templated":true}]}}