{"id":42887,"date":"2023-03-15T11:26:50","date_gmt":"2023-03-15T04:26:50","guid":{"rendered":"https:\/\/mouldking.store\/shop\/moc-factory-115454-jemhadar-battlecruiser-with-542-pieces\/"},"modified":"2025-12-16T22:25:10","modified_gmt":"2025-12-16T15:25:10","slug":"moc-factory-115454-jemhadar-battlecruiser-with-542-pieces","status":"publish","type":"product","link":"https:\/\/mouldking.store\/hu\/shop\/moc-factory-115454-jemhadar-battlecruiser-with-542-pieces\/","title":{"rendered":"MOC Factory 115454 Jem&#039;Hadar csatacirk\u00e1l\u00f3 542 darabbal"},"content":{"rendered":"<div>\u2705 MOC-115454 Jem&#8217;Hadar Battlecruiser<\/p>\n<p>\u2705The Jem&#8217;Hadar Battlecruiser is a fictional starship that appears in the science fiction television series, Star Trek: Deep Space Nine. It is a warship used by the Jem&#8217;Hadar, a genetically-engineered race bred for warfare by the Dominion, a powerful interstellar empire.<\/p>\n<p>\ud83d\udeab FONTOS!<\/p>\n<p>Product Name: Jem&#8217;Hadar Battlecruiser<\/p>\n<p>Kateg\u00f3ria: \u0170r<\/p>\n<p>This Kit Contains: MOC-115454<\/p>\n<p>542 pcs Good Quality Bricks<\/p>\n<p>S\u00faly: 500g<\/p>\n<p>PDF \u00datmutat\u00f3<\/p>\n<p>\ud83d\udcccA f\u0151szerepl\u0151 term\u00e9szete<\/p>\n<p>Introducing our proud collection named \u201cJem&#8217;Hadar Battlecruiser\u201d you should not miss.<\/p>\n<p>The Jem&#8217;Hadar Battlecruiser is a heavily-armed and armored starship, equipped with powerful phaser arrays and photon torpedoes. It is also equipped with advanced shielding technology and a cloaking device, which allows it to operate stealthily in enemy territory. The ship is crewed by Jem&#8217;Hadar soldiers, who are highly trained and fiercely loyal to the Dominion. The Jem&#8217;Hadar Battlecruiser is often used for reconnaissance and surprise attacks on enemy vessels, and has been a formidable opponent for the Federation and other powers in the Star Trek universe.<\/p><\/div>","protected":false},"excerpt":{"rendered":"<p>M\u00e1rka: MOC Factory<br \/>\nNem: Uniszex<br \/>\nKoroszt\u00e1ly: &gt; 12 \u00e9ves<br \/>\nModel Number: 115454<br \/>\nBesorol\u00e1s: \u00d6sszeszerel\u00e9s<br \/>\nM\u0171anyag blokk forma: \u00f6nz\u00e1r\u00f3 t\u00e9gla<br \/>\nAnyaga: M\u0171anyag<br \/>\nM\u0171anyag t\u00edpus: ABS<br \/>\nBricks Blocks: 542 +<br \/>\nRendel\u00e9si id\u0151: 4-8 h\u00e9t<\/p>","protected":false},"featured_media":42881,"comment_status":"open","ping_status":"closed","template":"","meta":{"_acf_changed":false},"product_cat":[1357,6016,364],"product_tag":[11526,2276,11433,389],"class_list":["product","first","instock","shipping-taxable","purchasable","product-type-simple"],"acf":[],"_links":{"self":[{"href":"https:\/\/mouldking.store\/hu\/wp-json\/wp\/v2\/product\/42887","targetHints":{"allow":["GET"]}}],"collection":[{"href":"https:\/\/mouldking.store\/hu\/wp-json\/wp\/v2\/product"}],"about":[{"href":"https:\/\/mouldking.store\/hu\/wp-json\/wp\/v2\/types\/product"}],"replies":[{"embeddable":true,"href":"https:\/\/mouldking.store\/hu\/wp-json\/wp\/v2\/comments?post=42887"}],"wp:featuredmedia":[{"embeddable":true,"href":"https:\/\/mouldking.store\/hu\/wp-json\/wp\/v2\/media\/42881"}],"wp:attachment":[{"href":"https:\/\/mouldking.store\/hu\/wp-json\/wp\/v2\/media?parent=42887"}],"wp:term":[{"taxonomy":"product_cat","embeddable":true,"href":"https:\/\/mouldking.store\/hu\/wp-json\/wp\/v2\/product_cat?post=42887"},{"taxonomy":"product_tag","embeddable":true,"href":"https:\/\/mouldking.store\/hu\/wp-json\/wp\/v2\/product_tag?post=42887"}],"curies":[{"name":"wp","href":"https:\/\/api.w.org\/{rel}","templated":true}]}}