{"id":42900,"date":"2023-03-15T11:52:20","date_gmt":"2023-03-15T04:52:20","guid":{"rendered":"https:\/\/mouldking.store\/shop\/moc-factory-132661-black-falcons-fortress-classic-castle-with-6710-pieces\/"},"modified":"2025-12-16T22:25:10","modified_gmt":"2025-12-16T15:25:10","slug":"moc-factory-132661-black-falcons-fortress-classic-castle-with-6710-pieces","status":"publish","type":"product","link":"https:\/\/mouldking.store\/hu\/shop\/moc-factory-132661-black-falcons-fortress-classic-castle-with-6710-pieces\/","title":{"rendered":"MOC Factory 132661 Black Falcon&#039;s Fortress \u2013 Klasszikus kast\u00e9ly 6710 darabbal"},"content":{"rendered":"<div>\u2705 MOC-132661 Fekete S\u00f3lyom er\u0151dje \u2013 Klasszikus kast\u00e9ly<\/p>\n<p>\u2705A Black Falcon&#039;s Fortress egy t\u00e9gl\u00e1b\u00f3l k\u00e9sz\u00fclt Classic Castle k\u00e9szlet, amelyet el\u0151sz\u00f6r 2023-ban adtak ki. A Black Falcons frakci\u00f3 r\u00e9sze, amely a Classic Castle t\u00e9ma egyik kital\u00e1lt frakci\u00f3ja.<\/p>\n<p>\ud83d\udeab FONTOS!<\/p>\n<p>Term\u00e9k neve: Fekete S\u00f3lyom er\u0151dje \u2013 Klasszikus kast\u00e9ly<\/p>\n<p>Kateg\u00f3ria: Modul\u00e1ris \u00e9p\u00fclet<\/p>\n<p>A k\u00e9szlet tartalma: MOC-132661&nbsp;<\/p>\n<p>6710 db J\u00f3 min\u0151s\u00e9g\u0171 t\u00e9gla<\/p>\n<p>M\u00e9rete: 53,34 x 53,34 x 45,72 cm<\/p>\n<p>S\u00faly: 5800g<\/p>\n<p>PDF \u00datmutat\u00f3<\/p>\n<p>\ud83d\udcccA f\u0151szerepl\u0151 term\u00e9szete<\/p>\n<p>B\u00fcszke kollekci\u00f3nkat, a \u201eFekete S\u00f3lyom Er\u0151d \u2013 Klasszikus Kast\u00e9ly\u201d n\u00e9vre keresztelt bemutatkoz\u00e1st \u00e9rdemes kihagyni.<\/p>\n<p>A k\u00e9szlet tartalmaz egy nagy er\u0151d\u00edtm\u00e9nyt felvon\u00f3h\u00edddal, kapuh\u00e1zat, tornyokat \u00e9s k\u00f6zponti tornyot. T\u00f6bb Black Falcons lovag, n\u00e9h\u00e1ny \u00edj\u00e1sz \u00e9s n\u00e9h\u00e1ny kieg\u00e9sz\u00edt\u0151, p\u00e9ld\u00e1ul fegyverek \u00e9s pajzsok is j\u00e1r hozz\u00e1. A Fekete S\u00f3lyom er\u0151dje a klasszikus kast\u00e9ly t\u00e9ma egyik legnagyobb \u00e9s legleny\u0171g\u00f6z\u0151bb d\u00edszlete volt, \u00e9s tov\u00e1bbra is n\u00e9pszer\u0171 \u00e9s keresett d\u00edszlet a t\u00e9glagy\u0171jt\u0151k \u00e9s a t\u00e9ma rajong\u00f3i k\u00f6r\u00e9ben. M\u00e9ret\u00e9r\u0151l, r\u00e9szletess\u00e9g\u00e9r\u0151l \u00e9s j\u00e1tszhat\u00f3s\u00e1g\u00e1r\u00f3l volt nevezetes, \u00e9s hozz\u00e1j\u00e1rult ahhoz, hogy a Black Falcons a Classic Castle vonal egyik legikonikusabb frakci\u00f3ja legyen.<\/p><\/div>","protected":false},"excerpt":{"rendered":"<p>M\u00e1rka: MOC Factory<br \/>\nNem: Uniszex<br \/>\nKoroszt\u00e1ly: &gt; 12 \u00e9ves<br \/>\nModellsz\u00e1m: 132661<br \/>\nBesorol\u00e1s: \u00d6sszeszerel\u00e9s<br \/>\nM\u0171anyag blokk forma: \u00f6nz\u00e1r\u00f3 t\u00e9gla<br \/>\nAnyaga: M\u0171anyag<br \/>\nM\u0171anyag t\u00edpus: ABS<br \/>\nT\u00e9gla T\u00e9gla: 6710 +<br \/>\nRendel\u00e9si id\u0151: 4-8 h\u00e9t<\/p>","protected":false},"featured_media":42895,"comment_status":"open","ping_status":"closed","template":"","meta":{"_acf_changed":false},"product_cat":[1365,1395,390],"product_tag":[11462,787,11528,8452,5349,8659,11099,392],"class_list":["product","first","instock","shipping-taxable","purchasable","product-type-simple"],"acf":[],"_links":{"self":[{"href":"https:\/\/mouldking.store\/hu\/wp-json\/wp\/v2\/product\/42900","targetHints":{"allow":["GET"]}}],"collection":[{"href":"https:\/\/mouldking.store\/hu\/wp-json\/wp\/v2\/product"}],"about":[{"href":"https:\/\/mouldking.store\/hu\/wp-json\/wp\/v2\/types\/product"}],"replies":[{"embeddable":true,"href":"https:\/\/mouldking.store\/hu\/wp-json\/wp\/v2\/comments?post=42900"}],"wp:featuredmedia":[{"embeddable":true,"href":"https:\/\/mouldking.store\/hu\/wp-json\/wp\/v2\/media\/42895"}],"wp:attachment":[{"href":"https:\/\/mouldking.store\/hu\/wp-json\/wp\/v2\/media?parent=42900"}],"wp:term":[{"taxonomy":"product_cat","embeddable":true,"href":"https:\/\/mouldking.store\/hu\/wp-json\/wp\/v2\/product_cat?post=42900"},{"taxonomy":"product_tag","embeddable":true,"href":"https:\/\/mouldking.store\/hu\/wp-json\/wp\/v2\/product_tag?post=42900"}],"curies":[{"name":"wp","href":"https:\/\/api.w.org\/{rel}","templated":true}]}}