{"id":42912,"date":"2023-03-15T12:06:43","date_gmt":"2023-03-15T05:06:43","guid":{"rendered":"https:\/\/mouldking.store\/shop\/moc-factory-137009-forest-mens-camp-with-1148-pieces\/"},"modified":"2025-12-16T22:25:10","modified_gmt":"2025-12-16T15:25:10","slug":"moc-factory-137009-forest-mens-camp-with-1148-pieces","status":"publish","type":"product","link":"https:\/\/mouldking.store\/hu\/shop\/moc-factory-137009-forest-mens-camp-with-1148-pieces\/","title":{"rendered":"MOC Factory 137009 Forest F\u00e9rfi t\u00e1bor 1148 darabbal"},"content":{"rendered":"<div>\u2705 MOC-137009 Forest Men&#8217;s Camp<\/p>\n<p>\u2705The Forest Men&#8217;s Camp is a brick building set that was part of the brick Castle theme. The set was first released in 2023 and was designed to be compatible with other Castle sets of the time.<\/p>\n<p>\ud83d\udeab FONTOS!<\/p>\n<p>Product Name: Forest Men&#8217;s Camp<\/p>\n<p>Kateg\u00f3ria: Modul\u00e1ris \u00e9p\u00fclet<\/p>\n<p>This Kit Contains: MOC-137009<\/p>\n<p>1148 pcs Good Quality Bricks<\/p>\n<p>Weight: 950g<\/p>\n<p>PDF \u00datmutat\u00f3<\/p>\n<p>\ud83d\udcccA f\u0151szerepl\u0151 term\u00e9szete<\/p>\n<p>Introducing our proud collection named \u201cForest Men&#8217;s Camp\u201d you should not miss.<\/p>\n<p>The Forest Men&#8217;s Camp set includes a small campsite in a forest, featuring several tree platforms, a small hut, a campfire, and various accessories such as a wagon, a treasure chest, and weapons for the minifigures.<\/p><\/div>","protected":false},"excerpt":{"rendered":"<p>M\u00e1rka: MOC Factory<br \/>\nNem: Uniszex<br \/>\nKoroszt\u00e1ly: &gt; 12 \u00e9ves<br \/>\nModel Number: 137009<br \/>\nBesorol\u00e1s: \u00d6sszeszerel\u00e9s<br \/>\nM\u0171anyag blokk forma: \u00f6nz\u00e1r\u00f3 t\u00e9gla<br \/>\nAnyaga: M\u0171anyag<br \/>\nM\u0171anyag t\u00edpus: ABS<br \/>\nBricks Blocks: 1148 +<br \/>\nRendel\u00e9si id\u0151: 4-8 h\u00e9t<\/p>","protected":false},"featured_media":42908,"comment_status":"open","ping_status":"closed","template":"","meta":{"_acf_changed":false},"product_cat":[1365,1395,390],"product_tag":[10933,8452,8857,11099,392],"class_list":["product","first","instock","shipping-taxable","purchasable","product-type-simple"],"acf":[],"_links":{"self":[{"href":"https:\/\/mouldking.store\/hu\/wp-json\/wp\/v2\/product\/42912","targetHints":{"allow":["GET"]}}],"collection":[{"href":"https:\/\/mouldking.store\/hu\/wp-json\/wp\/v2\/product"}],"about":[{"href":"https:\/\/mouldking.store\/hu\/wp-json\/wp\/v2\/types\/product"}],"replies":[{"embeddable":true,"href":"https:\/\/mouldking.store\/hu\/wp-json\/wp\/v2\/comments?post=42912"}],"wp:featuredmedia":[{"embeddable":true,"href":"https:\/\/mouldking.store\/hu\/wp-json\/wp\/v2\/media\/42908"}],"wp:attachment":[{"href":"https:\/\/mouldking.store\/hu\/wp-json\/wp\/v2\/media?parent=42912"}],"wp:term":[{"taxonomy":"product_cat","embeddable":true,"href":"https:\/\/mouldking.store\/hu\/wp-json\/wp\/v2\/product_cat?post=42912"},{"taxonomy":"product_tag","embeddable":true,"href":"https:\/\/mouldking.store\/hu\/wp-json\/wp\/v2\/product_tag?post=42912"}],"curies":[{"name":"wp","href":"https:\/\/api.w.org\/{rel}","templated":true}]}}