{"id":42929,"date":"2023-03-15T12:26:45","date_gmt":"2023-03-15T05:26:45","guid":{"rendered":"https:\/\/mouldking.store\/shop\/moc-factory-36789-the-horrid-mermaid-pirate-ship-with-1411-pieces\/"},"modified":"2025-12-16T22:25:10","modified_gmt":"2025-12-16T15:25:10","slug":"moc-factory-36789-the-horrid-mermaid-pirate-ship-with-1411-pieces","status":"publish","type":"product","link":"https:\/\/mouldking.store\/hu\/shop\/moc-factory-36789-the-horrid-mermaid-pirate-ship-with-1411-pieces\/","title":{"rendered":"MOC Factory 36789 The Horrid Mermaid Kal\u00f3zhaj\u00f3 1411 darabbal"},"content":{"rendered":"<div>\u2705 MOC-36789 The Horrid Mermaid Pirate Ship<\/p>\n<p>\u2705The Horrid Mermaid is a brick building set that was part of the brick Pirates theme. The set was released in 2023 and is designed for children ages 12+.<\/p>\n<p>\ud83d\udeab FONTOS!<\/p>\n<p>Product Name: The Horrid Mermaid Pirate Ship<\/p>\n<p>Kateg\u00f3ria: M\u0171szaki<\/p>\n<p>This Kit Contains: MOC-36789<\/p>\n<p>1411 pcs Good Quality Bricks<\/p>\n<p>Weight: 1400g<\/p>\n<p>PDF \u00datmutat\u00f3<\/p>\n<p>\ud83d\udcccA f\u0151szerepl\u0151 term\u00e9szete<\/p>\n<p>Introducing our proud collection named \u201cThe Horrid Mermaid Pirate Ship\u201d you should not miss.<\/p>\n<p>The set includes a pirate ship, a mermaid figure, and several minifigures representing the pirates. The pirate ship features a detachable mermaid figurehead and a hidden compartment where the mermaid can be held captive. The set also includes various accessories such as weapons, treasure, and a shark figure.<\/p><\/div>","protected":false},"excerpt":{"rendered":"<p>M\u00e1rka: MOC Factory<br \/>\nNem: Uniszex<br \/>\nKoroszt\u00e1ly: &gt; 12 \u00e9ves<br \/>\nModel Number: 36789<br \/>\nBesorol\u00e1s: \u00d6sszeszerel\u00e9s<br \/>\nM\u0171anyag blokk forma: \u00f6nz\u00e1r\u00f3 t\u00e9gla<br \/>\nAnyaga: M\u0171anyag<br \/>\nM\u0171anyag t\u00edpus: ABS<br \/>\nBricks Blocks: 1411 +<br \/>\nRendel\u00e9si id\u0151: 4-8 h\u00e9t<\/p>","protected":false},"featured_media":42924,"comment_status":"open","ping_status":"closed","template":"","meta":{"_acf_changed":false},"product_cat":[1357,364],"product_tag":[11099,11532,8704,389],"class_list":["product","first","instock","shipping-taxable","purchasable","product-type-simple"],"acf":[],"_links":{"self":[{"href":"https:\/\/mouldking.store\/hu\/wp-json\/wp\/v2\/product\/42929","targetHints":{"allow":["GET"]}}],"collection":[{"href":"https:\/\/mouldking.store\/hu\/wp-json\/wp\/v2\/product"}],"about":[{"href":"https:\/\/mouldking.store\/hu\/wp-json\/wp\/v2\/types\/product"}],"replies":[{"embeddable":true,"href":"https:\/\/mouldking.store\/hu\/wp-json\/wp\/v2\/comments?post=42929"}],"wp:featuredmedia":[{"embeddable":true,"href":"https:\/\/mouldking.store\/hu\/wp-json\/wp\/v2\/media\/42924"}],"wp:attachment":[{"href":"https:\/\/mouldking.store\/hu\/wp-json\/wp\/v2\/media?parent=42929"}],"wp:term":[{"taxonomy":"product_cat","embeddable":true,"href":"https:\/\/mouldking.store\/hu\/wp-json\/wp\/v2\/product_cat?post=42929"},{"taxonomy":"product_tag","embeddable":true,"href":"https:\/\/mouldking.store\/hu\/wp-json\/wp\/v2\/product_tag?post=42929"}],"curies":[{"name":"wp","href":"https:\/\/api.w.org\/{rel}","templated":true}]}}