{"id":42935,"date":"2023-03-15T12:41:33","date_gmt":"2023-03-15T05:41:33","guid":{"rendered":"https:\/\/mouldking.store\/shop\/moc-factory-41988-eurofighter-typhoon-with-1108-pieces\/"},"modified":"2025-12-16T22:25:10","modified_gmt":"2025-12-16T15:25:10","slug":"moc-factory-41988-eurofighter-typhoon-with-1108-pieces","status":"publish","type":"product","link":"https:\/\/mouldking.store\/hu\/shop\/moc-factory-41988-eurofighter-typhoon-with-1108-pieces\/","title":{"rendered":"MOC Factory 41988 Eurofighter Typhoon 1108 darabbal"},"content":{"rendered":"<div>\u2705 MOC-41988 Eurofighter Typhoon<\/p>\n<p>\u2705Az Eurofighter Typhoon egy k\u00e9thajt\u00f3m\u0171ves, t\u00f6bbc\u00e9l\u00fa vad\u00e1szrep\u00fcl\u0151g\u00e9p, amelyet eur\u00f3pai rep\u00fcl\u0151g\u00e9pipari v\u00e1llalatok \u2013 k\u00f6zt\u00fck az Airbus, a BAE Systems \u00e9s a Leonardo \u2013 konzorciuma tervezett \u00e9s \u00e9p\u00edtett. A rep\u00fcl\u0151g\u00e9pet t\u00f6bb eur\u00f3pai orsz\u00e1g haszn\u00e1lja, k\u00f6zt\u00fck az Egyes\u00fclt Kir\u00e1lys\u00e1g, N\u00e9metorsz\u00e1g, Spanyolorsz\u00e1g \u00e9s Olaszorsz\u00e1g, valamint Sza\u00fad-Ar\u00e1bia \u00e9s Om\u00e1n.<\/p>\n<p>\ud83d\udeab FONTOS!<\/p>\n<p>Term\u00e9k neve: Eurofighter Typhoon<\/p>\n<p>Kateg\u00f3ria: Katonai<\/p>\n<p>A k\u00e9szlet tartalma: MOC-41988<\/p>\n<p>1108 db J\u00f3 min\u0151s\u00e9g\u0171 t\u00e9gla<\/p>\n<p>S\u00faly: 1100g<\/p>\n<p>PDF \u00datmutat\u00f3<\/p>\n<p>\ud83d\udcccA f\u0151szerepl\u0151 term\u00e9szete<\/p>\n<p>Bemutatjuk b\u00fcszke \u201eEurofighter Typhoon\u201d kollekci\u00f3nkat, amelyet nem szabad kihagyni.<\/p>\n<p>Az Eurofighter Typhoont rendk\u00edv\u00fcl man\u0151verezhet\u0151, mozg\u00e9kony \u00e9s sokoldal\u00fa rep\u00fcl\u0151g\u00e9pnek tervezt\u00e9k, amely sz\u00e1mos k\u00fcldet\u00e9st k\u00e9pes v\u00e9grehajtani, bele\u00e9rtve a leveg\u0151-leveg\u0151 harcot, a leveg\u0151-f\u00f6ld t\u00e1mad\u00e1st \u00e9s a felder\u00edt\u00e9st. Fejlett rep\u00fcl\u00e9selektronikai \u00e9s fegyverrendszerekkel van felszerelve, bele\u00e9rtve a kifinomult radarrendszert, rak\u00e9tarendszereket \u00e9s elektronikus hadvisel\u00e9si berendez\u00e9seket. Az Eurofighter Typhoon sz\u00e1mos katonai m\u0171veletben vett r\u00e9szt, k\u00f6zt\u00fck a NATO l\u00edbiai m\u0171veleteiben \u00e9s a balti l\u00e9girend\u00e9szeti misszi\u00f3ban. A vil\u00e1g egyik legfejlettebb \u00e9s legtehets\u00e9gesebb vad\u00e1szrep\u00fcl\u0151g\u00e9pek\u00e9nt tartj\u00e1k sz\u00e1mon, \u00e9s gyakran hasonl\u00edtj\u00e1k \u00f6ssze m\u00e1s modern vad\u00e1szrep\u00fcl\u0151g\u00e9pekkel, mint p\u00e9ld\u00e1ul az F-22 Raptor \u00e9s az F-35 Lightning II.<\/p><\/div>","protected":false},"excerpt":{"rendered":"<p>M\u00e1rka: MOC Factory<br \/>\nNem: Uniszex<br \/>\nKoroszt\u00e1ly: &gt; 12 \u00e9ves<br \/>\nModellsz\u00e1m: 41988<br \/>\nBesorol\u00e1s: \u00d6sszeszerel\u00e9s<br \/>\nM\u0171anyag blokk forma: \u00f6nz\u00e1r\u00f3 t\u00e9gla<br \/>\nAnyaga: M\u0171anyag<br \/>\nM\u0171anyag t\u00edpus: ABS<br \/>\nT\u00e9gla T\u00e9gla: 1108 +<br \/>\nRendel\u00e9si id\u0151: 4-8 h\u00e9t<\/p>","protected":false},"featured_media":42930,"comment_status":"open","ping_status":"closed","template":"","meta":{"_acf_changed":false},"product_cat":[1350,1357,372,364],"product_tag":[11534,11533,374,389,11535],"class_list":["product","first","instock","shipping-taxable","purchasable","product-type-simple"],"acf":[],"_links":{"self":[{"href":"https:\/\/mouldking.store\/hu\/wp-json\/wp\/v2\/product\/42935","targetHints":{"allow":["GET"]}}],"collection":[{"href":"https:\/\/mouldking.store\/hu\/wp-json\/wp\/v2\/product"}],"about":[{"href":"https:\/\/mouldking.store\/hu\/wp-json\/wp\/v2\/types\/product"}],"replies":[{"embeddable":true,"href":"https:\/\/mouldking.store\/hu\/wp-json\/wp\/v2\/comments?post=42935"}],"wp:featuredmedia":[{"embeddable":true,"href":"https:\/\/mouldking.store\/hu\/wp-json\/wp\/v2\/media\/42930"}],"wp:attachment":[{"href":"https:\/\/mouldking.store\/hu\/wp-json\/wp\/v2\/media?parent=42935"}],"wp:term":[{"taxonomy":"product_cat","embeddable":true,"href":"https:\/\/mouldking.store\/hu\/wp-json\/wp\/v2\/product_cat?post=42935"},{"taxonomy":"product_tag","embeddable":true,"href":"https:\/\/mouldking.store\/hu\/wp-json\/wp\/v2\/product_tag?post=42935"}],"curies":[{"name":"wp","href":"https:\/\/api.w.org\/{rel}","templated":true}]}}