{"id":42941,"date":"2023-03-15T13:15:56","date_gmt":"2023-03-15T06:15:56","guid":{"rendered":"https:\/\/mouldking.store\/shop\/moc-factory-37497-boeing-mh-47-g-special-ops-chinook-with-1758-pieces\/"},"modified":"2025-12-16T22:25:10","modified_gmt":"2025-12-16T15:25:10","slug":"moc-factory-37497-boeing-mh-47-g-special-ops-chinook-with-1758-pieces","status":"publish","type":"product","link":"https:\/\/mouldking.store\/hu\/shop\/moc-factory-37497-boeing-mh-47-g-special-ops-chinook-with-1758-pieces\/","title":{"rendered":"MOC Factory 37497 Boeing MH-47 G Special Ops Chinook 1758 darabbal"},"content":{"rendered":"<div>\u2705 MOC-37497 Boeing MH-47 G Special Ops Chinook<\/p>\n<p>\u2705A Boeing MH-47 G Special Ops Chinook a Chinook helikopter egy v\u00e1ltozata, amelyet kifejezetten a k\u00fcl\u00f6nleges m\u0171veleti er\u0151k \u00e1ltali haszn\u00e1latra alak\u00edtottak \u00e1t. Az MH-47 G-t els\u0151sorban az Egyes\u00fclt \u00c1llamok Hadsereg\u00e9nek 160. k\u00fcl\u00f6nleges hadm\u0171veleti rep\u00fcl\u0151ezredje, m\u00e1s n\u00e9ven \u201e\u00e9jszakai lop\u00f3k\u201d haszn\u00e1lja.<\/p>\n<p>\ud83d\udeab FONTOS!<\/p>\n<p>Term\u00e9kn\u00e9v: Boeing MH-47 G Special Ops Chinook<\/p>\n<p>Kateg\u00f3ria: Katonai<\/p>\n<p>A k\u00e9szlet tartalma: MOC-37497<\/p>\n<p>1758 db J\u00f3 min\u0151s\u00e9g\u0171 t\u00e9gla<\/p>\n<p>S\u00faly: 1700g<\/p>\n<p>PDF \u00datmutat\u00f3<\/p>\n<p>\ud83d\udcccA f\u0151szerepl\u0151 term\u00e9szete<\/p>\n<p>Bemutatjuk a \u201eBoeing MH-47 G Special Ops Chinook\u201d nev\u0171 b\u00fcszke kollekci\u00f3nkat, amelyet nem szabad kihagyni.<\/p>\n<p>Az MH-47 G-t \u00fagy tervezt\u00e9k, hogy fejlett sz\u00e1ll\u00edt\u00e1si k\u00e9pess\u00e9geket biztos\u00edtson a k\u00fcl\u00f6nleges m\u0171veleti er\u0151k sz\u00e1m\u00e1ra, lehet\u0151v\u00e9 t\u00e9ve sz\u00e1mukra, hogy gyorsan \u00e9s lopakodva sz\u00e1ll\u00edts\u00e1k a szem\u00e9lyzetet \u00e9s a felszerel\u00e9st ellens\u00e9ges k\u00f6rnyezetbe, illetve onnan. A helikopter fejlett rep\u00fcl\u00e9selektronikai \u00e9s fegyverrendszerekkel, valamint speci\u00e1lis \u00fczemanyag-ut\u00e1nt\u00f6lt\u0151 rendszerrel van felszerelve, amely lehet\u0151v\u00e9 teszi nagy hat\u00f3t\u00e1vols\u00e1g\u00fa k\u00fcldet\u00e9sek v\u00e9grehajt\u00e1s\u00e1t an\u00e9lk\u00fcl, hogy tov\u00e1bbi tankol\u00e1sra lenne sz\u00fcks\u00e9g.<\/p><\/div>","protected":false},"excerpt":{"rendered":"<p>M\u00e1rka: MOC Factory<br \/>\nNem: Uniszex<br \/>\nKoroszt\u00e1ly: &gt; 12 \u00e9ves<br \/>\nModellsz\u00e1m: 37497<br \/>\nBesorol\u00e1s: \u00d6sszeszerel\u00e9s<br \/>\nM\u0171anyag blokk forma: \u00f6nz\u00e1r\u00f3 t\u00e9gla<br \/>\nAnyaga: M\u0171anyag<br \/>\nM\u0171anyag t\u00edpus: ABS<br \/>\nT\u00e9gla blokkok: 1758 +<br \/>\nRendel\u00e9si id\u0151: 4-8 h\u00e9t<\/p>","protected":false},"featured_media":42936,"comment_status":"open","ping_status":"closed","template":"","meta":{"_acf_changed":false},"product_cat":[1350,1357,372,364],"product_tag":[3191,11537,11536,374,11327,389],"class_list":["product","first","instock","shipping-taxable","purchasable","product-type-simple"],"acf":[],"_links":{"self":[{"href":"https:\/\/mouldking.store\/hu\/wp-json\/wp\/v2\/product\/42941","targetHints":{"allow":["GET"]}}],"collection":[{"href":"https:\/\/mouldking.store\/hu\/wp-json\/wp\/v2\/product"}],"about":[{"href":"https:\/\/mouldking.store\/hu\/wp-json\/wp\/v2\/types\/product"}],"replies":[{"embeddable":true,"href":"https:\/\/mouldking.store\/hu\/wp-json\/wp\/v2\/comments?post=42941"}],"wp:featuredmedia":[{"embeddable":true,"href":"https:\/\/mouldking.store\/hu\/wp-json\/wp\/v2\/media\/42936"}],"wp:attachment":[{"href":"https:\/\/mouldking.store\/hu\/wp-json\/wp\/v2\/media?parent=42941"}],"wp:term":[{"taxonomy":"product_cat","embeddable":true,"href":"https:\/\/mouldking.store\/hu\/wp-json\/wp\/v2\/product_cat?post=42941"},{"taxonomy":"product_tag","embeddable":true,"href":"https:\/\/mouldking.store\/hu\/wp-json\/wp\/v2\/product_tag?post=42941"}],"curies":[{"name":"wp","href":"https:\/\/api.w.org\/{rel}","templated":true}]}}