{"id":42955,"date":"2023-03-16T09:45:18","date_gmt":"2023-03-16T02:45:18","guid":{"rendered":"https:\/\/mouldking.store\/shop\/moc-factory-35918-f-22-raptor-with-1656-pieces\/"},"modified":"2025-12-16T22:25:10","modified_gmt":"2025-12-16T15:25:10","slug":"moc-factory-35918-f-22-raptor-with-1656-pieces","status":"publish","type":"product","link":"https:\/\/mouldking.store\/hu\/shop\/moc-factory-35918-f-22-raptor-with-1656-pieces\/","title":{"rendered":"MOC Factory 35918 F-22 RAPTOR 1656 darabbal"},"content":{"rendered":"<div>\u2705 MOC-35918 F-22 RAPTOR<\/p>\n<p>\u2705The F-22 Raptor is a stealth tactical fighter aircraft that was developed by Lockheed Martin for the United States Air Force (USAF). It is a fifth-generation fighter, designed to excel in both air-to-air and air-to-ground combat scenarios. The F-22 Raptor is capable of supersonic cruising speeds and is equipped with advanced avionics and weapons systems, making it one of the most advanced fighter aircraft in the world.<\/p>\n<p>\ud83d\udeab FONTOS!<\/p>\n<p>Product Name: F-22 RAPTOR<\/p>\n<p>Kateg\u00f3ria: Katonai<\/p>\n<p>This Kit Contains: MOC-35918<\/p>\n<p>1656 pcs Good Quality Bricks<\/p>\n<p>Weight: 1600g<\/p>\n<p>PDF \u00datmutat\u00f3<\/p>\n<p>\ud83d\udcccA f\u0151szerepl\u0151 term\u00e9szete<\/p>\n<p>Introducing our proud collection named \u201cF-22 RAPTOR\u201d you should not miss.<\/p>\n<p>The F-22 Raptor is highly maneuverable and has a combination of advanced stealth technology and sophisticated sensors that enable it to detect and engage enemy aircraft before they are aware of its presence. The aircraft&#8217;s advanced avionics and weapons systems, including its advanced radar, sensors, and missile systems, enable it to conduct precision strikes on ground targets as well.<\/p><\/div>","protected":false},"excerpt":{"rendered":"<p>M\u00e1rka: MOC Factory<br \/>\nNem: Uniszex<br \/>\nKoroszt\u00e1ly: &gt; 12 \u00e9ves<br \/>\nModel Number: 35918<br \/>\nBesorol\u00e1s: \u00d6sszeszerel\u00e9s<br \/>\nM\u0171anyag blokk forma: \u00f6nz\u00e1r\u00f3 t\u00e9gla<br \/>\nAnyaga: M\u0171anyag<br \/>\nM\u0171anyag t\u00edpus: ABS<br \/>\nBricks Blocks: 1656 +<br \/>\nRendel\u00e9si id\u0151: 4-8 h\u00e9t<\/p>","protected":false},"featured_media":42950,"comment_status":"open","ping_status":"closed","template":"","meta":{"_acf_changed":false},"product_cat":[1350,1357,372,364],"product_tag":[5271,374,7653,389],"class_list":["product","first","instock","shipping-taxable","purchasable","product-type-simple"],"acf":[],"_links":{"self":[{"href":"https:\/\/mouldking.store\/hu\/wp-json\/wp\/v2\/product\/42955","targetHints":{"allow":["GET"]}}],"collection":[{"href":"https:\/\/mouldking.store\/hu\/wp-json\/wp\/v2\/product"}],"about":[{"href":"https:\/\/mouldking.store\/hu\/wp-json\/wp\/v2\/types\/product"}],"replies":[{"embeddable":true,"href":"https:\/\/mouldking.store\/hu\/wp-json\/wp\/v2\/comments?post=42955"}],"wp:featuredmedia":[{"embeddable":true,"href":"https:\/\/mouldking.store\/hu\/wp-json\/wp\/v2\/media\/42950"}],"wp:attachment":[{"href":"https:\/\/mouldking.store\/hu\/wp-json\/wp\/v2\/media?parent=42955"}],"wp:term":[{"taxonomy":"product_cat","embeddable":true,"href":"https:\/\/mouldking.store\/hu\/wp-json\/wp\/v2\/product_cat?post=42955"},{"taxonomy":"product_tag","embeddable":true,"href":"https:\/\/mouldking.store\/hu\/wp-json\/wp\/v2\/product_tag?post=42955"}],"curies":[{"name":"wp","href":"https:\/\/api.w.org\/{rel}","templated":true}]}}