{"id":42970,"date":"2023-03-16T10:15:02","date_gmt":"2023-03-16T03:15:02","guid":{"rendered":"https:\/\/mouldking.store\/shop\/moc-factory-139487-mouth-of-sauron-with-694-pieces\/"},"modified":"2025-12-16T22:25:09","modified_gmt":"2025-12-16T15:25:09","slug":"moc-factory-139487-mouth-of-sauron-with-694-pieces","status":"publish","type":"product","link":"https:\/\/mouldking.store\/hu\/shop\/moc-factory-139487-mouth-of-sauron-with-694-pieces\/","title":{"rendered":"MOC Factory 139487 Mouth of Sauron with 694 Pieces"},"content":{"rendered":"<div>\u2705 MOC-139487 Mouth of Sauron<\/p>\n<p>\u2705The Mouth of Sauron is a fictional character in J.R.R. Tolkien&#8217;s novel &#8220;The Lord of the Rings&#8221;. He is a servant of the Dark Lord Sauron and serves as his emissary to the armies of Gondor and Rohan.<\/p>\n<p>\ud83d\udeab FONTOS!<\/p>\n<p>Product Name: Mouth of Sauron<\/p>\n<p>Kateg\u00f3ria: Film<\/p>\n<p>This Kit Contains: MOC-139487<\/p>\n<p>694 pcs Good Quality Bricks<\/p>\n<p>Size: 24 x 14 x 33.5 (cm)<\/p>\n<p>PDF \u00datmutat\u00f3<\/p>\n<p>\ud83d\udcccA f\u0151szerepl\u0151 term\u00e9szete<\/p>\n<p>Introducing our proud collection named \u201cMouth of Sauron\u201d you should not miss.<\/p>\n<p>In the story, the Mouth of Sauron is a tall and grim figure, dressed in black robes and armor. He rides out to meet the armies of Gondor and Rohan before the Battle of the Black Gate, and taunts them with messages from Sauron, including false claims that Frodo Baggins, the Ring-bearer, has been captured and tortured. Despite his menacing appearance and words, the Mouth of Sauron is ultimately defeated when Gandalf the White and Aragorn challenge him to single combat. The character has become a popular figure in &#8220;The Lord of the Rings&#8221; fandom, and has been featured in various adaptations of the story, including Peter Jackson&#8217;s film adaptation.<\/p><\/div>","protected":false},"excerpt":{"rendered":"<p>M\u00e1rka: MOC Factory<br \/>\nNem: Uniszex<br \/>\nKoroszt\u00e1ly: &gt; 12 \u00e9ves<br \/>\nModel Number: 139487<br \/>\nBesorol\u00e1s: \u00d6sszeszerel\u00e9s<br \/>\nM\u0171anyag blokk forma: \u00f6nz\u00e1r\u00f3 t\u00e9gla<br \/>\nAnyaga: M\u0171anyag<br \/>\nM\u0171anyag t\u00edpus: ABS<br \/>\nBricks Blocks: 694 +<br \/>\nRendel\u00e9si id\u0151: 4-8 h\u00e9t<\/p>","protected":false},"featured_media":42968,"comment_status":"open","ping_status":"closed","template":"","meta":{"_acf_changed":false},"product_cat":[1365,581,1408],"product_tag":[8452,11541,434,3519,6169],"class_list":["product","first","instock","shipping-taxable","purchasable","product-type-simple"],"acf":[],"_links":{"self":[{"href":"https:\/\/mouldking.store\/hu\/wp-json\/wp\/v2\/product\/42970","targetHints":{"allow":["GET"]}}],"collection":[{"href":"https:\/\/mouldking.store\/hu\/wp-json\/wp\/v2\/product"}],"about":[{"href":"https:\/\/mouldking.store\/hu\/wp-json\/wp\/v2\/types\/product"}],"replies":[{"embeddable":true,"href":"https:\/\/mouldking.store\/hu\/wp-json\/wp\/v2\/comments?post=42970"}],"wp:featuredmedia":[{"embeddable":true,"href":"https:\/\/mouldking.store\/hu\/wp-json\/wp\/v2\/media\/42968"}],"wp:attachment":[{"href":"https:\/\/mouldking.store\/hu\/wp-json\/wp\/v2\/media?parent=42970"}],"wp:term":[{"taxonomy":"product_cat","embeddable":true,"href":"https:\/\/mouldking.store\/hu\/wp-json\/wp\/v2\/product_cat?post=42970"},{"taxonomy":"product_tag","embeddable":true,"href":"https:\/\/mouldking.store\/hu\/wp-json\/wp\/v2\/product_tag?post=42970"}],"curies":[{"name":"wp","href":"https:\/\/api.w.org\/{rel}","templated":true}]}}