{"id":42976,"date":"2023-03-16T10:23:25","date_gmt":"2023-03-16T03:23:25","guid":{"rendered":"https:\/\/mouldking.store\/shop\/moc-factory-141121-gandalf-the-greys-wizard-hat-with-134-pieces\/"},"modified":"2025-12-16T22:25:09","modified_gmt":"2025-12-16T15:25:09","slug":"moc-factory-141121-gandalf-the-greys-wizard-hat-with-134-pieces","status":"publish","type":"product","link":"https:\/\/mouldking.store\/hu\/shop\/moc-factory-141121-gandalf-the-greys-wizard-hat-with-134-pieces\/","title":{"rendered":"MOC Factory 141121 Gandalf the Grey var\u00e1zsl\u00f3sapk\u00e1ja 134 darabbal"},"content":{"rendered":"<div>\u2705 MOC-141121 Sz\u00fcrke Gandalf var\u00e1zsl\u00f3sapka<\/p>\n<p>\u2705Gandalf, the Grey&#039;s Wizard Hat egy kital\u00e1lt kalap, amelyet Gandalf karakter viselt JRR Tolkien \u201eA gy\u0171r\u0171k ura\u201d c\u00edm\u0171 m\u0171v\u00e9ben. Gandalf egy var\u00e1zsl\u00f3 \u00e9s a Gy\u0171r\u0171 Sz\u00f6vets\u00e9g\u00e9nek egyik tagja, aki arra k\u00e9sz\u00fcl, hogy elpuszt\u00edtsa az Egy Gy\u0171r\u0171t \u00e9s legy\u0151zze a S\u00f6t\u00e9t Nagyurat, Szauront.<\/p>\n<p>\ud83d\udeab FONTOS!<\/p>\n<p>Term\u00e9k neve: Sz\u00fcrke Gandalf var\u00e1zsl\u00f3sapk\u00e1ja<\/p>\n<p>Kateg\u00f3ria: Film<\/p>\n<p>A k\u00e9szlet tartalma: MOC-141121<\/p>\n<p>134 db J\u00f3 min\u0151s\u00e9g\u0171 t\u00e9gla<\/p>\n<p>PDF \u00datmutat\u00f3<\/p>\n<p>\ud83d\udcccA f\u0151szerepl\u0151 term\u00e9szete<\/p>\n<p>Bemutatjuk a \u201eGandalf the Grey&#039;s Wizard Hat\u201d nev\u0171 b\u00fcszke kollekci\u00f3nkat, amit nem szabad kihagyni.<\/p>\n<p>A t\u00f6rt\u00e9netben Gandalf kalapj\u00e1t egy puha, sz\u00fcrke anyagb\u00f3l k\u00e9sz\u00fclt magas, hegyes kalapk\u00e9nt \u00edrj\u00e1k le, amely ez\u00fcst filigr\u00e1nnal van b\u00e9lelve. A kalapot gyakran kiss\u00e9 kopottnak \u00e9s kopottnak \u00e1br\u00e1zolj\u00e1k, sz\u00e9les karim\u00e1j\u00e1val, amely \u00e1rny\u00e9kot vet Gandalf arc\u00e1ra. A kalap Gandalf megjelen\u00e9s\u00e9nek ikonikus r\u00e9sze, \u00e9s praktikus c\u00e9lt szolg\u00e1l, v\u00e9delmet ny\u00fajt az id\u0151j\u00e1r\u00e1s viszontags\u00e1gaival szemben, arc\u00e1t pedig \u00e1rny\u00e9kba rejti. Ez egyben Gandalf b\u00f6lcsess\u00e9g\u00e9nek, erej\u00e9nek \u00e9s var\u00e1zsl\u00f3i st\u00e1tusz\u00e1nak szimb\u00f3lumak\u00e9nt is szolg\u00e1l. Peter Jackson \u201eA Gy\u0171r\u0171k Ura\u201d c\u00edm\u0171 filmadapt\u00e1ci\u00f3j\u00e1ban Gandalf kalapja h\u0171en van \u00fajraalkotva, bonyolult r\u00e9szletekkel \u00e9s kiss\u00e9 aszimmetrikus form\u00e1val.<\/p><\/div>","protected":false},"excerpt":{"rendered":"<p>M\u00e1rka: MOC Factory<br \/>\nNem: Uniszex<br \/>\nKoroszt\u00e1ly: &gt; 12 \u00e9ves<br \/>\nModellsz\u00e1m: 141121<br \/>\nBesorol\u00e1s: \u00d6sszeszerel\u00e9s<br \/>\nM\u0171anyag blokk forma: \u00f6nz\u00e1r\u00f3 t\u00e9gla<br \/>\nAnyaga: M\u0171anyag<br \/>\nM\u0171anyag t\u00edpus: ABS<br \/>\nT\u00e9gla T\u00e9gla: 134+<br \/>\nRendel\u00e9si id\u0151: 4-8 h\u00e9t<\/p>","protected":false},"featured_media":42974,"comment_status":"open","ping_status":"closed","template":"","meta":{"_acf_changed":false},"product_cat":[1365,581,1408],"product_tag":[8452,3281,11543,11545,434,6169,11544],"class_list":["product","first","instock","shipping-taxable","purchasable","product-type-simple"],"acf":[],"_links":{"self":[{"href":"https:\/\/mouldking.store\/hu\/wp-json\/wp\/v2\/product\/42976","targetHints":{"allow":["GET"]}}],"collection":[{"href":"https:\/\/mouldking.store\/hu\/wp-json\/wp\/v2\/product"}],"about":[{"href":"https:\/\/mouldking.store\/hu\/wp-json\/wp\/v2\/types\/product"}],"replies":[{"embeddable":true,"href":"https:\/\/mouldking.store\/hu\/wp-json\/wp\/v2\/comments?post=42976"}],"wp:featuredmedia":[{"embeddable":true,"href":"https:\/\/mouldking.store\/hu\/wp-json\/wp\/v2\/media\/42974"}],"wp:attachment":[{"href":"https:\/\/mouldking.store\/hu\/wp-json\/wp\/v2\/media?parent=42976"}],"wp:term":[{"taxonomy":"product_cat","embeddable":true,"href":"https:\/\/mouldking.store\/hu\/wp-json\/wp\/v2\/product_cat?post=42976"},{"taxonomy":"product_tag","embeddable":true,"href":"https:\/\/mouldking.store\/hu\/wp-json\/wp\/v2\/product_tag?post=42976"}],"curies":[{"name":"wp","href":"https:\/\/api.w.org\/{rel}","templated":true}]}}