{"id":42978,"date":"2023-03-16T10:28:26","date_gmt":"2023-03-16T03:28:26","guid":{"rendered":"https:\/\/mouldking.store\/shop\/moc-factory-127524-sw-sith-temple-with-2519-pieces\/"},"modified":"2025-12-16T22:25:09","modified_gmt":"2025-12-16T15:25:09","slug":"moc-factory-127524-sw-sith-temple-with-2519-pieces","status":"publish","type":"product","link":"https:\/\/mouldking.store\/hu\/shop\/moc-factory-127524-sw-sith-temple-with-2519-pieces\/","title":{"rendered":"MOC Factory 127524 SW \u2013 Sith templom 2519 darabbal"},"content":{"rendered":"<div>\u2705 MOC-127524 SW \u2013 Sith templom<\/p>\n<p>\u2705A Star Wars univerzumban a Sith Templom k\u00fcl\u00f6nb\u00f6z\u0151 helyekre utal, amelyek a Sith Rend \u00e9vezredes t\u00f6rt\u00e9nelme sor\u00e1n a Sith hatalom \u00e9s tud\u00e1s k\u00f6zpontjaik\u00e9nt szolg\u00e1ltak. Ezeknek a templomoknak a pontos megjelen\u00e9se \u00e9s jellege az \u00e9p\u00edtkez\u00e9s idej\u00e9t\u0151l \u00e9s hely\u00e9t\u0151l f\u00fcgg\u0151en v\u00e1ltozott.<\/p>\n<p>\ud83d\udeab FONTOS!<\/p>\n<p>Term\u00e9k neve: SW \u2013 Sith Temple<\/p>\n<p>Kateg\u00f3ria: Star Wars<\/p>\n<p>A k\u00e9szlet tartalma: MOC-127524<\/p>\n<p>2519 db J\u00f3 min\u0151s\u00e9g\u0171 t\u00e9gla<\/p>\n<p>M\u00e9ret: 24,6 x 66 x 34,8 (csapok)<\/p>\n<p>PDF \u00datmutat\u00f3<\/p>\n<p>\ud83d\udcccA f\u0151szerepl\u0151 term\u00e9szete<\/p>\n<p>Bemutatjuk b\u00fcszke \u201eSW \u2013 Sith Temple\u201d nev\u0171 kollekci\u00f3nkat, amit nem \u00e9rdemes kihagyni.<\/p>\n<p>A Sith Templom egyik figyelemre m\u00e9lt\u00f3 p\u00e9ld\u00e1ja a Malachor bolyg\u00f3n l\u00e9v\u0151 templom, amely a \u201eStar Wars Rebels\u201d c\u00edm\u0171 anim\u00e1ci\u00f3s t\u00e9v\u00e9sorozatban szerepelt. A Malachor Templom egy hatalmas \u00e9p\u00edtm\u00e9ny volt, amely k\u00e9pes volt kihaszn\u00e1lni \u00e9s \u00f6sszpontos\u00edtani az Er\u0151 s\u00f6t\u00e9t oldal\u00e1nak erej\u00e9t. Ez volt a helysz\u00edne egy puszt\u00edt\u00f3 csatanak is a Jedik \u00e9s a Sithek k\u00f6z\u00f6tt, melynek k\u00f6vetkezt\u00e9ben a templom romokban hevert, a k\u00f6rnyez\u0151 ter\u00fclet pedig \u00e9lettelenn\u00e9 v\u00e1lt. Egy m\u00e1sik p\u00e9lda az Exegol bolyg\u00f3n tal\u00e1lhat\u00f3 Sith Templom, amely a 2019-es \u201eStar Wars: The Rise of Skywalker\u201d c\u00edm\u0171 filmben szerepelt. Ez a templom egy hatalmas f\u00f6ldalatti \u00e9p\u00edtm\u00e9ny volt, amely az \u00f6r\u00f6kk\u00e9val\u00f3 Sith titkos fellegv\u00e1rak\u00e9nt szolg\u00e1lt, egy kultusznak, amely a Sithek erej\u00e9t \u00e9s a galaxis uralm\u00e1t k\u00edv\u00e1nta vissza\u00e1ll\u00edtani.<\/p><\/div>","protected":false},"excerpt":{"rendered":"<p>M\u00e1rka: MOC Factory<br \/>\nNem: Uniszex<br \/>\nKoroszt\u00e1ly: &gt; 12 \u00e9ves<br \/>\nModellsz\u00e1m: 127524<br \/>\nBesorol\u00e1s: \u00d6sszeszerel\u00e9s<br \/>\nM\u0171anyag blokk forma: \u00f6nz\u00e1r\u00f3 t\u00e9gla<br \/>\nAnyaga: M\u0171anyag<br \/>\nM\u0171anyag t\u00edpus: ABS<br \/>\nT\u00e9gla T\u00e9gla: 2519 +<br \/>\nRendel\u00e9si id\u0151: 4-8 h\u00e9t<\/p>","protected":false},"featured_media":42977,"comment_status":"open","ping_status":"closed","template":"","meta":{"_acf_changed":false},"product_cat":[1395,390,581,415,1408],"product_tag":[11099,392,434,11546,436,11001],"class_list":["product","first","instock","shipping-taxable","purchasable","product-type-simple"],"acf":[],"_links":{"self":[{"href":"https:\/\/mouldking.store\/hu\/wp-json\/wp\/v2\/product\/42978","targetHints":{"allow":["GET"]}}],"collection":[{"href":"https:\/\/mouldking.store\/hu\/wp-json\/wp\/v2\/product"}],"about":[{"href":"https:\/\/mouldking.store\/hu\/wp-json\/wp\/v2\/types\/product"}],"replies":[{"embeddable":true,"href":"https:\/\/mouldking.store\/hu\/wp-json\/wp\/v2\/comments?post=42978"}],"wp:featuredmedia":[{"embeddable":true,"href":"https:\/\/mouldking.store\/hu\/wp-json\/wp\/v2\/media\/42977"}],"wp:attachment":[{"href":"https:\/\/mouldking.store\/hu\/wp-json\/wp\/v2\/media?parent=42978"}],"wp:term":[{"taxonomy":"product_cat","embeddable":true,"href":"https:\/\/mouldking.store\/hu\/wp-json\/wp\/v2\/product_cat?post=42978"},{"taxonomy":"product_tag","embeddable":true,"href":"https:\/\/mouldking.store\/hu\/wp-json\/wp\/v2\/product_tag?post=42978"}],"curies":[{"name":"wp","href":"https:\/\/api.w.org\/{rel}","templated":true}]}}