{"id":43012,"date":"2023-03-16T11:02:19","date_gmt":"2023-03-16T04:02:19","guid":{"rendered":"https:\/\/mouldking.store\/shop\/moc-factory-89443-foxy-boxy-lankybot-with-331-pieces\/"},"modified":"2025-12-16T22:25:08","modified_gmt":"2025-12-16T15:25:08","slug":"moc-factory-89443-foxy-boxy-lankybot-with-331-pieces","status":"publish","type":"product","link":"https:\/\/mouldking.store\/hu\/shop\/moc-factory-89443-foxy-boxy-lankybot-with-331-pieces\/","title":{"rendered":"MOC Factory 89443 Foxy Box LankyBot 331 darabbal"},"content":{"rendered":"<div>\u2705 MOC-89443 Foxy Boxy LankyBot<\/p>\n<p>\u2705&#8221;Lankybox&#8221; is a YouTube channel that features two creators, Adam and Justin, who make comedic videos about pop culture, video games, and internet trends. They often create original characters and skits, such as &#8220;Foxy&#8221; and &#8220;Boxy,&#8221; who are anthropomorphic fox and box characters, respectively.<\/p>\n<p>\ud83d\udeab FONTOS!<\/p>\n<p>Product Name: Foxy Boxy LankyBot<\/p>\n<p>Kateg\u00f3ria: Alkot\u00f3<\/p>\n<p>This Kit Contains: C9285<\/p>\n<p>331 pcs Good Quality Bricks<\/p>\n<p>Size:&nbsp; 15.2 x 5 x 11.6 cm<\/p>\n<p>Weight: 0.25 kg<\/p>\n<p>PDF \u00datmutat\u00f3<\/p>\n<p>\ud83d\udcccA f\u0151szerepl\u0151 term\u00e9szete<\/p>\n<p>Introducing our proud collection named \u201cFoxy Boxy LankyBot\u201d you should not miss.<\/p>\n<p>Foxy is a red anthropomorphic fox character created by Lankybox. He is often portrayed as energetic and mischievous, and he appears in many Lankybox videos and skits. Boxy is a blue anthropomorphic box character also created by Lankybox. He is often portrayed as cute and innocent, and he frequently appears alongside Foxy in Lankybox videos. Lankybot is a robot character created by Lankybox. He is often depicted as a comedic character, and he appears in various skits and videos on the Lankybox channel. Lankybot has a unique design with a lanky body and a robot head, and he is often featured in videos that parody video games and other pop culture phenomena.<\/p><\/div>","protected":false},"excerpt":{"rendered":"<p>M\u00e1rka: MOC Factory<br \/>\nNem: Uniszex<br \/>\nKoroszt\u00e1ly: &gt; 6 \u00e9v<br \/>\nModel Number: 89443<br \/>\nBesorol\u00e1s: \u00d6sszeszerel\u00e9s<br \/>\nM\u0171anyag blokk forma: \u00f6nz\u00e1r\u00f3 t\u00e9gla<br \/>\nAnyaga: M\u0171anyag<br \/>\nM\u0171anyag t\u00edpus: ABS<br \/>\nBricks Blocks: 331 +<br \/>\nEredeti doboza nincs<\/p>","protected":false},"featured_media":43004,"comment_status":"open","ping_status":"closed","template":"","meta":{"_acf_changed":false},"product_cat":[1365,371,581,1408],"product_tag":[11556,11072,8452,11555,11557,434],"class_list":["product","first","instock","shipping-taxable","purchasable","product-type-simple"],"acf":[],"_links":{"self":[{"href":"https:\/\/mouldking.store\/hu\/wp-json\/wp\/v2\/product\/43012","targetHints":{"allow":["GET"]}}],"collection":[{"href":"https:\/\/mouldking.store\/hu\/wp-json\/wp\/v2\/product"}],"about":[{"href":"https:\/\/mouldking.store\/hu\/wp-json\/wp\/v2\/types\/product"}],"replies":[{"embeddable":true,"href":"https:\/\/mouldking.store\/hu\/wp-json\/wp\/v2\/comments?post=43012"}],"wp:featuredmedia":[{"embeddable":true,"href":"https:\/\/mouldking.store\/hu\/wp-json\/wp\/v2\/media\/43004"}],"wp:attachment":[{"href":"https:\/\/mouldking.store\/hu\/wp-json\/wp\/v2\/media?parent=43012"}],"wp:term":[{"taxonomy":"product_cat","embeddable":true,"href":"https:\/\/mouldking.store\/hu\/wp-json\/wp\/v2\/product_cat?post=43012"},{"taxonomy":"product_tag","embeddable":true,"href":"https:\/\/mouldking.store\/hu\/wp-json\/wp\/v2\/product_tag?post=43012"}],"curies":[{"name":"wp","href":"https:\/\/api.w.org\/{rel}","templated":true}]}}