{"id":43033,"date":"2023-03-16T11:16:04","date_gmt":"2023-03-16T04:16:04","guid":{"rendered":"https:\/\/mouldking.store\/shop\/moc-factory-121058-atlas-v-heavy-with-1597-pieces\/"},"modified":"2025-12-16T22:25:08","modified_gmt":"2025-12-16T15:25:08","slug":"moc-factory-121058-atlas-v-heavy-with-1597-pieces","status":"publish","type":"product","link":"https:\/\/mouldking.store\/hu\/shop\/moc-factory-121058-atlas-v-heavy-with-1597-pieces\/","title":{"rendered":"MOC Factory 121058 Atlas V Heavy 1597 darabbal"},"content":{"rendered":"<div>\u2705 MOC-121058 Atlas V Heavy<\/p>\n<p>\u2705The Atlas V Heavy is a variant of the Atlas V rocket, which is a family of expendable rockets manufactured by the United Launch Alliance (ULA), a joint venture between Lockheed Martin and Boeing. The Atlas V Heavy is a heavy-lift version of the Atlas V rocket, capable of launching much larger payloads into space than the standard Atlas V.<\/p>\n<p>\ud83d\udeab FONTOS!<\/p>\n<p>Product Name: Atlas V Heavy<\/p>\n<p>Kateg\u00f3ria: \u0170r<\/p>\n<p>This Kit Contains: C9302<\/p>\n<p>1597 pcs Good Quality Bricks<\/p>\n<p>Size: 12.3 x 4.8 x 59.2 cm<\/p>\n<p>Weight: 0.87 kg<\/p>\n<p>PDF \u00datmutat\u00f3<\/p>\n<p>\ud83d\udcccA f\u0151szerepl\u0151 term\u00e9szete<\/p>\n<p>Introducing our proud collection named \u201cAtlas V Heavy\u201d you should not miss.<\/p>\n<p>The Atlas V Heavy features a common core booster with two or three additional solid rocket boosters attached to it to provide additional thrust. This configuration allows the rocket to lift payloads weighing up to 26,000 pounds (12,000 kg) into geosynchronous orbit, or up to 57,000 pounds (26,000 kg) into low Earth orbit. The Atlas V Heavy has been used for a variety of missions, including launching reconnaissance satellites for the U.S. military, scientific spacecraft, and commercial communications satellites. The rocket is highly reliable and has a proven track record of successful launches, making it one of the most trusted launch vehicles in the industry.<\/p><\/div>","protected":false},"excerpt":{"rendered":"<p>M\u00e1rka: MOC Factory<br \/>\nNem: Uniszex<br \/>\nKoroszt\u00e1ly: &gt; 12 \u00e9ves<br \/>\nModel Number: 121058<br \/>\nBesorol\u00e1s: \u00d6sszeszerel\u00e9s<br \/>\nM\u0171anyag blokk forma: \u00f6nz\u00e1r\u00f3 t\u00e9gla<br \/>\nAnyaga: M\u0171anyag<br \/>\nM\u0171anyag t\u00edpus: ABS<br \/>\nBricks Blocks: 1597 +<br \/>\nEredeti doboza nincs<\/p>","protected":false},"featured_media":43024,"comment_status":"open","ping_status":"closed","template":"","meta":{"_acf_changed":false},"product_cat":[1357,6016,364],"product_tag":[11559,8162,2276,389],"class_list":["product","first","instock","shipping-taxable","purchasable","product-type-simple"],"acf":[],"_links":{"self":[{"href":"https:\/\/mouldking.store\/hu\/wp-json\/wp\/v2\/product\/43033","targetHints":{"allow":["GET"]}}],"collection":[{"href":"https:\/\/mouldking.store\/hu\/wp-json\/wp\/v2\/product"}],"about":[{"href":"https:\/\/mouldking.store\/hu\/wp-json\/wp\/v2\/types\/product"}],"replies":[{"embeddable":true,"href":"https:\/\/mouldking.store\/hu\/wp-json\/wp\/v2\/comments?post=43033"}],"wp:featuredmedia":[{"embeddable":true,"href":"https:\/\/mouldking.store\/hu\/wp-json\/wp\/v2\/media\/43024"}],"wp:attachment":[{"href":"https:\/\/mouldking.store\/hu\/wp-json\/wp\/v2\/media?parent=43033"}],"wp:term":[{"taxonomy":"product_cat","embeddable":true,"href":"https:\/\/mouldking.store\/hu\/wp-json\/wp\/v2\/product_cat?post=43033"},{"taxonomy":"product_tag","embeddable":true,"href":"https:\/\/mouldking.store\/hu\/wp-json\/wp\/v2\/product_tag?post=43033"}],"curies":[{"name":"wp","href":"https:\/\/api.w.org\/{rel}","templated":true}]}}