{"id":43057,"date":"2023-03-16T11:38:19","date_gmt":"2023-03-16T04:38:19","guid":{"rendered":"https:\/\/mouldking.store\/shop\/mould-king-26009-rainbow-ladder-upgraded-version-motor-great-ball-contraption-%e2%85%b1-with-1281-pieces\/"},"modified":"2023-03-16T11:38:19","modified_gmt":"2023-03-16T04:38:19","slug":"mould-king-26009-rainbow-ladder-upgraded-version-motor-great-ball-contraption-%e2%85%b1-with-1281-pieces","status":"publish","type":"product","link":"https:\/\/mouldking.store\/hu\/shop\/mould-king-26009-rainbow-ladder-upgraded-version-motor-great-ball-contraption-%e2%85%b1-with-1281-pieces\/","title":{"rendered":"MOULD KING 26009 Rainbow Ladder Upgraded Version Motor Great Ball Contraption \u2161 with 1281 Pieces"},"content":{"rendered":"<div>\u2705 Mould King 26009 GBC Assembly Line Factory Rainbow Ladder Upgraded Version Motor Great Ball Contraption \u2161<br \/>&nbsp;<br \/>\u2705The GBC Assembly Line Factory: Rainbow Ladder is a custom brick creation designed as part of the Great Ball Contraption (GBC) community. A GBC is a complex machine made out of brick that is designed to move small plastic balls from one place to another using a series of mechanical components such as motors, gears, and conveyor belts.<br \/>&nbsp;<br \/>\ud83d\udeab FONTOS!&nbsp;<br \/>&nbsp;<br \/>Product Name: GBC Assembly Line Factory Rainbow Ladder Upgraded Version Motor Great Ball Contraption \u2161<br \/>&nbsp;<br \/>Kateg\u00f3ria: Alkot\u00f3&nbsp;<br \/>&nbsp;<br \/>This Kit Contains: Mould King 26009<br \/>&nbsp;<br \/>1281 pcs Good Quality Bricks&nbsp;<br \/>&nbsp;<br \/>Size: 17.3 \u00d7 12.8 \u00d7 73.6 cm<br \/>&nbsp;<br \/>K\u00e9zi utas\u00edt\u00e1sok&nbsp;<br \/>&nbsp;<br \/>\ud83d\udcccA f\u0151szerepl\u0151 term\u00e9szete&nbsp;<br \/>&nbsp;<br \/>Introducing our proud collection named \u201cGBC Assembly Line Factory Rainbow Ladder Upgraded Version Motor Great Ball Contraption \u2161\u201d you should not miss.&nbsp;<br \/>&nbsp;<br \/>The Rainbow Ladder is a module within the larger GBC Assembly Line Factory. It is designed to move the small plastic balls in a continuous loop up a rainbow-colored staircase, which is made out of a series of angled plates arranged in a spiral formation. At the top of the staircase, the balls are dropped onto a conveyor belt that carries them away to the next module in the GBC.<\/div>","protected":false},"excerpt":{"rendered":"<p>M\u00e1rka: MOLD KING<br \/>\nNem: Uniszex<br \/>\nKorhat\u00e1r: 14 \u00e9v felett<br \/>\nModel Number: 26009<br \/>\nBesorol\u00e1s: \u00d6sszeszerel\u00e9s<br \/>\nM\u0171anyag blokk forma: \u00f6nz\u00e1r\u00f3 t\u00e9gla<br \/>\nAnyaga: M\u0171anyag<br \/>\nM\u0171anyag t\u00edpus: ABS<br \/>\nBricks Blocks: 1281 +<br \/>\nEredeti doboza nincs<\/p>","protected":false},"featured_media":43052,"comment_status":"open","ping_status":"closed","template":"","meta":{"_acf_changed":false},"product_cat":[1365,371],"product_tag":[11562,11564,7291,11072,8452,9188,11563,6687,11565],"class_list":["product","first","instock","shipping-taxable","purchasable","product-type-simple"],"acf":[],"_links":{"self":[{"href":"https:\/\/mouldking.store\/hu\/wp-json\/wp\/v2\/product\/43057","targetHints":{"allow":["GET"]}}],"collection":[{"href":"https:\/\/mouldking.store\/hu\/wp-json\/wp\/v2\/product"}],"about":[{"href":"https:\/\/mouldking.store\/hu\/wp-json\/wp\/v2\/types\/product"}],"replies":[{"embeddable":true,"href":"https:\/\/mouldking.store\/hu\/wp-json\/wp\/v2\/comments?post=43057"}],"wp:featuredmedia":[{"embeddable":true,"href":"https:\/\/mouldking.store\/hu\/wp-json\/wp\/v2\/media\/43052"}],"wp:attachment":[{"href":"https:\/\/mouldking.store\/hu\/wp-json\/wp\/v2\/media?parent=43057"}],"wp:term":[{"taxonomy":"product_cat","embeddable":true,"href":"https:\/\/mouldking.store\/hu\/wp-json\/wp\/v2\/product_cat?post=43057"},{"taxonomy":"product_tag","embeddable":true,"href":"https:\/\/mouldking.store\/hu\/wp-json\/wp\/v2\/product_tag?post=43057"}],"curies":[{"name":"wp","href":"https:\/\/api.w.org\/{rel}","templated":true}]}}