{"id":43074,"date":"2023-03-16T11:58:28","date_gmt":"2023-03-16T04:58:28","guid":{"rendered":"https:\/\/mouldking.store\/shop\/52toys-bb-56-bullet-with-500-pieces\/"},"modified":"2023-03-16T11:58:28","modified_gmt":"2023-03-16T04:58:28","slug":"52toys-bb-56-bullet-with-500-pieces","status":"publish","type":"product","link":"https:\/\/mouldking.store\/hu\/shop\/52toys-bb-56-bullet-with-500-pieces\/","title":{"rendered":"52TOYS BB-56 GOLY\u00d3 500 darabbal"},"content":{"rendered":"<div>\u2705 52TOYS BB-56 BULLET<br \/>&nbsp;<br \/>\u270552TOYS BeastBox BB-56 BULLET is a collectible toy figure designed and produced by the Chinese company 52TOYS. The BeastBox series is a line of transforming robot figures that can convert from animal form to robot form and vice versa. The BB-56 BULLET is a member of this series and is designed to resemble a rhinoceros beetle.<br \/>&nbsp;<br \/>\ud83d\udeab FONTOS!&nbsp;<br \/>&nbsp;<br \/>Product Name: BULLET<br \/>&nbsp;<br \/>Kateg\u00f3ria: Alkot\u00f3&nbsp;<br \/>&nbsp;<br \/>This Kit Contains: 52TOYS BB-56<br \/>&nbsp;<br \/>500 db j\u00f3 min\u0151s\u00e9g\u0171 t\u00e9gla&nbsp;<br \/>&nbsp;<br \/>Size: 27cm<br \/>&nbsp;<br \/>K\u00e9zi utas\u00edt\u00e1sok&nbsp;<br \/>&nbsp;<br \/>\ud83d\udcccA f\u0151szerepl\u0151 term\u00e9szete&nbsp;<br \/>&nbsp;<br \/>Introducing our proud collection named \u201cBULLET\u201d you should not miss.&nbsp;<br \/>&nbsp;<br \/>The BB-56 BULLET is made of high-quality plastic and features a detailed design that incorporates both the animal and robot elements of the figure. The toy can be transformed from beetle form to robot form with a few simple steps, and it includes a number of accessories such as a weapon and interchangeable hands.<\/div>","protected":false},"excerpt":{"rendered":"<p>M\u00e1rka: 52TOYS<br \/>\nNem: Uniszex<br \/>\nKoroszt\u00e1ly: &gt; 6 \u00e9v<br \/>\nModel Number: BB-56<br \/>\nBesorol\u00e1s: \u00d6sszeszerel\u00e9s<br \/>\nM\u0171anyag blokk forma: \u00f6nz\u00e1r\u00f3 t\u00e9gla<br \/>\nAnyaga: M\u0171anyag<br \/>\nM\u0171anyag t\u00edpus: ABS<br \/>\nT\u00e9gla T\u00e9gla: 500+<br \/>\nA darabok v\u00e1ltozhatnak<\/p>","protected":false},"featured_media":43070,"comment_status":"open","ping_status":"closed","template":"","meta":{"_acf_changed":false},"product_cat":[1365,371],"product_tag":[7641,11072,8452,590],"class_list":["product","first","instock","shipping-taxable","purchasable","product-type-simple"],"acf":[],"_links":{"self":[{"href":"https:\/\/mouldking.store\/hu\/wp-json\/wp\/v2\/product\/43074","targetHints":{"allow":["GET"]}}],"collection":[{"href":"https:\/\/mouldking.store\/hu\/wp-json\/wp\/v2\/product"}],"about":[{"href":"https:\/\/mouldking.store\/hu\/wp-json\/wp\/v2\/types\/product"}],"replies":[{"embeddable":true,"href":"https:\/\/mouldking.store\/hu\/wp-json\/wp\/v2\/comments?post=43074"}],"wp:featuredmedia":[{"embeddable":true,"href":"https:\/\/mouldking.store\/hu\/wp-json\/wp\/v2\/media\/43070"}],"wp:attachment":[{"href":"https:\/\/mouldking.store\/hu\/wp-json\/wp\/v2\/media?parent=43074"}],"wp:term":[{"taxonomy":"product_cat","embeddable":true,"href":"https:\/\/mouldking.store\/hu\/wp-json\/wp\/v2\/product_cat?post=43074"},{"taxonomy":"product_tag","embeddable":true,"href":"https:\/\/mouldking.store\/hu\/wp-json\/wp\/v2\/product_tag?post=43074"}],"curies":[{"name":"wp","href":"https:\/\/api.w.org\/{rel}","templated":true}]}}