{"id":43106,"date":"2023-03-17T09:50:19","date_gmt":"2023-03-17T02:50:19","guid":{"rendered":"https:\/\/mouldking.store\/shop\/moc-factory-128524-vampire-dungeon-and-dragons-with-656-pieces\/"},"modified":"2025-12-16T22:25:08","modified_gmt":"2025-12-16T15:25:08","slug":"moc-factory-128524-vampire-dungeon-and-dragons-with-656-pieces","status":"publish","type":"product","link":"https:\/\/mouldking.store\/hu\/shop\/moc-factory-128524-vampire-dungeon-and-dragons-with-656-pieces\/","title":{"rendered":"MOC Factory 128524 Vampire Dungeon and Dragons 656 darabbal"},"content":{"rendered":"<div>\u2705 MOC-128524 Vampire Dungeon And Dragons<\/p>\n<p>\u2705&#8221;Dungeons &amp; Dragons&#8221; (D&amp;D) is a fantasy tabletop game that has been around since the 1970s. In D&amp;D, players take on the roles of heroes in a fantasy world, battling monsters and completing quests. The game typically involves rolling dice to determine the outcomes of actions and decisions, and players use their imaginations to describe their characters&#8217; actions and dialogue.<\/p>\n<p>\ud83d\udeab FONTOS!<\/p>\n<p>Product Name: Vampire Dungeon And Dragons<\/p>\n<p>Kateg\u00f3ria: Alkot\u00f3<\/p>\n<p>This Kit Contains: C9275<\/p>\n<p>656 pcs Good Quality Bricks<\/p>\n<p>Size: 16 x 16 x 20 cm<\/p>\n<p>Weight: 0.31 kg<\/p>\n<p>PDF \u00datmutat\u00f3<\/p>\n<p>\ud83d\udcccA f\u0151szerepl\u0151 term\u00e9szete<\/p>\n<p>Introducing our proud collection named \u201cVampire Dungeon And Dragons\u201d you should not miss.<\/p>\n<p>&#8220;Vampire: The Masquerade&#8221; is a tabletop role-playing game that focuses on vampires and other supernatural creatures in a modern-day setting. Players take on the roles of vampires who navigate complex political and social structures while trying to maintain their secret existence from humanity. The game is known for its dark and mature themes, and often involves issues of power, morality, and identity.<\/p><\/div>","protected":false},"excerpt":{"rendered":"<p>M\u00e1rka: MOC Factory<br \/>\nNem: Uniszex<br \/>\nKoroszt\u00e1ly: 8 \u00e9v felett<br \/>\nModel Number: 128524<br \/>\nBesorol\u00e1s: \u00d6sszeszerel\u00e9s<br \/>\nM\u0171anyag blokk forma: \u00f6nz\u00e1r\u00f3 t\u00e9gla<br \/>\nAnyaga: M\u0171anyag<br \/>\nM\u0171anyag t\u00edpus: ABS<br \/>\nBricks Blocks: 656 +<br \/>\nEredeti doboza nincs<\/p>","protected":false},"featured_media":43103,"comment_status":"open","ping_status":"closed","template":"","meta":{"_acf_changed":false},"product_cat":[1365,371,581,1408],"product_tag":[11072,8452,11573,5768,9139,434,11572],"class_list":["product","first","instock","shipping-taxable","purchasable","product-type-simple"],"acf":[],"_links":{"self":[{"href":"https:\/\/mouldking.store\/hu\/wp-json\/wp\/v2\/product\/43106","targetHints":{"allow":["GET"]}}],"collection":[{"href":"https:\/\/mouldking.store\/hu\/wp-json\/wp\/v2\/product"}],"about":[{"href":"https:\/\/mouldking.store\/hu\/wp-json\/wp\/v2\/types\/product"}],"replies":[{"embeddable":true,"href":"https:\/\/mouldking.store\/hu\/wp-json\/wp\/v2\/comments?post=43106"}],"wp:featuredmedia":[{"embeddable":true,"href":"https:\/\/mouldking.store\/hu\/wp-json\/wp\/v2\/media\/43103"}],"wp:attachment":[{"href":"https:\/\/mouldking.store\/hu\/wp-json\/wp\/v2\/media?parent=43106"}],"wp:term":[{"taxonomy":"product_cat","embeddable":true,"href":"https:\/\/mouldking.store\/hu\/wp-json\/wp\/v2\/product_cat?post=43106"},{"taxonomy":"product_tag","embeddable":true,"href":"https:\/\/mouldking.store\/hu\/wp-json\/wp\/v2\/product_tag?post=43106"}],"curies":[{"name":"wp","href":"https:\/\/api.w.org\/{rel}","templated":true}]}}