{"id":43119,"date":"2023-03-17T10:08:18","date_gmt":"2023-03-17T03:08:18","guid":{"rendered":"https:\/\/mouldking.store\/shop\/moc-factory-128611-atlas-v-launchpad-with-3429-pieces\/"},"modified":"2025-12-16T22:25:08","modified_gmt":"2025-12-16T15:25:08","slug":"moc-factory-128611-atlas-v-launchpad-with-3429-pieces","status":"publish","type":"product","link":"https:\/\/mouldking.store\/hu\/shop\/moc-factory-128611-atlas-v-launchpad-with-3429-pieces\/","title":{"rendered":"MOC Factory 128611 Atlas V Launchpad 3429 darabbal"},"content":{"rendered":"<div>\u2705 MOC-128611 Atlas V Launchpad<\/p>\n<p>\u2705The Atlas V Launchpad is a specific launch site located at the Cape Canaveral Space Force Station in Florida, USA. It is used to launch rockets built by the United Launch Alliance (ULA), a joint venture between two major American aerospace companies, Boeing and Lockheed Martin.<\/p>\n<p>\ud83d\udeab FONTOS!<\/p>\n<p>Product Name: Atlas V Launchpad<\/p>\n<p>Kateg\u00f3ria: \u0170r<\/p>\n<p>This Kit Contains: C9303<\/p>\n<p>3429 pcs Good Quality Bricks<\/p>\n<p>Size: 97 x 14.4 x 114.3 cm<\/p>\n<p>Weight: 1.68 kg<\/p>\n<p>PDF \u00datmutat\u00f3<\/p>\n<p>\ud83d\udcccA f\u0151szerepl\u0151 term\u00e9szete<\/p>\n<p>Introducing our proud collection named \u201cAtlas V Launchpad\u201d you should not miss.<\/p>\n<p>The Atlas V is a family of rockets developed and operated by ULA. They are used to launch a variety of payloads, including military and intelligence satellites, scientific missions, and commercial communications satellites. The Atlas V Launchpad is specifically designed to support the unique requirements of the Atlas V rocket family. It includes specialized infrastructure and support systems, such as fueling equipment, launch gantries, and communications equipment. The launchpad is also equipped with safety systems and procedures to ensure that the launch is conducted safely and reliably.<\/p><\/div>","protected":false},"excerpt":{"rendered":"<p>M\u00e1rka: MOC Factory<br \/>\nNem: Uniszex<br \/>\nKorhat\u00e1r: 14 \u00e9v felett<br \/>\nModel Number: 128611<br \/>\nBesorol\u00e1s: \u00d6sszeszerel\u00e9s<br \/>\nM\u0171anyag blokk forma: \u00f6nz\u00e1r\u00f3 t\u00e9gla<br \/>\nAnyaga: M\u0171anyag<br \/>\nM\u0171anyag t\u00edpus: ABS<br \/>\nBricks Blocks: 3429 +<br \/>\nEredeti doboza nincs<\/p>","protected":false},"featured_media":43110,"comment_status":"open","ping_status":"closed","template":"","meta":{"_acf_changed":false},"product_cat":[1357,6016,364],"product_tag":[11559,11576,11577,2276,389],"class_list":["product","first","instock","shipping-taxable","purchasable","product-type-simple"],"acf":[],"_links":{"self":[{"href":"https:\/\/mouldking.store\/hu\/wp-json\/wp\/v2\/product\/43119","targetHints":{"allow":["GET"]}}],"collection":[{"href":"https:\/\/mouldking.store\/hu\/wp-json\/wp\/v2\/product"}],"about":[{"href":"https:\/\/mouldking.store\/hu\/wp-json\/wp\/v2\/types\/product"}],"replies":[{"embeddable":true,"href":"https:\/\/mouldking.store\/hu\/wp-json\/wp\/v2\/comments?post=43119"}],"wp:featuredmedia":[{"embeddable":true,"href":"https:\/\/mouldking.store\/hu\/wp-json\/wp\/v2\/media\/43110"}],"wp:attachment":[{"href":"https:\/\/mouldking.store\/hu\/wp-json\/wp\/v2\/media?parent=43119"}],"wp:term":[{"taxonomy":"product_cat","embeddable":true,"href":"https:\/\/mouldking.store\/hu\/wp-json\/wp\/v2\/product_cat?post=43119"},{"taxonomy":"product_tag","embeddable":true,"href":"https:\/\/mouldking.store\/hu\/wp-json\/wp\/v2\/product_tag?post=43119"}],"curies":[{"name":"wp","href":"https:\/\/api.w.org\/{rel}","templated":true}]}}