{"id":43150,"date":"2023-03-17T10:47:01","date_gmt":"2023-03-17T03:47:01","guid":{"rendered":"https:\/\/mouldking.store\/shop\/moc-factory-121937-the-expanse-donnager-class-with-1904-pieces\/"},"modified":"2025-12-16T22:25:08","modified_gmt":"2025-12-16T15:25:08","slug":"moc-factory-121937-the-expanse-donnager-class-with-1904-pieces","status":"publish","type":"product","link":"https:\/\/mouldking.store\/hu\/shop\/moc-factory-121937-the-expanse-donnager-class-with-1904-pieces\/","title":{"rendered":"MOC Factory 121937 Az Expanse Donnager-oszt\u00e1ly 1904 darabbal"},"content":{"rendered":"<div>\u2705 MOC-121937 Az Expanse Donnager-oszt\u00e1ly<\/p>\n<p>\u2705A Donnager-oszt\u00e1ly egy kital\u00e1lt hadihaj\u00f3 a \u201eThe Expanse\u201d c\u00edm\u0171 sci-fi t\u00e9v\u00e9sorozatban. Ez egyfajta csatahaj\u00f3, amelyet a Marsi Kongresszusi K\u00f6zt\u00e1rsas\u00e1gi Haditenger\u00e9szet (MCRN) haszn\u00e1l, \u00e9s az MCRN flotta legfejlettebb hadihaj\u00f3ja.<\/p>\n<p>\ud83d\udeab FONTOS!<\/p>\n<p>Term\u00e9k neve: Az Expanse Donnager-oszt\u00e1ly<\/p>\n<p>Kateg\u00f3ria: \u0170r<\/p>\n<p>A k\u00e9szlet tartalma: C9365<\/p>\n<p>1904 db J\u00f3 min\u0151s\u00e9g\u0171 t\u00e9gla<\/p>\n<p>M\u00e9rete: 56 x 10 x 16 cm<\/p>\n<p>S\u00faly: 1,41 kg<\/p>\n<p>PDF \u00datmutat\u00f3<\/p>\n<p>\ud83d\udcccA f\u0151szerepl\u0151 term\u00e9szete<\/p>\n<p>Bemutatjuk b\u00fcszke \u201eThe Expanse Donnager-class\u201d kollekci\u00f3nkat, amit nem szabad kihagyni.<\/p>\n<p>A Donnager-oszt\u00e1ly er\u0151sen felfegyverzett \u00e9s p\u00e1nc\u00e9lozott, a leg\u00e9nys\u00e9g t\u00f6bb mint 100 f\u0151s marsi haditenger\u00e9szettel rendelkezik. A haj\u00f3 fejlett fegyverrendszerekkel van felszerelve, bele\u00e9rtve a s\u00ednfegyvereket, rak\u00e9tavet\u0151ket \u00e9s pontv\u00e9delmi tornyokat. Er\u0151teljes meghajt\u00f3rendszerrel is rendelkezik, amely lehet\u0151v\u00e9 teszi, hogy nagy sebess\u00e9ggel haladjon az \u0171rben.<\/p><\/div>","protected":false},"excerpt":{"rendered":"<p>M\u00e1rka: MOC Factory<br \/>\nNem: Uniszex<br \/>\nKorhat\u00e1r: 14 \u00e9v felett<br \/>\nModellsz\u00e1m: 121937<br \/>\nBesorol\u00e1s: \u00d6sszeszerel\u00e9s<br \/>\nM\u0171anyag blokk forma: \u00f6nz\u00e1r\u00f3 t\u00e9gla<br \/>\nAnyaga: M\u0171anyag<br \/>\nM\u0171anyag t\u00edpus: ABS<br \/>\nT\u00e9gla blokkok: 1904+<br \/>\nEredeti doboza nincs<\/p>","protected":false},"featured_media":43142,"comment_status":"open","ping_status":"closed","template":"","meta":{"_acf_changed":false},"product_cat":[1357,6016,364],"product_tag":[11262,11578,11239,2276,389,11162],"class_list":["product","first","instock","shipping-taxable","purchasable","product-type-simple"],"acf":[],"_links":{"self":[{"href":"https:\/\/mouldking.store\/hu\/wp-json\/wp\/v2\/product\/43150","targetHints":{"allow":["GET"]}}],"collection":[{"href":"https:\/\/mouldking.store\/hu\/wp-json\/wp\/v2\/product"}],"about":[{"href":"https:\/\/mouldking.store\/hu\/wp-json\/wp\/v2\/types\/product"}],"replies":[{"embeddable":true,"href":"https:\/\/mouldking.store\/hu\/wp-json\/wp\/v2\/comments?post=43150"}],"wp:featuredmedia":[{"embeddable":true,"href":"https:\/\/mouldking.store\/hu\/wp-json\/wp\/v2\/media\/43142"}],"wp:attachment":[{"href":"https:\/\/mouldking.store\/hu\/wp-json\/wp\/v2\/media?parent=43150"}],"wp:term":[{"taxonomy":"product_cat","embeddable":true,"href":"https:\/\/mouldking.store\/hu\/wp-json\/wp\/v2\/product_cat?post=43150"},{"taxonomy":"product_tag","embeddable":true,"href":"https:\/\/mouldking.store\/hu\/wp-json\/wp\/v2\/product_tag?post=43150"}],"curies":[{"name":"wp","href":"https:\/\/api.w.org\/{rel}","templated":true}]}}