{"id":43161,"date":"2023-03-17T10:54:39","date_gmt":"2023-03-17T03:54:39","guid":{"rendered":"https:\/\/mouldking.store\/shop\/moc-factory-89434-high-on-life-gatlians-kenny-with-622-pieces\/"},"modified":"2025-12-16T22:25:08","modified_gmt":"2025-12-16T15:25:08","slug":"moc-factory-89434-high-on-life-gatlians-kenny-with-622-pieces","status":"publish","type":"product","link":"https:\/\/mouldking.store\/hu\/shop\/moc-factory-89434-high-on-life-gatlians-kenny-with-622-pieces\/","title":{"rendered":"MOC Factory 89434 High on Life Gatlians-Kenny 622 darabbal"},"content":{"rendered":"<div>\u2705 MOC-89434 High on Life Gatlians-Kenny<\/p>\n<p>\u2705K\u00e9sz\u00fclj fel kreativit\u00e1sod \u00faj magass\u00e1gokba emel\u00e9s\u00e9re a High on Life Gatlians-Kenny \u00e9p\u00edt\u0151elem k\u00e9szlettel!&nbsp;<\/p>\n<p>\ud83d\udeab FONTOS!<\/p>\n<p>Term\u00e9k neve: High on Life Gatlians-Kenny<\/p>\n<p>Kateg\u00f3ria: Alkot\u00f3<\/p>\n<p>A k\u00e9szlet tartalma: C9370<\/p>\n<p>622 db J\u00f3 min\u0151s\u00e9g\u0171 t\u00e9gla<\/p>\n<p>M\u00e9rete: 20 x 7,5 x 18,5 cm<\/p>\n<p>S\u00faly: 0,43 kg<\/p>\n<p>PDF \u00datmutat\u00f3<\/p>\n<p>\ud83d\udcccA f\u0151szerepl\u0151 term\u00e9szete<\/p>\n<p>Bemutatjuk a \u201eHigh on Life Gatlians-Kenny\u201d nev\u0171 b\u00fcszke kollekci\u00f3nkat, amelyet nem szabad kihagyni.<\/p>\n<p>A 622 t\u00e9gl\u00e1val \u00e9s az eleg\u00e1ns, 20 x 7,5 x 18,5 cm-es diz\u00e1jnnal ez az alkot\u00e1s szerelmeseinek v\u00e9gs\u0151 \u00e1lma val\u00f3ra v\u00e1lt. A mind\u00f6ssze 0,43 kg-os t\u00f6meg\u00e9vel k\u00f6nnyed\u00e9n \u00e9letre keltheti remekm\u0171v\u00e9t, b\u00e1rhov\u00e1 is megy. Engedd szabadj\u00e1ra fant\u00e1zi\u00e1dat, \u00e9s \u00e9p\u00edts valami igaz\u00e1n l\u00e1tv\u00e1nyosat ezzel a k\u00f6telez\u0151 \u00e9p\u00edt\u0151elem-k\u00e9szlettel!<\/p><\/div>","protected":false},"excerpt":{"rendered":"<p>M\u00e1rka: MOC Factory<br \/>\nNem: Uniszex<br \/>\nKoroszt\u00e1ly: &gt; 6 \u00e9v<br \/>\nModellsz\u00e1m: 89434<br \/>\nBesorol\u00e1s: \u00d6sszeszerel\u00e9s<br \/>\nM\u0171anyag blokk forma: \u00f6nz\u00e1r\u00f3 t\u00e9gla<br \/>\nAnyaga: M\u0171anyag<br \/>\nM\u0171anyag t\u00edpus: ABS<br \/>\nT\u00e9gla T\u00e9gla: 622 +<br \/>\nEredeti doboza nincs<\/p>","protected":false},"featured_media":43151,"comment_status":"open","ping_status":"closed","template":"","meta":{"_acf_changed":false},"product_cat":[1365,371],"product_tag":[11072,8452,9139,11580,11579,11581],"class_list":["product","first","instock","shipping-taxable","purchasable","product-type-simple"],"acf":[],"_links":{"self":[{"href":"https:\/\/mouldking.store\/hu\/wp-json\/wp\/v2\/product\/43161","targetHints":{"allow":["GET"]}}],"collection":[{"href":"https:\/\/mouldking.store\/hu\/wp-json\/wp\/v2\/product"}],"about":[{"href":"https:\/\/mouldking.store\/hu\/wp-json\/wp\/v2\/types\/product"}],"replies":[{"embeddable":true,"href":"https:\/\/mouldking.store\/hu\/wp-json\/wp\/v2\/comments?post=43161"}],"wp:featuredmedia":[{"embeddable":true,"href":"https:\/\/mouldking.store\/hu\/wp-json\/wp\/v2\/media\/43151"}],"wp:attachment":[{"href":"https:\/\/mouldking.store\/hu\/wp-json\/wp\/v2\/media?parent=43161"}],"wp:term":[{"taxonomy":"product_cat","embeddable":true,"href":"https:\/\/mouldking.store\/hu\/wp-json\/wp\/v2\/product_cat?post=43161"},{"taxonomy":"product_tag","embeddable":true,"href":"https:\/\/mouldking.store\/hu\/wp-json\/wp\/v2\/product_tag?post=43161"}],"curies":[{"name":"wp","href":"https:\/\/api.w.org\/{rel}","templated":true}]}}