{"id":43169,"date":"2023-03-17T11:00:19","date_gmt":"2023-03-17T04:00:19","guid":{"rendered":"https:\/\/mouldking.store\/shop\/moc-factory-89433-battletech-military-armor-with-176-pieces\/"},"modified":"2025-12-16T22:25:07","modified_gmt":"2025-12-16T15:25:07","slug":"moc-factory-89433-battletech-military-armor-with-176-pieces","status":"publish","type":"product","link":"https:\/\/mouldking.store\/hu\/shop\/moc-factory-89433-battletech-military-armor-with-176-pieces\/","title":{"rendered":"MOC Factory 89433 BattleTech katonai p\u00e1nc\u00e9l 176 darabbal"},"content":{"rendered":"<div>\u2705 MOC-89433 BattleTech Military Armor<\/p>\n<p>\u2705Get ready to dominate the battlefield with BattleTech Military Armor! This MOC building blocks Mech series set is your ultimate weapon of choice.<\/p>\n<p>\ud83d\udeab FONTOS!<\/p>\n<p>Product Name: BattleTech Military Armor<\/p>\n<p>Kateg\u00f3ria: Alkot\u00f3<\/p>\n<p>This Kit Contains: C9373<\/p>\n<p>176 db j\u00f3 min\u0151s\u00e9g\u0171 t\u00e9gla<\/p>\n<p>Size: 8.8 x 6.9 x 10.1 cm<\/p>\n<p>S\u00faly: 0,06 kg<\/p>\n<p>PDF \u00datmutat\u00f3<\/p>\n<p>\ud83d\udcccA f\u0151szerepl\u0151 term\u00e9szete<\/p>\n<p>Introducing our proud collection named \u201cBattleTech Military Armor\u201d you should not miss.<\/p>\n<p>With its intricate design and precise details, you&#8217;ll feel like a true commander-in-chief as you lead your troops to victory. Crafted for creation lovers who demand only the best, this armor set will surely satisfy your thirst for adventure and challenge. So gear up, soldier &#8211; it&#8217;s time to claim your place in history!<\/p><\/div>","protected":false},"excerpt":{"rendered":"<p>M\u00e1rka: MOC Factory<br \/>\nNem: Uniszex<br \/>\nKoroszt\u00e1ly: &gt; 6 \u00e9v<br \/>\nModel Number: 89433<br \/>\nBesorol\u00e1s: \u00d6sszeszerel\u00e9s<br \/>\nM\u0171anyag blokk forma: \u00f6nz\u00e1r\u00f3 t\u00e9gla<br \/>\nAnyaga: M\u0171anyag<br \/>\nM\u0171anyag t\u00edpus: ABS<br \/>\nT\u00e9gl\u00e1k Blokkok: 176 +<br \/>\nEredeti doboza nincs<\/p>","protected":false},"featured_media":43162,"comment_status":"open","ping_status":"closed","template":"","meta":{"_acf_changed":false},"product_cat":[1365,1350,371,372],"product_tag":[11148,9077,11072,8452,11233,374,11339],"class_list":["product","first","instock","shipping-taxable","purchasable","product-type-simple"],"acf":[],"_links":{"self":[{"href":"https:\/\/mouldking.store\/hu\/wp-json\/wp\/v2\/product\/43169","targetHints":{"allow":["GET"]}}],"collection":[{"href":"https:\/\/mouldking.store\/hu\/wp-json\/wp\/v2\/product"}],"about":[{"href":"https:\/\/mouldking.store\/hu\/wp-json\/wp\/v2\/types\/product"}],"replies":[{"embeddable":true,"href":"https:\/\/mouldking.store\/hu\/wp-json\/wp\/v2\/comments?post=43169"}],"wp:featuredmedia":[{"embeddable":true,"href":"https:\/\/mouldking.store\/hu\/wp-json\/wp\/v2\/media\/43162"}],"wp:attachment":[{"href":"https:\/\/mouldking.store\/hu\/wp-json\/wp\/v2\/media?parent=43169"}],"wp:term":[{"taxonomy":"product_cat","embeddable":true,"href":"https:\/\/mouldking.store\/hu\/wp-json\/wp\/v2\/product_cat?post=43169"},{"taxonomy":"product_tag","embeddable":true,"href":"https:\/\/mouldking.store\/hu\/wp-json\/wp\/v2\/product_tag?post=43169"}],"curies":[{"name":"wp","href":"https:\/\/api.w.org\/{rel}","templated":true}]}}