{"id":43181,"date":"2023-03-17T11:06:32","date_gmt":"2023-03-17T04:06:32","guid":{"rendered":"https:\/\/mouldking.store\/shop\/moc-factory-89432-the-last-of-us-clickers-with-442-pieces\/"},"modified":"2025-12-16T22:25:07","modified_gmt":"2025-12-16T15:25:07","slug":"moc-factory-89432-the-last-of-us-clickers-with-442-pieces","status":"publish","type":"product","link":"https:\/\/mouldking.store\/hu\/shop\/moc-factory-89432-the-last-of-us-clickers-with-442-pieces\/","title":{"rendered":"MOC Factory 89432 The Last of Us Clickers 442 darabbal"},"content":{"rendered":"<div>\u2705 MOC-89432 The Last of Us Clickers<\/p>\n<p>\u2705A Clickers a fert\u0151z\u00f6tt emberek kital\u00e1lt t\u00edpusa a \u201eThe Last of Us\u201d posztapokaliptikus videoj\u00e1t\u00e9kban. \u0150k az egyik legvesz\u00e9lyesebb \u00e9s legf\u00e9lelmetesebb ellens\u00e9g a j\u00e1t\u00e9kban, \u00e9s jellegzetes kattog\u00f3 hangjukr\u00f3l ismertek.<\/p>\n<p>\ud83d\udeab FONTOS!<\/p>\n<p>Term\u00e9k neve: The Last of Us Clickers<\/p>\n<p>Kateg\u00f3ria: Alkot\u00f3<\/p>\n<p>A k\u00e9szlet tartalma: C9376<\/p>\n<p>442 db J\u00f3 min\u0151s\u00e9g\u0171 t\u00e9gla<\/p>\n<p>M\u00e9rete: 19,3 x 9,3 x 29,6 cm<\/p>\n<p>S\u00faly: 0,22 kg<\/p>\n<p>PDF \u00datmutat\u00f3<\/p>\n<p>\ud83d\udcccA f\u0151szerepl\u0151 term\u00e9szete<\/p>\n<p>Bemutatjuk a \u201eThe Last of Us Clickers\u201d nev\u0171 b\u00fcszke kollekci\u00f3nkat, amit \u00e9rdemes kihagyni.<\/p>\n<p>A klikkerek olyan emberek, akiket megfert\u0151ztek a Cordyceps gomba mut\u00e1ns t\u00f6rzs\u00e9vel, amely elfoglalta az agyukat, aminek k\u00f6vetkezt\u00e9ben elvesztett\u00e9k l\u00e1t\u00e1sukat, \u00e9s az echolok\u00e1ci\u00f3ra hagyatkoznak a zs\u00e1km\u00e1ny navig\u00e1l\u00e1s\u00e1ban \u00e9s megtal\u00e1l\u00e1s\u00e1ban. Gombagomb\u00e1k is bor\u00edtj\u00e1k \u0151ket, amelyek p\u00e1nc\u00e9lk\u00e9nt szolg\u00e1lnak, \u00e9s megnehez\u00edtik az elpuszt\u00edt\u00e1sukat. A j\u00e1t\u00e9kban a Clickerek rendk\u00edv\u00fcl vesz\u00e9lyesek, \u00e9s egyetlen t\u00e1mad\u00e1ssal meg\u00f6lhetik a j\u00e1t\u00e9kos karakter\u00e9t, Joelt vagy Ellie-t. Vonzz\u00e1k \u0151ket a hangok, \u00e9s b\u00e1rmit megt\u00e1madnak, ami zajt kelt, bele\u00e9rtve a lej\u00e1tsz\u00f3t is. A Clicker meg\u00f6l\u00e9s\u00e9nek egyetlen m\u00f3dja az, ha lopakod\u00f3 taktik\u00e1t alkalmaznak, vagy j\u00f3l elhelyezett l\u00f6v\u00e9st a kitett gomb\u00e1sod\u00e1sokra.<\/p><\/div>","protected":false},"excerpt":{"rendered":"<p>M\u00e1rka: MOC Factory<br \/>\nNem: Uniszex<br \/>\nKoroszt\u00e1ly: &gt; 6 \u00e9v<br \/>\nModellsz\u00e1m: 89432<br \/>\nBesorol\u00e1s: \u00d6sszeszerel\u00e9s<br \/>\nM\u0171anyag blokk forma: \u00f6nz\u00e1r\u00f3 t\u00e9gla<br \/>\nAnyaga: M\u0171anyag<br \/>\nM\u0171anyag t\u00edpus: ABS<br \/>\nT\u00e9gla T\u00e9gla: 442 +<br \/>\nEredeti doboza nincs<\/p>","protected":false},"featured_media":43171,"comment_status":"open","ping_status":"closed","template":"","meta":{"_acf_changed":false},"product_cat":[1365,371],"product_tag":[11582,11072,8452,9139],"class_list":["product","first","instock","shipping-taxable","purchasable","product-type-simple"],"acf":[],"_links":{"self":[{"href":"https:\/\/mouldking.store\/hu\/wp-json\/wp\/v2\/product\/43181","targetHints":{"allow":["GET"]}}],"collection":[{"href":"https:\/\/mouldking.store\/hu\/wp-json\/wp\/v2\/product"}],"about":[{"href":"https:\/\/mouldking.store\/hu\/wp-json\/wp\/v2\/types\/product"}],"replies":[{"embeddable":true,"href":"https:\/\/mouldking.store\/hu\/wp-json\/wp\/v2\/comments?post=43181"}],"wp:featuredmedia":[{"embeddable":true,"href":"https:\/\/mouldking.store\/hu\/wp-json\/wp\/v2\/media\/43171"}],"wp:attachment":[{"href":"https:\/\/mouldking.store\/hu\/wp-json\/wp\/v2\/media?parent=43181"}],"wp:term":[{"taxonomy":"product_cat","embeddable":true,"href":"https:\/\/mouldking.store\/hu\/wp-json\/wp\/v2\/product_cat?post=43181"},{"taxonomy":"product_tag","embeddable":true,"href":"https:\/\/mouldking.store\/hu\/wp-json\/wp\/v2\/product_tag?post=43181"}],"curies":[{"name":"wp","href":"https:\/\/api.w.org\/{rel}","templated":true}]}}