{"id":43199,"date":"2023-03-17T11:29:59","date_gmt":"2023-03-17T04:29:59","guid":{"rendered":"https:\/\/mouldking.store\/shop\/mould-king-11006-fairground-ferris-wheel-with-3836-pieces\/"},"modified":"2023-03-17T11:29:59","modified_gmt":"2023-03-17T04:29:59","slug":"mould-king-11006-fairground-ferris-wheel-with-3836-pieces","status":"publish","type":"product","link":"https:\/\/mouldking.store\/hu\/shop\/mould-king-11006-fairground-ferris-wheel-with-3836-pieces\/","title":{"rendered":"MOLD KING 11006 V\u00e1s\u00e1ri \u00f3ri\u00e1sker\u00e9k 3836 darabbal"},"content":{"rendered":"<div>\u2705 Mold King 11006 V\u00e1s\u00e1ri \u00f3ri\u00e1sker\u00e9k<\/p>\n<p>\u2705A Fairground Ferris Wheel egyfajta sz\u00f3rakoztat\u00f3 t\u00fara, amely \u00e1ltal\u00e1ban karnev\u00e1lokon, v\u00e1s\u00e1rokon \u00e9s vid\u00e1mparkokban tal\u00e1lhat\u00f3. Ez egy nagy ker\u00e9k, amely egy k\u00f6zponti tengely k\u00f6r\u00fcl forog, \u00e9s t\u00f6bb utast\u00e9rrel vagy gondol\u00e1val van r\u00f6gz\u00edtve a ker\u00e9k perem\u00e9re.<\/p>\n<p>\ud83d\udeab FONTOS!<\/p>\n<p>Term\u00e9k neve: V\u00e1s\u00e1ri \u00f3ri\u00e1sker\u00e9k<\/p>\n<p>Kateg\u00f3ria: Alkot\u00f3<\/p>\n<p>A k\u00e9szlet tartalma: Mold King 11006&nbsp;<\/p>\n<p>3836 db J\u00f3 min\u0151s\u00e9g\u0171 t\u00e9gla<\/p>\n<p>M\u00e9rete: 63,5 \u00d7 25,5 \u00d7 52,5 cm<\/p>\n<p>K\u00e9zi utas\u00edt\u00e1sok<\/p>\n<p>\ud83d\udcccA f\u0151szerepl\u0151 term\u00e9szete<\/p>\n<p>Bemutatjuk a \u201eFairground Ferris Wheel\u201d nev\u0171 b\u00fcszke kollekci\u00f3nkat, amit nem szabad kihagyni.<\/p>\n<p>A V\u00e1s\u00e1ri \u00f3ri\u00e1skereket a 19. sz\u00e1zad v\u00e9g\u00e9n tal\u00e1lta fel George Washington Gale Ferris Jr., \u00e9s eredetileg \u201eChicago ker\u00e9k\u201d n\u00e9ven ismert\u00e9k. Az els\u0151 \u00f3ri\u00e1sker\u00e9k az 1893-as Columbian Vil\u00e1gki\u00e1ll\u00edt\u00e1sra \u00e9p\u00fclt Chicag\u00f3ban, Illinois \u00e1llamban, \u00e9s 80 m\u00e9ter magas volt, \u00edgy akkoriban a vil\u00e1g legmagasabb \u00e9p\u00edtm\u00e9nye volt. Az\u00f3ta az \u00f3ri\u00e1skerekek vil\u00e1gszerte n\u00e9pszer\u0171 l\u00e1tv\u00e1nyoss\u00e1gokk\u00e1 v\u00e1ltak a v\u00e1s\u00e1rokon \u00e9s karnev\u00e1lokon, \u00e9s k\u00fcl\u00f6nf\u00e9le m\u00e9retben \u00e9s st\u00edlusban k\u00e9sz\u00fcltek. Egyes modern \u00f3ri\u00e1skerekek ak\u00e1r 160 m\u00e9tert (525 l\u00e1b) is el\u00e9rhetnek, \u00e9s egyszerre t\u00f6bb sz\u00e1z utas befogad\u00e1s\u00e1ra is alkalmasak.<\/p><\/div>","protected":false},"excerpt":{"rendered":"<p>M\u00e1rka: MOLD KING<br \/>\nNem: Uniszex<br \/>\nKoroszt\u00e1ly: 8 \u00e9v felett<br \/>\nModellsz\u00e1m: 11006<br \/>\nBesorol\u00e1s: \u00d6sszeszerel\u00e9s<br \/>\nM\u0171anyag blokk forma: \u00f6nz\u00e1r\u00f3 t\u00e9gla<br \/>\nAnyaga: M\u0171anyag<br \/>\nM\u0171anyag t\u00edpus: ABS<br \/>\nT\u00e9gla T\u00e9gla: 3836 +<br \/>\nMotorral<\/p>","protected":false},"featured_media":43192,"comment_status":"open","ping_status":"closed","template":"","meta":{"_acf_changed":false},"product_cat":[1365,371],"product_tag":[11072,8452,11583,11584,11585,7652],"class_list":["product","first","instock","shipping-taxable","purchasable","product-type-simple"],"acf":[],"_links":{"self":[{"href":"https:\/\/mouldking.store\/hu\/wp-json\/wp\/v2\/product\/43199","targetHints":{"allow":["GET"]}}],"collection":[{"href":"https:\/\/mouldking.store\/hu\/wp-json\/wp\/v2\/product"}],"about":[{"href":"https:\/\/mouldking.store\/hu\/wp-json\/wp\/v2\/types\/product"}],"replies":[{"embeddable":true,"href":"https:\/\/mouldking.store\/hu\/wp-json\/wp\/v2\/comments?post=43199"}],"wp:featuredmedia":[{"embeddable":true,"href":"https:\/\/mouldking.store\/hu\/wp-json\/wp\/v2\/media\/43192"}],"wp:attachment":[{"href":"https:\/\/mouldking.store\/hu\/wp-json\/wp\/v2\/media?parent=43199"}],"wp:term":[{"taxonomy":"product_cat","embeddable":true,"href":"https:\/\/mouldking.store\/hu\/wp-json\/wp\/v2\/product_cat?post=43199"},{"taxonomy":"product_tag","embeddable":true,"href":"https:\/\/mouldking.store\/hu\/wp-json\/wp\/v2\/product_tag?post=43199"}],"curies":[{"name":"wp","href":"https:\/\/api.w.org\/{rel}","templated":true}]}}