{"id":43205,"date":"2023-03-17T11:38:45","date_gmt":"2023-03-17T04:38:45","guid":{"rendered":"https:\/\/mouldking.store\/shop\/sembo-ab0004-yu-gi-oh-blue-eyes-white-dragon-with-2000-pieces\/"},"modified":"2023-03-17T11:38:45","modified_gmt":"2023-03-17T04:38:45","slug":"sembo-ab0004-yu-gi-oh-blue-eyes-white-dragon-with-2000-pieces","status":"publish","type":"product","link":"https:\/\/mouldking.store\/hu\/shop\/sembo-ab0004-yu-gi-oh-blue-eyes-white-dragon-with-2000-pieces\/","title":{"rendered":"SEMBO AB0004 Yu-Gi-Oh: k\u00e9k szem\u0171 feh\u00e9r s\u00e1rk\u00e1ny 2000 darabbal"},"content":{"rendered":"<div>\u2705 SEMBO AB0004 Yu-Gi-Oh: Blue-Eyes White Dragon<br \/>&nbsp;<br \/>\u2705 A \u201eBlue-Eyes White Dragon\u201d egy k\u00e1rtya a \u201eYu-Gi-Oh!\u201d keresked\u00e9si k\u00e1rtyaj\u00e1t\u00e9kban \u00e9s animesorozatban. Ez az egyik legikonikusabb \u00e9s legismertebb k\u00e1rtya a j\u00e1t\u00e9kban, \u00e9s gyakran a sorozat f\u0151szerepl\u0151j\u00e9hez, Yugi Moto-hoz k\u00f6tik.<br \/>&nbsp;<br \/>\ud83d\udeab FONTOS!&nbsp;<br \/>&nbsp;<br \/>Term\u00e9k neve: Yu-Gi-Oh: Blue-Eyes White Dragon<br \/>&nbsp;<br \/>Kateg\u00f3ria: Alkot\u00f3&nbsp;<br \/>&nbsp;<br \/>A k\u00e9szlet tartalma: SEMBO AB0004<br \/>&nbsp;<br \/>2000 db J\u00f3 min\u0151s\u00e9g\u0171 t\u00e9gla&nbsp;<br \/>&nbsp;<br \/>M\u00e9rete: 51,2 \u00d7 38,4 \u00d7 28,8 cm<br \/>&nbsp;<br \/>K\u00e9zi utas\u00edt\u00e1sok&nbsp;<br \/>&nbsp;<br \/>\ud83d\udcccA f\u0151szerepl\u0151 term\u00e9szete&nbsp;<br \/>&nbsp;<br \/>Bemutatjuk a \u201eYu-Gi-Oh: Blue-Eyes White Dragon\u201d nev\u0171 b\u00fcszke kollekci\u00f3nkat, amelyet nem szabad kihagyni.&nbsp;<br \/>&nbsp;<br \/>A Blue-Eyes White Dragon egy er\u0151s s\u00e1rk\u00e1ny t\u00edpus\u00fa sz\u00f6rny 3000 t\u00e1mad\u00e1sponttal \u00e9s 2500 v\u00e9delmi ponttal, \u00edgy a j\u00e1t\u00e9k egyik leger\u0151sebb sz\u00f6rnye. Szint\u00e9n figyelemre m\u00e9lt\u00f3 felt\u0171n\u0151 megjelen\u00e9se, k\u00e9k pikkelyei, feh\u00e9r sz\u00e1rnyai \u00e9s \u00e1that\u00f3 k\u00e9k szeme. A Yu-Gi-Oh! anime sorozat, a Blue-Eyes White Dragon Seto Kaib\u00e1nak, Yugi Moto riv\u00e1lis\u00e1nak \u00e9s alkalmi sz\u00f6vets\u00e9ges\u00e9nek egyik al\u00e1\u00edr\u00e1si k\u00e1rty\u00e1ja. Kaiba megsz\u00e1llottja a k\u00e9kszem\u0171 feh\u00e9r s\u00e1rk\u00e1nynak, \u00e9s a paklij\u00e1ban gyakran t\u00f6bb m\u00e1solat is tal\u00e1lhat\u00f3 a k\u00e1rty\u00e1r\u00f3l.<\/div>","protected":false},"excerpt":{"rendered":"<p>M\u00e1rka: SEMBO<br \/>\nNem: Uniszex<br \/>\nKoroszt\u00e1ly: &gt; 6 \u00e9v<br \/>\nModellsz\u00e1m: AB0004<br \/>\nBesorol\u00e1s: \u00d6sszeszerel\u00e9s<br \/>\nM\u0171anyag blokk forma: \u00f6nz\u00e1r\u00f3 t\u00e9gla<br \/>\nAnyaga: M\u0171anyag<br \/>\nM\u0171anyag t\u00edpus: ABS<br \/>\nT\u00e9gla blokkok: 2000+<br \/>\nEredeti doboza nincs<\/p>","protected":false},"featured_media":43200,"comment_status":"open","ping_status":"closed","template":"","meta":{"_acf_changed":false},"product_cat":[1365,371],"product_tag":[11587,11072,8452,1771,1461,11586],"class_list":["product","first","instock","shipping-taxable","purchasable","product-type-simple"],"acf":[],"_links":{"self":[{"href":"https:\/\/mouldking.store\/hu\/wp-json\/wp\/v2\/product\/43205","targetHints":{"allow":["GET"]}}],"collection":[{"href":"https:\/\/mouldking.store\/hu\/wp-json\/wp\/v2\/product"}],"about":[{"href":"https:\/\/mouldking.store\/hu\/wp-json\/wp\/v2\/types\/product"}],"replies":[{"embeddable":true,"href":"https:\/\/mouldking.store\/hu\/wp-json\/wp\/v2\/comments?post=43205"}],"wp:featuredmedia":[{"embeddable":true,"href":"https:\/\/mouldking.store\/hu\/wp-json\/wp\/v2\/media\/43200"}],"wp:attachment":[{"href":"https:\/\/mouldking.store\/hu\/wp-json\/wp\/v2\/media?parent=43205"}],"wp:term":[{"taxonomy":"product_cat","embeddable":true,"href":"https:\/\/mouldking.store\/hu\/wp-json\/wp\/v2\/product_cat?post=43205"},{"taxonomy":"product_tag","embeddable":true,"href":"https:\/\/mouldking.store\/hu\/wp-json\/wp\/v2\/product_tag?post=43205"}],"curies":[{"name":"wp","href":"https:\/\/api.w.org\/{rel}","templated":true}]}}