{"id":43211,"date":"2023-03-17T11:46:36","date_gmt":"2023-03-17T04:46:36","guid":{"rendered":"https:\/\/mouldking.store\/shop\/lw-411-minecraft-tree-house-with-706-pieces\/"},"modified":"2023-03-17T11:46:36","modified_gmt":"2023-03-17T04:46:36","slug":"lw-411-minecraft-tree-house-with-706-pieces","status":"publish","type":"product","link":"https:\/\/mouldking.store\/hu\/shop\/lw-411-minecraft-tree-house-with-706-pieces\/","title":{"rendered":"LW 411 Minecraft fah\u00e1z 706 darabbal"},"content":{"rendered":"<div>\u2705 LW 411 Minecraft Tree House<br \/>&nbsp;<br \/>\u2705A Minecraft tree house is a type of structure that players can build in the video game Minecraft. In the game, players are able to gather resources and use them to construct buildings and other structures in a virtual world made up of blocks.<br \/>&nbsp;<br \/>\ud83d\udeab FONTOS!&nbsp;<br \/>&nbsp;<br \/>Product Name: Minecraft Tree House<br \/>&nbsp;<br \/>Kateg\u00f3ria: Alkot\u00f3&nbsp;<br \/>&nbsp;<br \/>This Kit Contains: LW 411&nbsp;<br \/>&nbsp;<br \/>706 pcs Good Quality Bricks&nbsp;<br \/>&nbsp;<br \/>Size: 27 x 21.4 x 16.8cm<br \/>&nbsp;<br \/>K\u00e9zi utas\u00edt\u00e1sok&nbsp;<br \/>&nbsp;<br \/>\ud83d\udcccA f\u0151szerepl\u0151 term\u00e9szete&nbsp;<br \/>&nbsp;<br \/>Introducing our proud collection named \u201cMinecraft Tree House\u201d you should not miss.&nbsp;<br \/>&nbsp;<br \/>A Minecraft tree house is typically built by selecting a tall tree in the game and building a structure around its branches or trunk. The structure can be made out of a variety of materials, including wood, stone, and other resources that players gather throughout the game. Tree houses in Minecraft can serve a variety of purposes, such as providing a safe place to rest and store items, or serving as a lookout tower or vantage point. Some players also use tree houses as a decorative feature in their Minecraft worlds, building elaborate structures with intricate designs and detailing.<\/div>","protected":false},"excerpt":{"rendered":"<p>M\u00e1rka: LW<br \/>\nNem: Uniszex<br \/>\nKoroszt\u00e1ly: &gt; 6 \u00e9v<br \/>\nModel Number: 411<br \/>\nBesorol\u00e1s: \u00d6sszeszerel\u00e9s<br \/>\nM\u0171anyag blokk forma: \u00f6nz\u00e1r\u00f3 t\u00e9gla<br \/>\nAnyaga: M\u0171anyag<br \/>\nM\u0171anyag t\u00edpus: ABS<br \/>\nBricks Blocks: 706 +<br \/>\nEredeti doboza nincs<\/p>","protected":false},"featured_media":43206,"comment_status":"open","ping_status":"closed","template":"","meta":{"_acf_changed":false},"product_cat":[1365,371],"product_tag":[11072,8452,2318,11588,5983],"class_list":["product","first","instock","shipping-taxable","purchasable","product-type-simple"],"acf":[],"_links":{"self":[{"href":"https:\/\/mouldking.store\/hu\/wp-json\/wp\/v2\/product\/43211","targetHints":{"allow":["GET"]}}],"collection":[{"href":"https:\/\/mouldking.store\/hu\/wp-json\/wp\/v2\/product"}],"about":[{"href":"https:\/\/mouldking.store\/hu\/wp-json\/wp\/v2\/types\/product"}],"replies":[{"embeddable":true,"href":"https:\/\/mouldking.store\/hu\/wp-json\/wp\/v2\/comments?post=43211"}],"wp:featuredmedia":[{"embeddable":true,"href":"https:\/\/mouldking.store\/hu\/wp-json\/wp\/v2\/media\/43206"}],"wp:attachment":[{"href":"https:\/\/mouldking.store\/hu\/wp-json\/wp\/v2\/media?parent=43211"}],"wp:term":[{"taxonomy":"product_cat","embeddable":true,"href":"https:\/\/mouldking.store\/hu\/wp-json\/wp\/v2\/product_cat?post=43211"},{"taxonomy":"product_tag","embeddable":true,"href":"https:\/\/mouldking.store\/hu\/wp-json\/wp\/v2\/product_tag?post=43211"}],"curies":[{"name":"wp","href":"https:\/\/api.w.org\/{rel}","templated":true}]}}