{"id":43227,"date":"2023-03-17T17:47:58","date_gmt":"2023-03-17T10:47:58","guid":{"rendered":"https:\/\/mouldking.store\/shop\/sluban-m38-b1181-mech-master-hulk-the-lonely-brave-with-588-pieces\/"},"modified":"2023-03-17T17:47:58","modified_gmt":"2023-03-17T10:47:58","slug":"sluban-m38-b1181-mech-master-hulk-the-lonely-brave-with-588-pieces","status":"publish","type":"product","link":"https:\/\/mouldking.store\/hu\/shop\/sluban-m38-b1181-mech-master-hulk-the-lonely-brave-with-588-pieces\/","title":{"rendered":"Sluban M38-B1181 Mech Master: Hulk the Lonely Brave 588 darabbal"},"content":{"rendered":"<div>\u2705 Sluban M38-B1181 Mech Master: Hulk the Lonely Brave<br \/>&nbsp;<br \/>\u2705 K\u00e9sz\u00fclj fel a v\u00e9gs\u0151 roboth\u0151s \u00f6ssze\u00e1ll\u00edt\u00e1s\u00e1ra a Mech Master: Hulk the Lonely Brave seg\u00edts\u00e9g\u00e9vel. Az 588 \u00e9p\u00edt\u0151elem r\u00e9szecsk\u00e9vel \u00e9letre keltesz egy vad \u00e9s rettenthetetlen g\u00e9pet, amely minden kih\u00edv\u00e1ssal szemben \u00e1ll.<br \/>&nbsp;<br \/>\ud83d\udeab FONTOS!&nbsp;<br \/>&nbsp;<br \/>Term\u00e9k neve: Mech Master: Hulk the Lonely Brave<br \/>&nbsp;<br \/>Kateg\u00f3ria: Alkot\u00f3&nbsp;<br \/>&nbsp;<br \/>A k\u00e9szlet tartalma: Sluban M38-B1181<br \/>&nbsp;<br \/>588 db J\u00f3 min\u0151s\u00e9g\u0171 t\u00e9gla&nbsp;<br \/>&nbsp;<br \/>M\u00e9rete: 23,7 \u00d7 23 \u00d7 11,8 cm<br \/>&nbsp;<br \/>K\u00e9zi utas\u00edt\u00e1sok&nbsp;<br \/>&nbsp;<br \/>\ud83d\udcccA f\u0151szerepl\u0151 term\u00e9szete&nbsp;<br \/>&nbsp;<br \/>Bemutatjuk a \u201eMech Master: Hulk the Lonely Brave\u201d nev\u0171 b\u00fcszke kollekci\u00f3nkat, amelyet nem szabad kihagyni.&nbsp;<br \/>&nbsp;<br \/>A 2023-ban kiadott Robot: The Lone Hulk nem csak egy \u00fajabb k\u00e9szlet \u2013 ez egy lehet\u0151s\u00e9g arra, hogy szabadj\u00e1ra engedje kreativit\u00e1s\u00e1t, \u00e9s \u00e9p\u00edtsen valami igaz\u00e1n figyelemre m\u00e9lt\u00f3t. Sz\u00f3val ne hagyd ki ezt az epikus kalandot \u2013 vedd kezedbe a Robot: The Lone Hulk-ot m\u00e9g ma!<\/div>","protected":false},"excerpt":{"rendered":"<p>M\u00e1rka: Sluban<br \/>\nNem: Uniszex<br \/>\nKoroszt\u00e1ly: &gt; 6 \u00e9v<br \/>\nModellsz\u00e1m: M38-B1181<br \/>\nBesorol\u00e1s: \u00d6sszeszerel\u00e9s<br \/>\nM\u0171anyag blokk forma: \u00f6nz\u00e1r\u00f3 t\u00e9gla<br \/>\nAnyaga: M\u0171anyag<br \/>\nM\u0171anyag t\u00edpus: ABS<br \/>\nT\u00e9gla blokkok: 588+<br \/>\nEL\u0150K\u00c9SZ\u00cdT\u00c9S<br \/>\nNINCS RAKT\u00c1RON<\/p>","protected":false},"featured_media":43224,"comment_status":"open","ping_status":"closed","template":"","meta":{"_acf_changed":false},"product_cat":[1365,371],"product_tag":[4712,11072,8452,11591,7133,11233,590],"class_list":["product","first","instock","shipping-taxable","purchasable","product-type-simple"],"acf":[],"_links":{"self":[{"href":"https:\/\/mouldking.store\/hu\/wp-json\/wp\/v2\/product\/43227","targetHints":{"allow":["GET"]}}],"collection":[{"href":"https:\/\/mouldking.store\/hu\/wp-json\/wp\/v2\/product"}],"about":[{"href":"https:\/\/mouldking.store\/hu\/wp-json\/wp\/v2\/types\/product"}],"replies":[{"embeddable":true,"href":"https:\/\/mouldking.store\/hu\/wp-json\/wp\/v2\/comments?post=43227"}],"wp:featuredmedia":[{"embeddable":true,"href":"https:\/\/mouldking.store\/hu\/wp-json\/wp\/v2\/media\/43224"}],"wp:attachment":[{"href":"https:\/\/mouldking.store\/hu\/wp-json\/wp\/v2\/media?parent=43227"}],"wp:term":[{"taxonomy":"product_cat","embeddable":true,"href":"https:\/\/mouldking.store\/hu\/wp-json\/wp\/v2\/product_cat?post=43227"},{"taxonomy":"product_tag","embeddable":true,"href":"https:\/\/mouldking.store\/hu\/wp-json\/wp\/v2\/product_tag?post=43227"}],"curies":[{"name":"wp","href":"https:\/\/api.w.org\/{rel}","templated":true}]}}