{"id":43231,"date":"2023-03-17T17:53:09","date_gmt":"2023-03-17T10:53:09","guid":{"rendered":"https:\/\/mouldking.store\/shop\/sluban-m38-b1180-mech-master-cyber-wukong-with-755-pieces\/"},"modified":"2023-03-17T17:53:09","modified_gmt":"2023-03-17T10:53:09","slug":"sluban-m38-b1180-mech-master-cyber-wukong-with-755-pieces","status":"publish","type":"product","link":"https:\/\/mouldking.store\/hu\/shop\/sluban-m38-b1180-mech-master-cyber-wukong-with-755-pieces\/","title":{"rendered":"Sluban M38-B1180 Mech Master: Cyber \u200b\u200b\u200b\u200bWukong 755 darabbal"},"content":{"rendered":"<div>\u2705 Sluban M38-B1180 Mech Master: Cyber \u200b\u200b\u200b\u200bWukong<br \/>&nbsp;<br \/>\u2705K\u00e9sz\u00fclj fel bels\u0151 kreativit\u00e1sod felszabad\u00edt\u00e1s\u00e1ra a Mech Master: Cyber \u200b\u200b\u200b\u200bWukong seg\u00edts\u00e9g\u00e9vel, amely a n\u00e9pszer\u0171 \u00e9p\u00edt\u0151elem-sorozatunk leg\u00fajabb kieg\u00e9sz\u00edt\u0151je.<br \/>&nbsp;<br \/>\ud83d\udeab FONTOS!&nbsp;<br \/>&nbsp;<br \/>Term\u00e9k neve: Mech Master: Cyber \u200b\u200b\u200b\u200bWukong<br \/>&nbsp;<br \/>Kateg\u00f3ria: Alkot\u00f3&nbsp;<br \/>&nbsp;<br \/>A k\u00e9szlet tartalma: Sluban M38-B1180<br \/>&nbsp;<br \/>755 db J\u00f3 min\u0151s\u00e9g\u0171 t\u00e9gla&nbsp;<br \/>&nbsp;<br \/>M\u00e9rete: 11,8 \u00d7 23 \u00d7 23,7 cm<br \/>&nbsp;<br \/>K\u00e9zi utas\u00edt\u00e1sok&nbsp;<br \/>&nbsp;<br \/>\ud83d\udcccA f\u0151szerepl\u0151 term\u00e9szete&nbsp;<br \/>&nbsp;<br \/>Bemutatjuk b\u00fcszke \u201eMech Master: Cyber \u200b\u200b\u200b\u200bWukong\u201d kollekci\u00f3nkat, amelyet nem szabad kihagyni.&nbsp;<br \/>&nbsp;<br \/>Ez a hihetetlen robot leny\u0171g\u00f6z\u0151 755 r\u00e9szecsk\u00e9vel b\u00fcszk\u00e9lkedhet, \u00e9s m\u00e9g a legk\u00e9pzettebb \u00e9p\u00edt\u0151ket is kih\u00edv\u00e1s el\u00e9 \u00e1ll\u00edtja. Eleg\u00e1ns diz\u00e1jnj\u00e1val \u00e9s \u00e9lvonalbeli funkci\u00f3ival a Robot: Cyber \u200b\u200b\u200b\u200bWukong elengedhetetlen kell\u00e9ke minden alkot\u00e1st kedvel\u0151nek, aki a k\u00f6vetkez\u0151 nagy projektj\u00e9t keresi. Ne hagyja ki ezt az izgalmas \u00faj kiad\u00e1st 2023-ban!<\/div>","protected":false},"excerpt":{"rendered":"<p>M\u00e1rka: Sluban<br \/>\nNem: Uniszex<br \/>\nKoroszt\u00e1ly: &gt; 6 \u00e9v<br \/>\nModellsz\u00e1m: M38-B1180<br \/>\nBesorol\u00e1s: \u00d6sszeszerel\u00e9s<br \/>\nM\u0171anyag blokk forma: \u00f6nz\u00e1r\u00f3 t\u00e9gla<br \/>\nAnyaga: M\u0171anyag<br \/>\nM\u0171anyag t\u00edpus: ABS<br \/>\nT\u00e9gla blokkok: 755 +<br \/>\nEL\u0150K\u00c9SZ\u00cdT\u00c9S<br \/>\nNINCS RAKT\u00c1RON<\/p>","protected":false},"featured_media":43228,"comment_status":"open","ping_status":"closed","template":"","meta":{"_acf_changed":false},"product_cat":[1365,371],"product_tag":[11072,8452,11592,7133,11233,590,11593],"class_list":["product","first","instock","shipping-taxable","purchasable","product-type-simple"],"acf":[],"_links":{"self":[{"href":"https:\/\/mouldking.store\/hu\/wp-json\/wp\/v2\/product\/43231","targetHints":{"allow":["GET"]}}],"collection":[{"href":"https:\/\/mouldking.store\/hu\/wp-json\/wp\/v2\/product"}],"about":[{"href":"https:\/\/mouldking.store\/hu\/wp-json\/wp\/v2\/types\/product"}],"replies":[{"embeddable":true,"href":"https:\/\/mouldking.store\/hu\/wp-json\/wp\/v2\/comments?post=43231"}],"wp:featuredmedia":[{"embeddable":true,"href":"https:\/\/mouldking.store\/hu\/wp-json\/wp\/v2\/media\/43228"}],"wp:attachment":[{"href":"https:\/\/mouldking.store\/hu\/wp-json\/wp\/v2\/media?parent=43231"}],"wp:term":[{"taxonomy":"product_cat","embeddable":true,"href":"https:\/\/mouldking.store\/hu\/wp-json\/wp\/v2\/product_cat?post=43231"},{"taxonomy":"product_tag","embeddable":true,"href":"https:\/\/mouldking.store\/hu\/wp-json\/wp\/v2\/product_tag?post=43231"}],"curies":[{"name":"wp","href":"https:\/\/api.w.org\/{rel}","templated":true}]}}