{"id":43234,"date":"2023-03-17T17:59:07","date_gmt":"2023-03-17T10:59:07","guid":{"rendered":"https:\/\/mouldking.store\/shop\/taigaole-t5036b-rwb-low-profile-porsche-911-with-2368-pieces\/"},"modified":"2023-03-17T17:59:07","modified_gmt":"2023-03-17T10:59:07","slug":"taigaole-t5036b-rwb-low-profile-porsche-911-with-2368-pieces","status":"publish","type":"product","link":"https:\/\/mouldking.store\/hu\/shop\/taigaole-t5036b-rwb-low-profile-porsche-911-with-2368-pieces\/","title":{"rendered":"TaiGaoLe T5036B RWB Low Profile Porsche 911 with 2368 Pieces"},"content":{"rendered":"<div>\u2705 Tegole T5036B RWB Low Profile Porsche 911<br \/>&nbsp;<br \/>\u2705RWB, which stands for &#8220;Rauh-Welt Begriff,&#8221; is a Japanese tuning company that specializes in customizing Porsche sports cars. RWB is known for its distinctive style, which often includes wide body kits, aggressive fenders, and unique spoilers, as well as interior and performance upgrades.<br \/>&nbsp;<br \/>\ud83d\udeab FONTOS!&nbsp;<br \/>&nbsp;<br \/>Product Name: RWB Low Profile Porsche 911<br \/>&nbsp;<br \/>Kateg\u00f3ria: M\u0171szaki<br \/>&nbsp;<br \/>This Kit Contains: Tegole T5036B<br \/>&nbsp;<br \/>2368 pcs Good Quality Bricks&nbsp;<br \/>&nbsp;<br \/>Size:&nbsp; 49.5 \u00d7 15.3 \u00d7 24 cm<br \/>&nbsp;<br \/>K\u00e9zi utas\u00edt\u00e1sok&nbsp;<br \/>&nbsp;<br \/>\ud83d\udcccA f\u0151szerepl\u0151 term\u00e9szete&nbsp;<br \/>&nbsp;<br \/>Introducing our proud collection named \u201cRWB Low Profile Porsche 911\u201d you should not miss.&nbsp;<br \/>&nbsp;<br \/>The &#8220;RWB Low Profile&#8221; Porsche 911 refers to a specific Porsche 911 model that has been customized by RWB to have a lower stance, often achieved through the use of lowered suspension and custom wheels. This modification results in a more aggressive and sporty appearance, which is a hallmark of the RWB tuning style.<\/div>","protected":false},"excerpt":{"rendered":"<p>Brand: TaiGaoLe<br \/>\nNem: Uniszex<br \/>\nKoroszt\u00e1ly: 8 \u00e9v felett<br \/>\nModel Number: T5036B<br \/>\nBesorol\u00e1s: \u00d6sszeszerel\u00e9s<br \/>\nM\u0171anyag blokk forma: \u00f6nz\u00e1r\u00f3 t\u00e9gla<br \/>\nAnyaga: M\u0171anyag<br \/>\nM\u0171anyag t\u00edpus: ABS<br \/>\nBricks Blocks: 2368 +<br \/>\nEL\u0150K\u00c9SZ\u00cdT\u00c9S<br \/>\nNINCS RAKT\u00c1RON<\/p>","protected":false},"featured_media":43232,"comment_status":"open","ping_status":"closed","template":"","meta":{"_acf_changed":false},"product_cat":[1360,1357,364],"product_tag":[457,2754,389,11080],"class_list":["product","first","instock","shipping-taxable","purchasable","product-type-simple"],"acf":[],"_links":{"self":[{"href":"https:\/\/mouldking.store\/hu\/wp-json\/wp\/v2\/product\/43234","targetHints":{"allow":["GET"]}}],"collection":[{"href":"https:\/\/mouldking.store\/hu\/wp-json\/wp\/v2\/product"}],"about":[{"href":"https:\/\/mouldking.store\/hu\/wp-json\/wp\/v2\/types\/product"}],"replies":[{"embeddable":true,"href":"https:\/\/mouldking.store\/hu\/wp-json\/wp\/v2\/comments?post=43234"}],"wp:featuredmedia":[{"embeddable":true,"href":"https:\/\/mouldking.store\/hu\/wp-json\/wp\/v2\/media\/43232"}],"wp:attachment":[{"href":"https:\/\/mouldking.store\/hu\/wp-json\/wp\/v2\/media?parent=43234"}],"wp:term":[{"taxonomy":"product_cat","embeddable":true,"href":"https:\/\/mouldking.store\/hu\/wp-json\/wp\/v2\/product_cat?post=43234"},{"taxonomy":"product_tag","embeddable":true,"href":"https:\/\/mouldking.store\/hu\/wp-json\/wp\/v2\/product_tag?post=43234"}],"curies":[{"name":"wp","href":"https:\/\/api.w.org\/{rel}","templated":true}]}}