{"id":43261,"date":"2023-03-20T10:16:21","date_gmt":"2023-03-20T03:16:21","guid":{"rendered":"https:\/\/mouldking.store\/shop\/jiestar-58005-heat-bayonet-with-533-pieces\/"},"modified":"2023-03-20T10:16:21","modified_gmt":"2023-03-20T03:16:21","slug":"jiestar-58005-heat-bayonet-with-533-pieces","status":"publish","type":"product","link":"https:\/\/mouldking.store\/hu\/shop\/jiestar-58005-heat-bayonet-with-533-pieces\/","title":{"rendered":"JIESTAR 58005 Heat Bajonett 533 darabbal"},"content":{"rendered":"<div>\u2705 JIESTAR 58005 Heat Bayonet<br \/>&nbsp;<br \/>\u2705Bayonet heaters are a type of electric heating device that are typically used to provide localized heat in small spaces. They are called &#8220;bayonet&#8221; heaters because they are designed to be mounted on a bracket or fitting that resembles the shape of a bayonet.<br \/>&nbsp;<br \/>\ud83d\udeab FONTOS!&nbsp;<br \/>&nbsp;<br \/>Product Name: Heat Bayonet<br \/>&nbsp;<br \/>Kateg\u00f3ria: M\u0171szaki<br \/>&nbsp;<br \/>This Kit Contains: JIESTAR 58005<br \/>&nbsp;<br \/>533 pcs Good Quality Bricks&nbsp;<br \/>&nbsp;<br \/>Size: 47.5 \u00d7 28.5 \u00d7 7 cm<br \/>&nbsp;<br \/>K\u00e9zi utas\u00edt\u00e1sok&nbsp;<br \/>&nbsp;<br \/>\ud83d\udcccA f\u0151szerepl\u0151 term\u00e9szete&nbsp;<br \/>&nbsp;<br \/>Introducing our proud collection named \u201cHeat Bayonet\u201d you should not miss.&nbsp;<br \/>&nbsp;<br \/>Bayonet heaters are often used in industrial or commercial settings to heat small areas, such as workspaces, storage areas, or equipment rooms. They can also be used in homes as supplemental heaters in areas where the central heating system may not be sufficient, such as a garage or workshop.<\/div>","protected":false},"excerpt":{"rendered":"<p>M\u00e1rka: JIESTAR<br \/>\nNem: Uniszex<br \/>\nKoroszt\u00e1ly: &gt; 6 \u00e9v<br \/>\nModel Number: 58005<br \/>\nBesorol\u00e1s: \u00d6sszeszerel\u00e9s<br \/>\nM\u0171anyag blokk forma: \u00f6nz\u00e1r\u00f3 t\u00e9gla<br \/>\nAnyaga: M\u0171anyag<br \/>\nM\u0171anyag t\u00edpus: ABS<br \/>\nBricks Blocks: 533 +<br \/>\nEredeti doboza nincs<\/p>","protected":false},"featured_media":43255,"comment_status":"open","ping_status":"closed","template":"","meta":{"_acf_changed":false},"product_cat":[1357,364],"product_tag":[8558,9981,11597,389,11080],"class_list":["product","first","instock","shipping-taxable","purchasable","product-type-simple"],"acf":[],"_links":{"self":[{"href":"https:\/\/mouldking.store\/hu\/wp-json\/wp\/v2\/product\/43261","targetHints":{"allow":["GET"]}}],"collection":[{"href":"https:\/\/mouldking.store\/hu\/wp-json\/wp\/v2\/product"}],"about":[{"href":"https:\/\/mouldking.store\/hu\/wp-json\/wp\/v2\/types\/product"}],"replies":[{"embeddable":true,"href":"https:\/\/mouldking.store\/hu\/wp-json\/wp\/v2\/comments?post=43261"}],"wp:featuredmedia":[{"embeddable":true,"href":"https:\/\/mouldking.store\/hu\/wp-json\/wp\/v2\/media\/43255"}],"wp:attachment":[{"href":"https:\/\/mouldking.store\/hu\/wp-json\/wp\/v2\/media?parent=43261"}],"wp:term":[{"taxonomy":"product_cat","embeddable":true,"href":"https:\/\/mouldking.store\/hu\/wp-json\/wp\/v2\/product_cat?post=43261"},{"taxonomy":"product_tag","embeddable":true,"href":"https:\/\/mouldking.store\/hu\/wp-json\/wp\/v2\/product_tag?post=43261"}],"curies":[{"name":"wp","href":"https:\/\/api.w.org\/{rel}","templated":true}]}}