{"id":43284,"date":"2023-03-20T10:42:15","date_gmt":"2023-03-20T03:42:15","guid":{"rendered":"https:\/\/mouldking.store\/shop\/zhegao-00418-corner-bookstore-with-2185-pieces\/"},"modified":"2023-03-20T10:42:15","modified_gmt":"2023-03-20T03:42:15","slug":"zhegao-00418-corner-bookstore-with-2185-pieces","status":"publish","type":"product","link":"https:\/\/mouldking.store\/hu\/shop\/zhegao-00418-corner-bookstore-with-2185-pieces\/","title":{"rendered":"ZHEGAO 00418 Corner Bookstore with 2185 Pieces"},"content":{"rendered":"<div>\u2705 ZHEGAO 00418 Corner Bookstore<br \/>&nbsp;<br \/>\u2705A corner bookstore is a type of bookstore that is typically located on a street corner, often in a neighborhood or urban area. The term &#8220;corner&#8221; refers to the location of the store, rather than a specific type of bookstore or product selection.<br \/>&nbsp;<br \/>\ud83d\udeab FONTOS!&nbsp;<br \/>&nbsp;<br \/>Product Name: Corner Bookstore<br \/>&nbsp;<br \/>Kateg\u00f3ria: Modul\u00e1ris \u00e9p\u00fclet<br \/>&nbsp;<br \/>This Kit Contains: ZHEGAO 00418 &nbsp;<br \/>&nbsp;<br \/>2185 pcs Good Quality Bricks&nbsp;<br \/>&nbsp;<br \/>Size: 19.2 \u00d7 19.2 \u00d7 23.4 cm<br \/>&nbsp;<br \/>K\u00e9zi utas\u00edt\u00e1sok&nbsp;<br \/>&nbsp;<br \/>\ud83d\udcccA f\u0151szerepl\u0151 term\u00e9szete&nbsp;<br \/>&nbsp;<br \/>Introducing our proud collection named \u201cCorner Bookstore\u201d you should not miss.&nbsp;<br \/>&nbsp;<br \/>Corner bookstores are often small, independent businesses that specialize in a particular genre of books, such as rare or used books, children&#8217;s books, or local interest books. They may also offer other products, such as stationery, gifts, or coffee and snacks. Corner bookstores often have a cozy and intimate atmosphere, with shelves that are tightly packed with books and narrow aisles that encourage browsing. They may also have a more personal touch than larger chain bookstores, as the staff are often knowledgeable about the books and can offer recommendations based on individual interests.<\/div>","protected":false},"excerpt":{"rendered":"<p>M\u00e1rka: ZHEGAO<br \/>\nNem: Uniszex<br \/>\nKoroszt\u00e1ly: &gt; 6 \u00e9v<br \/>\nModel Number: 00418<br \/>\nBesorol\u00e1s: \u00d6sszeszerel\u00e9s<br \/>\nM\u0171anyag blokk forma: \u00f6nz\u00e1r\u00f3 t\u00e9gla<br \/>\nAnyaga: M\u0171anyag<br \/>\nM\u0171anyag t\u00edpus: ABS<br \/>\nBricks Blocks: 2185 +<br \/>\nEredeti doboza nincs<\/p>","protected":false},"featured_media":43280,"comment_status":"open","ping_status":"closed","template":"","meta":{"_acf_changed":false},"product_cat":[1365,1395,390],"product_tag":[11602,4883,772,11601,392],"class_list":["product","first","instock","shipping-taxable","purchasable","product-type-simple"],"acf":[],"_links":{"self":[{"href":"https:\/\/mouldking.store\/hu\/wp-json\/wp\/v2\/product\/43284","targetHints":{"allow":["GET"]}}],"collection":[{"href":"https:\/\/mouldking.store\/hu\/wp-json\/wp\/v2\/product"}],"about":[{"href":"https:\/\/mouldking.store\/hu\/wp-json\/wp\/v2\/types\/product"}],"replies":[{"embeddable":true,"href":"https:\/\/mouldking.store\/hu\/wp-json\/wp\/v2\/comments?post=43284"}],"wp:featuredmedia":[{"embeddable":true,"href":"https:\/\/mouldking.store\/hu\/wp-json\/wp\/v2\/media\/43280"}],"wp:attachment":[{"href":"https:\/\/mouldking.store\/hu\/wp-json\/wp\/v2\/media?parent=43284"}],"wp:term":[{"taxonomy":"product_cat","embeddable":true,"href":"https:\/\/mouldking.store\/hu\/wp-json\/wp\/v2\/product_cat?post=43284"},{"taxonomy":"product_tag","embeddable":true,"href":"https:\/\/mouldking.store\/hu\/wp-json\/wp\/v2\/product_tag?post=43284"}],"curies":[{"name":"wp","href":"https:\/\/api.w.org\/{rel}","templated":true}]}}