{"id":43293,"date":"2023-03-20T11:03:48","date_gmt":"2023-03-20T04:03:48","guid":{"rendered":"https:\/\/mouldking.store\/shop\/nicebricks-200618-famous-einstein-with-2368-pieces\/"},"modified":"2023-03-20T11:03:48","modified_gmt":"2023-03-20T04:03:48","slug":"nicebricks-200618-famous-einstein-with-2368-pieces","status":"publish","type":"product","link":"https:\/\/mouldking.store\/hu\/shop\/nicebricks-200618-famous-einstein-with-2368-pieces\/","title":{"rendered":"NiceBricks 200618 H\u00edres Einstein 2368 darabbal"},"content":{"rendered":"<div>\u2705 NiceBricks 200618 Famous Einstein<br \/>&nbsp;<br \/>\u2705Albert Einstein was a German-born theoretical physicist who is widely regarded as one of the most influential scientists of the 20th century. He is best known for developing the theory of relativity, which revolutionized our understanding of space, time, and gravity.<br \/>&nbsp;<br \/>\ud83d\udeab FONTOS!&nbsp;<br \/>&nbsp;<br \/>Product Name: Famous Einstein<br \/>&nbsp;<br \/>Kateg\u00f3ria: Alkot\u00f3&nbsp;<br \/>&nbsp;<br \/>This Kit Contains: NiceBricks 200618<br \/>&nbsp;<br \/>2368 pcs Good Quality Bricks&nbsp;<br \/>&nbsp;<br \/>Size: 24 \u00d7 19.3 \u00d7 16 cm<br \/>&nbsp;<br \/>K\u00e9zi utas\u00edt\u00e1sok&nbsp;<br \/>&nbsp;<br \/>\ud83d\udcccA f\u0151szerepl\u0151 term\u00e9szete&nbsp;<br \/>&nbsp;<br \/>Introducing our proud collection named \u201cFamous Einstein\u201d you should not miss.&nbsp;<br \/>&nbsp;<br \/>Throughout his career, Einstein made significant contributions to many areas of physics, including quantum mechanics and statistical mechanics. He was also a pacifist and outspoken advocate for civil rights. Einstein&#8217;s contributions to science revolutionized our understanding of the physical world and continue to influence scientific research and thinking today. He was awarded the Nobel Prize in Physics in 1921 for his work on theoretical physics.<\/div>","protected":false},"excerpt":{"rendered":"<p>Brand: NiceBricks<br \/>\nNem: Uniszex<br \/>\nKoroszt\u00e1ly: &gt; 6 \u00e9v<br \/>\nModel Number: 200618<br \/>\nBesorol\u00e1s: \u00d6sszeszerel\u00e9s<br \/>\nM\u0171anyag blokk forma: \u00f6nz\u00e1r\u00f3 t\u00e9gla<br \/>\nAnyaga: M\u0171anyag<br \/>\nM\u0171anyag t\u00edpus: ABS<br \/>\nBricks Blocks: 2368 +<br \/>\nEredeti doboza nincs<\/p>","protected":false},"featured_media":43289,"comment_status":"open","ping_status":"closed","template":"","meta":{"_acf_changed":false},"product_cat":[1365,371],"product_tag":[11072,8452,11604],"class_list":["product","first","instock","shipping-taxable","purchasable","product-type-simple"],"acf":[],"_links":{"self":[{"href":"https:\/\/mouldking.store\/hu\/wp-json\/wp\/v2\/product\/43293","targetHints":{"allow":["GET"]}}],"collection":[{"href":"https:\/\/mouldking.store\/hu\/wp-json\/wp\/v2\/product"}],"about":[{"href":"https:\/\/mouldking.store\/hu\/wp-json\/wp\/v2\/types\/product"}],"replies":[{"embeddable":true,"href":"https:\/\/mouldking.store\/hu\/wp-json\/wp\/v2\/comments?post=43293"}],"wp:featuredmedia":[{"embeddable":true,"href":"https:\/\/mouldking.store\/hu\/wp-json\/wp\/v2\/media\/43289"}],"wp:attachment":[{"href":"https:\/\/mouldking.store\/hu\/wp-json\/wp\/v2\/media?parent=43293"}],"wp:term":[{"taxonomy":"product_cat","embeddable":true,"href":"https:\/\/mouldking.store\/hu\/wp-json\/wp\/v2\/product_cat?post=43293"},{"taxonomy":"product_tag","embeddable":true,"href":"https:\/\/mouldking.store\/hu\/wp-json\/wp\/v2\/product_tag?post=43293"}],"curies":[{"name":"wp","href":"https:\/\/api.w.org\/{rel}","templated":true}]}}