{"id":43300,"date":"2023-03-20T11:11:38","date_gmt":"2023-03-20T04:11:38","guid":{"rendered":"https:\/\/mouldking.store\/shop\/yourbricks-20006-starscream-with-680-pieces\/"},"modified":"2023-03-20T11:11:38","modified_gmt":"2023-03-20T04:11:38","slug":"yourbricks-20006-starscream-with-680-pieces","status":"publish","type":"product","link":"https:\/\/mouldking.store\/hu\/shop\/yourbricks-20006-starscream-with-680-pieces\/","title":{"rendered":"YOURBRICKS 20006 Starscream 680 darabbal"},"content":{"rendered":"<div>\u2705 YOURBRICKS 20006 Starscream<br \/>&nbsp;<br \/>\u2705Starscream is a fictional character from the Transformers franchise. He is a Decepticon, which means he is one of the villains in the series, and he often serves as the second-in-command to the Decepticon leader, Megatron.<br \/>&nbsp;<br \/>\ud83d\udeab FONTOS!&nbsp;<br \/>&nbsp;<br \/>Product Name: Starscream<br \/>&nbsp;<br \/>Kateg\u00f3ria: Alkot\u00f3&nbsp;<br \/>&nbsp;<br \/>This Kit Contains: YOURBRICKS 20006<br \/>&nbsp;<br \/>680 pcs Good Quality Bricks&nbsp;<br \/>&nbsp;<br \/>Size: 27cm<br \/>&nbsp;<br \/>K\u00e9zi utas\u00edt\u00e1sok&nbsp;<br \/>&nbsp;<br \/>\ud83d\udcccA f\u0151szerepl\u0151 term\u00e9szete&nbsp;<br \/>&nbsp;<br \/>Introducing our proud collection named \u201cStarscream\u201d you should not miss.&nbsp;<br \/>&nbsp;<br \/>In most versions of the Transformers franchise, Starscream transforms into a jet fighter, and he is known for his cunning and treacherous nature. He is often portrayed as being power-hungry and scheming, and he frequently attempts to overthrow Megatron and take control of the Decepticons for himself.<\/div>","protected":false},"excerpt":{"rendered":"<p>Brand: YOURBRICKS<br \/>\nNem: Uniszex<br \/>\nKoroszt\u00e1ly: &gt; 6 \u00e9v<br \/>\nModel Number: 20006<br \/>\nBesorol\u00e1s: \u00d6sszeszerel\u00e9s<br \/>\nM\u0171anyag blokk forma: \u00f6nz\u00e1r\u00f3 t\u00e9gla<br \/>\nAnyaga: M\u0171anyag<br \/>\nM\u0171anyag t\u00edpus: ABS<br \/>\nBricks Blocks: 680 +<br \/>\nEredeti doboza nincs<\/p>","protected":false},"featured_media":43294,"comment_status":"open","ping_status":"closed","template":"","meta":{"_acf_changed":false},"product_cat":[1365,371],"product_tag":[11072,8452,590,11605,6795],"class_list":["product","first","instock","shipping-taxable","purchasable","product-type-simple"],"acf":[],"_links":{"self":[{"href":"https:\/\/mouldking.store\/hu\/wp-json\/wp\/v2\/product\/43300","targetHints":{"allow":["GET"]}}],"collection":[{"href":"https:\/\/mouldking.store\/hu\/wp-json\/wp\/v2\/product"}],"about":[{"href":"https:\/\/mouldking.store\/hu\/wp-json\/wp\/v2\/types\/product"}],"replies":[{"embeddable":true,"href":"https:\/\/mouldking.store\/hu\/wp-json\/wp\/v2\/comments?post=43300"}],"wp:featuredmedia":[{"embeddable":true,"href":"https:\/\/mouldking.store\/hu\/wp-json\/wp\/v2\/media\/43294"}],"wp:attachment":[{"href":"https:\/\/mouldking.store\/hu\/wp-json\/wp\/v2\/media?parent=43300"}],"wp:term":[{"taxonomy":"product_cat","embeddable":true,"href":"https:\/\/mouldking.store\/hu\/wp-json\/wp\/v2\/product_cat?post=43300"},{"taxonomy":"product_tag","embeddable":true,"href":"https:\/\/mouldking.store\/hu\/wp-json\/wp\/v2\/product_tag?post=43300"}],"curies":[{"name":"wp","href":"https:\/\/api.w.org\/{rel}","templated":true}]}}