{"id":43303,"date":"2023-03-20T11:22:06","date_gmt":"2023-03-20T04:22:06","guid":{"rendered":"https:\/\/mouldking.store\/shop\/pantasy-86303-le-petit-prince-on-the-planet-with-500-pieces\/"},"modified":"2023-03-20T11:22:06","modified_gmt":"2023-03-20T04:22:06","slug":"pantasy-86303-le-petit-prince-on-the-planet-with-500-pieces","status":"publish","type":"product","link":"https:\/\/mouldking.store\/hu\/shop\/pantasy-86303-le-petit-prince-on-the-planet-with-500-pieces\/","title":{"rendered":"Pantasy 86303 Le Petit Prince on The Planet 500 darabbal"},"content":{"rendered":"<div>\u2705 PANTASY 86303 Le Petit Prince On The Planet<br \/>&nbsp;<br \/>\u2705 A &quot;Le Petit Prince&quot; (angolul &quot;A kis herceg&quot;) egy novella, amelyet Antoine de Saint-Exup\u00e9ry francia \u00edr\u00f3 \u00edrt. A t\u00f6rt\u00e9net egy fiatal herceget k\u00f6vet nyomon, aki k\u00fcl\u00f6nb\u00f6z\u0151 bolyg\u00f3kra utazik, bele\u00e9rtve a F\u00f6ldet is, \u00e9s k\u00fcl\u00f6nf\u00e9le feln\u0151ttekkel tal\u00e1lkozik, akik elvesztett\u00e9k k\u00e9pzel\u0151erej\u00fcket \u00e9s csod\u00e1latukat. Feln\u0151ttekkel folytatott besz\u00e9lget\u00e9sei \u00e9s k\u00fcl\u00f6nf\u00e9le \u00e9l\u0151l\u00e9nyekkel val\u00f3 tal\u00e1lkoz\u00e1sa sor\u00e1n a herceg fontos leck\u00e9ket tanul az \u00e9letr\u0151l, a szerelemr\u0151l \u00e9s az emberi kapcsolatok fontoss\u00e1g\u00e1r\u00f3l.<br \/>&nbsp;<br \/>\ud83d\udeab FONTOS!&nbsp;<br \/>&nbsp;<br \/>Product Name: Le Petit Prince On The Planet<br \/>&nbsp;<br \/>Kateg\u00f3ria: Alkot\u00f3&nbsp;<br \/>&nbsp;<br \/>This Kit Contains: PANTASY 86303<br \/>&nbsp;<br \/>500 db j\u00f3 min\u0151s\u00e9g\u0171 t\u00e9gla&nbsp;<br \/>&nbsp;<br \/>Size: 9.9 \u00d7 11.1 \u00d7 18.7 cm<br \/>&nbsp;<br \/>K\u00e9zi utas\u00edt\u00e1sok&nbsp;<br \/>&nbsp;<br \/>\ud83d\udcccA f\u0151szerepl\u0151 term\u00e9szete&nbsp;<br \/>&nbsp;<br \/>Introducing our proud collection named \u201cLe Petit Prince On The Planet\u201d you should not miss.&nbsp;<br \/>&nbsp;<br \/>The novella is known for its beautiful illustrations and its timeless themes, which have made it a beloved classic of French literature. &#8220;Le Petit Prince On The Planet&#8221; may refer to an adaptation or retelling of the original story, perhaps with a specific focus on the prince&#8217;s travels to various planets. There have been numerous adaptations of &#8220;Le Petit Prince&#8221; over the years, including films, stage productions, and even a video game, so it is possible that &#8220;Le Petit Prince On The Planet&#8221; refers to one of these adaptations.<\/div>","protected":false},"excerpt":{"rendered":"<p>M\u00e1rka: Pantasy<br \/>\nNem: Uniszex<br \/>\nKoroszt\u00e1ly: &gt; 6 \u00e9v<br \/>\nModel Number: 86303<br \/>\nBesorol\u00e1s: \u00d6sszeszerel\u00e9s<br \/>\nM\u0171anyag blokk forma: \u00f6nz\u00e1r\u00f3 t\u00e9gla<br \/>\nAnyaga: M\u0171anyag<br \/>\nM\u0171anyag t\u00edpus: ABS<br \/>\nT\u00e9gla T\u00e9gla: 500+<br \/>\nEredeti doboza nincs<\/p>","protected":false},"featured_media":43301,"comment_status":"open","ping_status":"closed","template":"","meta":{"_acf_changed":false},"product_cat":[1365,371],"product_tag":[11072,8452,11606,11356,11607],"class_list":["product","first","instock","shipping-taxable","purchasable","product-type-simple"],"acf":[],"_links":{"self":[{"href":"https:\/\/mouldking.store\/hu\/wp-json\/wp\/v2\/product\/43303","targetHints":{"allow":["GET"]}}],"collection":[{"href":"https:\/\/mouldking.store\/hu\/wp-json\/wp\/v2\/product"}],"about":[{"href":"https:\/\/mouldking.store\/hu\/wp-json\/wp\/v2\/types\/product"}],"replies":[{"embeddable":true,"href":"https:\/\/mouldking.store\/hu\/wp-json\/wp\/v2\/comments?post=43303"}],"wp:featuredmedia":[{"embeddable":true,"href":"https:\/\/mouldking.store\/hu\/wp-json\/wp\/v2\/media\/43301"}],"wp:attachment":[{"href":"https:\/\/mouldking.store\/hu\/wp-json\/wp\/v2\/media?parent=43303"}],"wp:term":[{"taxonomy":"product_cat","embeddable":true,"href":"https:\/\/mouldking.store\/hu\/wp-json\/wp\/v2\/product_cat?post=43303"},{"taxonomy":"product_tag","embeddable":true,"href":"https:\/\/mouldking.store\/hu\/wp-json\/wp\/v2\/product_tag?post=43303"}],"curies":[{"name":"wp","href":"https:\/\/api.w.org\/{rel}","templated":true}]}}