{"id":43309,"date":"2023-03-20T11:33:43","date_gmt":"2023-03-20T04:33:43","guid":{"rendered":"https:\/\/mouldking.store\/shop\/pantasy-86305-le-petit-prince-time-travel-with-500-pieces\/"},"modified":"2023-03-20T11:33:43","modified_gmt":"2023-03-20T04:33:43","slug":"pantasy-86305-le-petit-prince-time-travel-with-500-pieces","status":"publish","type":"product","link":"https:\/\/mouldking.store\/hu\/shop\/pantasy-86305-le-petit-prince-time-travel-with-500-pieces\/","title":{"rendered":"Pantasy 86305 Le Petit Prince id\u0151utaz\u00e1s 500 darabbal"},"content":{"rendered":"<div>\u2705 PANTASY 86305 Le Petit Prince Time Travel<br \/>&nbsp;<br \/>\u2705 A &quot;Le Petit Prince&quot; (angolul &quot;A kis herceg&quot;) egy novella, amelyet Antoine de Saint-Exup\u00e9ry francia \u00edr\u00f3 \u00edrt. A t\u00f6rt\u00e9net egy fiatal herceget k\u00f6vet nyomon, aki k\u00fcl\u00f6nb\u00f6z\u0151 bolyg\u00f3kra utazik, bele\u00e9rtve a F\u00f6ldet is, \u00e9s k\u00fcl\u00f6nf\u00e9le feln\u0151ttekkel tal\u00e1lkozik, akik elvesztett\u00e9k k\u00e9pzel\u0151erej\u00fcket \u00e9s csod\u00e1latukat. Feln\u0151ttekkel folytatott besz\u00e9lget\u00e9sei \u00e9s k\u00fcl\u00f6nf\u00e9le \u00e9l\u0151l\u00e9nyekkel val\u00f3 tal\u00e1lkoz\u00e1sa sor\u00e1n a herceg fontos leck\u00e9ket tanul az \u00e9letr\u0151l, a szerelemr\u0151l \u00e9s az emberi kapcsolatok fontoss\u00e1g\u00e1r\u00f3l.<br \/>&nbsp;<br \/>\ud83d\udeab FONTOS!&nbsp;<br \/>&nbsp;<br \/>Term\u00e9k neve: Le Petit Prince Time Travel<br \/>&nbsp;<br \/>Kateg\u00f3ria: Alkot\u00f3&nbsp;<br \/>&nbsp;<br \/>A k\u00e9szlet tartalma: PANTASY 86305&nbsp;<br \/>&nbsp;<br \/>500 db j\u00f3 min\u0151s\u00e9g\u0171 t\u00e9gla&nbsp;<br \/>&nbsp;<br \/>M\u00e9rete: 9,9 \u00d7 11,1 \u00d7 18,7 cm<br \/>&nbsp;<br \/>K\u00e9zi utas\u00edt\u00e1sok&nbsp;<br \/>&nbsp;<br \/>\ud83d\udcccA f\u0151szerepl\u0151 term\u00e9szete&nbsp;<br \/>&nbsp;<br \/>Bemutatjuk a \u201eLe Petit Prince Time Travel\u201d nev\u0171 b\u00fcszke kollekci\u00f3nkat, amit nem szabad kihagyni.&nbsp;<br \/>&nbsp;<br \/>A \u201eLe Petit Prince: The Journey\u201d utalhat Antoine de Saint-Exup\u00e9ry eredeti \u201eLe kis herceg\u201d t\u00f6rt\u00e9net\u00e9nek adapt\u00e1ci\u00f3j\u00e1ra vagy \u00fajramond\u00e1s\u00e1ra is. A \u201eLe Petit Prince On The Planet\u201d-hez hasonl\u00f3an lehets\u00e9ges, hogy a \u201eLe Petit Prince: The Journey\u201d is egy speci\u00e1lis adapt\u00e1ci\u00f3, amely a herceg utaz\u00e1s\u00e1ra \u00e9s az \u00fatk\u00f6zben tanult leck\u00e9kre \u00f6sszpontos\u00edt.<\/div>","protected":false},"excerpt":{"rendered":"<p>M\u00e1rka: Pantasy<br \/>\nNem: Uniszex<br \/>\nKoroszt\u00e1ly: &gt; 6 \u00e9v<br \/>\nModellsz\u00e1m: 86305<br \/>\nBesorol\u00e1s: \u00d6sszeszerel\u00e9s<br \/>\nM\u0171anyag blokk forma: \u00f6nz\u00e1r\u00f3 t\u00e9gla<br \/>\nAnyaga: M\u0171anyag<br \/>\nM\u0171anyag t\u00edpus: ABS<br \/>\nT\u00e9gla T\u00e9gla: 500+<br \/>\nEredeti doboza nincs<\/p>","protected":false},"featured_media":43307,"comment_status":"open","ping_status":"closed","template":"","meta":{"_acf_changed":false},"product_cat":[1365,371],"product_tag":[11072,8452,11606,11607,6290,11609],"class_list":["product","first","instock","shipping-taxable","purchasable","product-type-simple"],"acf":[],"_links":{"self":[{"href":"https:\/\/mouldking.store\/hu\/wp-json\/wp\/v2\/product\/43309","targetHints":{"allow":["GET"]}}],"collection":[{"href":"https:\/\/mouldking.store\/hu\/wp-json\/wp\/v2\/product"}],"about":[{"href":"https:\/\/mouldking.store\/hu\/wp-json\/wp\/v2\/types\/product"}],"replies":[{"embeddable":true,"href":"https:\/\/mouldking.store\/hu\/wp-json\/wp\/v2\/comments?post=43309"}],"wp:featuredmedia":[{"embeddable":true,"href":"https:\/\/mouldking.store\/hu\/wp-json\/wp\/v2\/media\/43307"}],"wp:attachment":[{"href":"https:\/\/mouldking.store\/hu\/wp-json\/wp\/v2\/media?parent=43309"}],"wp:term":[{"taxonomy":"product_cat","embeddable":true,"href":"https:\/\/mouldking.store\/hu\/wp-json\/wp\/v2\/product_cat?post=43309"},{"taxonomy":"product_tag","embeddable":true,"href":"https:\/\/mouldking.store\/hu\/wp-json\/wp\/v2\/product_tag?post=43309"}],"curies":[{"name":"wp","href":"https:\/\/api.w.org\/{rel}","templated":true}]}}