{"id":43317,"date":"2023-03-20T11:46:54","date_gmt":"2023-03-20T04:46:54","guid":{"rendered":"https:\/\/mouldking.store\/shop\/toptoy-1803-kuromi-with-1000-pieces\/"},"modified":"2023-03-20T11:46:54","modified_gmt":"2023-03-20T04:46:54","slug":"toptoy-1803-kuromi-with-1000-pieces","status":"publish","type":"product","link":"https:\/\/mouldking.store\/hu\/shop\/toptoy-1803-kuromi-with-1000-pieces\/","title":{"rendered":"TOPTOY 1803 Kuromi 1000 darabbal"},"content":{"rendered":"<div>\u2705 TOPTOY 1803 Kuromi<br \/>&nbsp;<br \/>\u2705Kuromi is a fictional character created by the Japanese company Sanrio, which is best known for creating the popular character Hello Kitty. Kuromi was first introduced in 2005 as a rival character to Hello Kitty and has since become a popular character in her own right.<br \/>&nbsp;<br \/>\ud83d\udeab FONTOS!&nbsp;<br \/>&nbsp;<br \/>Product Name: Kuromi<br \/>&nbsp;<br \/>Kateg\u00f3ria: Alkot\u00f3&nbsp;<br \/>&nbsp;<br \/>This kit contains: TOPTOY 1803<br \/>&nbsp;<br \/>1000 pcs Good Quality Bricks&nbsp;<br \/>&nbsp;<br \/>Size: 24.5 \u00d7 16 \u00d7 31 cm<br \/>&nbsp;<br \/>K\u00e9zi utas\u00edt\u00e1sok&nbsp;<br \/>&nbsp;<br \/>\ud83d\udcccA f\u0151szerepl\u0151 term\u00e9szete&nbsp;<br \/>&nbsp;<br \/>Introducing our proud collection named \u201cKuromi\u201d you should not miss.&nbsp;<br \/>&nbsp;<br \/>Kuromi is a mischievous and edgy character with a gothic-inspired look, including black and purple clothing, a black rabbit ear hood, and a skull and crossbones motif. She is often depicted with a devilish grin and has a sarcastic and somewhat rebellious personality.<\/div>","protected":false},"excerpt":{"rendered":"<p>Brand: TOPTOY<br \/>\nNem: Uniszex<br \/>\nAge Range: &gt; 15 years old<br \/>\nModel Number: 1803<br \/>\nBesorol\u00e1s: \u00d6sszeszerel\u00e9s<br \/>\nM\u0171anyag blokk forma: \u00f6nz\u00e1r\u00f3 t\u00e9gla<br \/>\nAnyaga: M\u0171anyag<br \/>\nM\u0171anyag t\u00edpus: ABS<br \/>\nBricks Blocks: 1000 +<br \/>\nEredeti doboza nincs<\/p>","protected":false},"featured_media":43310,"comment_status":"open","ping_status":"closed","template":"","meta":{"_acf_changed":false},"product_cat":[1365,371],"product_tag":[11072,8452,11610,11611],"class_list":["product","first","instock","shipping-taxable","purchasable","product-type-simple"],"acf":[],"_links":{"self":[{"href":"https:\/\/mouldking.store\/hu\/wp-json\/wp\/v2\/product\/43317","targetHints":{"allow":["GET"]}}],"collection":[{"href":"https:\/\/mouldking.store\/hu\/wp-json\/wp\/v2\/product"}],"about":[{"href":"https:\/\/mouldking.store\/hu\/wp-json\/wp\/v2\/types\/product"}],"replies":[{"embeddable":true,"href":"https:\/\/mouldking.store\/hu\/wp-json\/wp\/v2\/comments?post=43317"}],"wp:featuredmedia":[{"embeddable":true,"href":"https:\/\/mouldking.store\/hu\/wp-json\/wp\/v2\/media\/43310"}],"wp:attachment":[{"href":"https:\/\/mouldking.store\/hu\/wp-json\/wp\/v2\/media?parent=43317"}],"wp:term":[{"taxonomy":"product_cat","embeddable":true,"href":"https:\/\/mouldking.store\/hu\/wp-json\/wp\/v2\/product_cat?post=43317"},{"taxonomy":"product_tag","embeddable":true,"href":"https:\/\/mouldking.store\/hu\/wp-json\/wp\/v2\/product_tag?post=43317"}],"curies":[{"name":"wp","href":"https:\/\/api.w.org\/{rel}","templated":true}]}}