{"id":43330,"date":"2023-03-22T10:21:57","date_gmt":"2023-03-22T03:21:57","guid":{"rendered":"https:\/\/mouldking.store\/shop\/rastar-93500-maserati-mc20-nettuno-sports-car-with-3400-pieces\/"},"modified":"2023-03-22T10:21:57","modified_gmt":"2023-03-22T03:21:57","slug":"rastar-93500-maserati-mc20-nettuno-sports-car-with-3400-pieces","status":"publish","type":"product","link":"https:\/\/mouldking.store\/hu\/shop\/rastar-93500-maserati-mc20-nettuno-sports-car-with-3400-pieces\/","title":{"rendered":"Rastar 93500 Maserati MC20 Nettuno Sports Car with 3400 Pieces"},"content":{"rendered":"<div>\u2705 RASTAR 93500 Maserati MC20 Nettuno Sports Car&nbsp;<br \/>&nbsp;<br \/>\u2705The Maserati MC20 Nettuno is a high-performance sports car produced by the Italian automaker Maserati. It was unveiled in September 2020 as the brand&#8217;s first supercar in more than a decade. The MC20 is powered by a new 3.0-liter twin-turbocharged V6 engine, called the Nettuno, which was developed entirely in-house by Maserati. The engine produces 621 horsepower and 538 pound-feet of torque, and it is paired with an eight-speed dual-clutch automatic transmission.<br \/>&nbsp;<br \/>\ud83d\udeab FONTOS!&nbsp;<br \/>&nbsp;<br \/>Product Name: Maserati MC20 Nettuno Sports Car&nbsp;<br \/>&nbsp;<br \/>Kateg\u00f3ria: M\u0171szaki<br \/>&nbsp;<br \/>This Kit Contains: RASTAR 93500<br \/>&nbsp;<br \/>3400 db j\u00f3 min\u0151s\u00e9g\u0171 t\u00e9gla&nbsp;<br \/>&nbsp;<br \/>M\u00e9ret: 58,5 \u00d7 28,1 \u00d7 15,4 cm<br \/>&nbsp;<br \/>K\u00e9zi utas\u00edt\u00e1sok&nbsp;<br \/>&nbsp;<br \/>\ud83d\udcccA f\u0151szerepl\u0151 term\u00e9szete&nbsp;<br \/>&nbsp;<br \/>Introducing our proud collection named \u201cMaserati MC20 Nettuno Sports Car \u201d you should not miss.&nbsp;<br \/>&nbsp;<br \/>The MC20 has a sleek and aerodynamic design, with a low, wide stance and a sharp front end. It also features advanced technologies such as active aerodynamics, a fully digital instrument cluster, and a sophisticated suspension system. The car is capable of accelerating from 0 to 60 miles per hour in less than three seconds and has a top speed of over 200 miles per hour.<\/div>","protected":false},"excerpt":{"rendered":"<p>M\u00e1rka: Rastar<br \/>\nNem: Uniszex<br \/>\nKorhat\u00e1r: 14 \u00e9v felett<br \/>\nModel Number: 93500<br \/>\nBesorol\u00e1s: \u00d6sszeszerel\u00e9s<br \/>\nM\u0171anyag blokk forma: \u00f6nz\u00e1r\u00f3 t\u00e9gla<br \/>\nAnyaga: M\u0171anyag<br \/>\nM\u0171anyag t\u00edpus: ABS<br \/>\nT\u00e9gl\u00e1k Blokkok: 3400+<br \/>\nCsak be\u00e1ll\u00edtva<br \/>\nDynamic version<br \/>\nEredeti doboz n\u00e9lk\u00fcl<\/p>","protected":false},"featured_media":43325,"comment_status":"open","ping_status":"closed","template":"","meta":{"_acf_changed":false},"product_cat":[1360,1357,364],"product_tag":[457,11612,11613,11614,11150,389,11080],"class_list":["product","first","instock","shipping-taxable","purchasable","product-type-simple"],"acf":[],"_links":{"self":[{"href":"https:\/\/mouldking.store\/hu\/wp-json\/wp\/v2\/product\/43330","targetHints":{"allow":["GET"]}}],"collection":[{"href":"https:\/\/mouldking.store\/hu\/wp-json\/wp\/v2\/product"}],"about":[{"href":"https:\/\/mouldking.store\/hu\/wp-json\/wp\/v2\/types\/product"}],"replies":[{"embeddable":true,"href":"https:\/\/mouldking.store\/hu\/wp-json\/wp\/v2\/comments?post=43330"}],"wp:featuredmedia":[{"embeddable":true,"href":"https:\/\/mouldking.store\/hu\/wp-json\/wp\/v2\/media\/43325"}],"wp:attachment":[{"href":"https:\/\/mouldking.store\/hu\/wp-json\/wp\/v2\/media?parent=43330"}],"wp:term":[{"taxonomy":"product_cat","embeddable":true,"href":"https:\/\/mouldking.store\/hu\/wp-json\/wp\/v2\/product_cat?post=43330"},{"taxonomy":"product_tag","embeddable":true,"href":"https:\/\/mouldking.store\/hu\/wp-json\/wp\/v2\/product_tag?post=43330"}],"curies":[{"name":"wp","href":"https:\/\/api.w.org\/{rel}","templated":true}]}}